{"id":2193,"date":"2026-03-12T14:56:37","date_gmt":"2026-03-12T14:56:37","guid":{"rendered":"https:\/\/rwe.dk\/om-oss\/"},"modified":"2026-03-24T14:41:01","modified_gmt":"2026-03-24T14:41:01","slug":"om-oss","status":"publish","type":"page","link":"https:\/\/rwe.dk\/sv\/om-oss\/","title":{"rendered":"Om oss"},"content":{"rendered":"\t\t<div data-elementor-type=\"wp-page\" data-elementor-id=\"2193\" class=\"elementor elementor-2193 elementor-561\" data-elementor-post-type=\"page\">\n\t\t\t\t<div class=\"elementor-element elementor-element-2b6e890c e-con-full e-flex e-con e-parent\" data-id=\"2b6e890c\" data-element_type=\"container\" data-e-type=\"container\" data-settings=\"{&quot;background_background&quot;:&quot;classic&quot;}\">\n\t\t<div class=\"elementor-element elementor-element-68947eca e-grid e-con-boxed e-con e-child\" data-id=\"68947eca\" data-element_type=\"container\" data-e-type=\"container\">\n\t\t\t\t\t<div class=\"e-con-inner\">\n\t\t<div class=\"elementor-element elementor-element-4dc7d3a4 e-con-full e-flex e-con e-child\" data-id=\"4dc7d3a4\" data-element_type=\"container\" data-e-type=\"container\">\n\t\t\t\t<div class=\"elementor-element elementor-element-4e6dcda elementor-widget elementor-widget-heading\" data-id=\"4e6dcda\" data-element_type=\"widget\" data-e-type=\"widget\" data-widget_type=\"heading.default\">\n\t\t\t\t\t<h4 class=\"elementor-heading-title elementor-size-default\">Om oss<\/h4>\t\t\t\t<\/div>\n\t\t\t\t<div class=\"elementor-element elementor-element-4398da58 elementor-widget elementor-widget-spacer\" data-id=\"4398da58\" data-element_type=\"widget\" data-e-type=\"widget\" data-widget_type=\"spacer.default\">\n\t\t\t\t\t\t\t<div class=\"elementor-spacer\">\n\t\t\t<div class=\"elementor-spacer-inner\"><\/div>\n\t\t<\/div>\n\t\t\t\t\t\t<\/div>\n\t\t\t\t<div class=\"elementor-element elementor-element-7578790f elementor-widget elementor-widget-heading\" data-id=\"7578790f\" data-element_type=\"widget\" data-e-type=\"widget\" data-widget_type=\"heading.default\">\n\t\t\t\t\t<h1 class=\"elementor-heading-title elementor-size-default\">Dedikerade specialister inom s\u00e4kerhetsteknik<\/h1>\t\t\t\t<\/div>\n\t\t\t\t<div class=\"elementor-element elementor-element-8d3640 elementor-widget elementor-widget-spacer\" data-id=\"8d3640\" data-element_type=\"widget\" data-e-type=\"widget\" data-widget_type=\"spacer.default\">\n\t\t\t\t\t\t\t<div class=\"elementor-spacer\">\n\t\t\t<div class=\"elementor-spacer-inner\"><\/div>\n\t\t<\/div>\n\t\t\t\t\t\t<\/div>\n\t\t\t\t<div class=\"elementor-element elementor-element-4d1be61 elementor-widget elementor-widget-text-editor\" data-id=\"4d1be61\" data-element_type=\"widget\" data-e-type=\"widget\" data-widget_type=\"text-editor.default\">\n\t\t\t\t\t\t\t\t\t<p>Vi \u00e4r specialister p\u00e5 intelligent och tillf\u00f6rlitlig s\u00e4kerhetsteknik som st\u00f6djer en effektiv och gr\u00f6n j\u00e4rnv\u00e4gsdrift.<\/p>\t\t\t\t\t\t\t\t<\/div>\n\t\t\t\t<div class=\"elementor-element elementor-element-7d4ec2d7 elementor-widget elementor-widget-spacer\" data-id=\"7d4ec2d7\" data-element_type=\"widget\" data-e-type=\"widget\" data-widget_type=\"spacer.default\">\n\t\t\t\t\t\t\t<div class=\"elementor-spacer\">\n\t\t\t<div class=\"elementor-spacer-inner\"><\/div>\n\t\t<\/div>\n\t\t\t\t\t\t<\/div>\n\t\t<div class=\"elementor-element elementor-element-61e69d9 e-con-full e-flex e-con e-child\" data-id=\"61e69d9\" data-element_type=\"container\" data-e-type=\"container\">\n\t\t\t\t<div class=\"elementor-element elementor-element-0232aa0 elementor-widget elementor-widget-button\" data-id=\"0232aa0\" data-element_type=\"widget\" data-e-type=\"widget\" data-widget_type=\"button.default\">\n\t\t\t\t\t\t\t\t\t\t<a class=\"elementor-button elementor-button-link elementor-size-sm\" href=\"https:\/\/rwe.dk\/om-os\/medarbejdere\/\">\n\t\t\t\t\t\t<span class=\"elementor-button-content-wrapper\">\n\t\t\t\t\t\t\t\t\t<span class=\"elementor-button-text\">Medarbetare<\/span>\n\t\t\t\t\t<\/span>\n\t\t\t\t\t<\/a>\n\t\t\t\t\t\t\t\t<\/div>\n\t\t\t\t<div class=\"elementor-element elementor-element-7f9431b elementor-widget elementor-widget-button\" data-id=\"7f9431b\" data-element_type=\"widget\" data-e-type=\"widget\" data-widget_type=\"button.default\">\n\t\t\t\t\t\t\t\t\t\t<a class=\"elementor-button elementor-button-link elementor-size-sm\" href=\"https:\/\/rwe.dk\/om-os\/job-og-karriere\/\">\n\t\t\t\t\t\t<span class=\"elementor-button-content-wrapper\">\n\t\t\t\t\t\t\t\t\t<span class=\"elementor-button-text\">Jobb och karri\u00e4r<\/span>\n\t\t\t\t\t<\/span>\n\t\t\t\t\t<\/a>\n\t\t\t\t\t\t\t\t<\/div>\n\t\t\t\t<\/div>\n\t\t\t\t<\/div>\n\t\t\t\t<div class=\"elementor-element elementor-element-63424180 elementor-widget elementor-widget-image\" data-id=\"63424180\" data-element_type=\"widget\" data-e-type=\"widget\" data-widget_type=\"image.default\">\n\t\t\t\t\t\t\t\t\t\t\t\t\t\t\t<img fetchpriority=\"high\" decoding=\"async\" width=\"1200\" height=\"1200\" src=\"https:\/\/rwe.dk\/wp-content\/uploads\/2026\/03\/iStock-636813388.webp\" class=\"attachment-full size-full wp-image-2178\" alt=\"\" srcset=\"https:\/\/rwe.dk\/wp-content\/uploads\/2026\/03\/iStock-636813388.webp 1200w, https:\/\/rwe.dk\/wp-content\/uploads\/2026\/03\/iStock-636813388-300x300.webp 300w, https:\/\/rwe.dk\/wp-content\/uploads\/2026\/03\/iStock-636813388-1024x1024.webp 1024w, https:\/\/rwe.dk\/wp-content\/uploads\/2026\/03\/iStock-636813388-150x150.webp 150w, https:\/\/rwe.dk\/wp-content\/uploads\/2026\/03\/iStock-636813388-768x768.webp 768w\" sizes=\"(max-width: 1200px) 100vw, 1200px\" \/>\t\t\t\t\t\t\t\t\t\t\t\t\t\t\t<\/div>\n\t\t\t\t\t<\/div>\n\t\t\t\t<\/div>\n\t\t\t\t<\/div>\n\t\t<div class=\"elementor-element elementor-element-f3c3ec9 e-con-full e-flex e-con e-parent\" data-id=\"f3c3ec9\" data-element_type=\"container\" data-e-type=\"container\" data-settings=\"{&quot;background_background&quot;:&quot;classic&quot;}\">\n\t\t<div class=\"elementor-element elementor-element-2409028 e-grid e-con-boxed e-con e-child\" data-id=\"2409028\" data-element_type=\"container\" data-e-type=\"container\">\n\t\t\t\t\t<div class=\"e-con-inner\">\n\t\t<div class=\"elementor-element elementor-element-cf22104 e-con-full e-flex e-con e-child\" data-id=\"cf22104\" data-element_type=\"container\" data-e-type=\"container\">\n\t\t\t\t<div class=\"elementor-element elementor-element-ba22aba elementor-widget elementor-widget-heading\" data-id=\"ba22aba\" data-element_type=\"widget\" data-e-type=\"widget\" data-widget_type=\"heading.default\">\n\t\t\t\t\t<h2 class=\"elementor-heading-title elementor-size-default\">Vi s\u00e4krar j\u00e4rnv\u00e4gen<\/h2>\t\t\t\t<\/div>\n\t\t\t\t<div class=\"elementor-element elementor-element-a5d12b8 elementor-widget elementor-widget-spacer\" data-id=\"a5d12b8\" data-element_type=\"widget\" data-e-type=\"widget\" data-widget_type=\"spacer.default\">\n\t\t\t\t\t\t\t<div class=\"elementor-spacer\">\n\t\t\t<div class=\"elementor-spacer-inner\"><\/div>\n\t\t<\/div>\n\t\t\t\t\t\t<\/div>\n\t\t\t\t<\/div>\n\t\t<div class=\"elementor-element elementor-element-6c9278b e-con-full e-flex e-con e-child\" data-id=\"6c9278b\" data-element_type=\"container\" data-e-type=\"container\">\n\t\t\t\t<div class=\"elementor-element elementor-element-14db162 elementor-widget elementor-widget-text-editor\" data-id=\"14db162\" data-element_type=\"widget\" data-e-type=\"widget\" data-widget_type=\"text-editor.default\">\n\t\t\t\t\t\t\t\t\t<p>Tillsammans med v\u00e5ra kunder bidrar vi till en mer effektiv och h\u00e5llbar j\u00e4rnv\u00e4g. Vi levererar l\u00f6sningar som matchar krav och behov \u2013 i tid och till r\u00e4tt pris. Med fokus p\u00e5 innovation, integration och \u00e5teranv\u00e4ndning av befintlig utrustning skapar vi flexibla och ekonomiskt h\u00e5llbara l\u00f6sningar som st\u00f6djer en gr\u00f6n omst\u00e4llning av j\u00e4rnv\u00e4gsinfrastrukturen. Vi levererar s\u00e4kerhet p\u00e5 allra h\u00f6gsta niv\u00e5, och s\u00e4kerhet \u00e4r integrerat i allt vi g\u00f6r \u2013 i v\u00e5ra processer, v\u00e5r kultur och v\u00e5rt samarbete.<\/p>\t\t\t\t\t\t\t\t<\/div>\n\t\t\t\t<div class=\"elementor-element elementor-element-b32b43e elementor-widget elementor-widget-spacer\" data-id=\"b32b43e\" data-element_type=\"widget\" data-e-type=\"widget\" data-widget_type=\"spacer.default\">\n\t\t\t\t\t\t\t<div class=\"elementor-spacer\">\n\t\t\t<div class=\"elementor-spacer-inner\"><\/div>\n\t\t<\/div>\n\t\t\t\t\t\t<\/div>\n\t\t\t\t<\/div>\n\t\t\t\t\t<\/div>\n\t\t\t\t<\/div>\n\t\t\t\t<\/div>\n\t\t<div class=\"elementor-element elementor-element-524217a e-con-full e-flex e-con e-parent\" data-id=\"524217a\" data-element_type=\"container\" data-e-type=\"container\" data-settings=\"{&quot;background_background&quot;:&quot;classic&quot;}\">\n\t\t<div class=\"elementor-element elementor-element-67b2162 e-grid e-con-boxed e-con e-child\" data-id=\"67b2162\" data-element_type=\"container\" data-e-type=\"container\">\n\t\t\t\t\t<div class=\"e-con-inner\">\n\t\t<div class=\"elementor-element elementor-element-82b7288 e-con-full e-flex e-con e-child\" data-id=\"82b7288\" data-element_type=\"container\" data-e-type=\"container\">\n\t\t\t\t<div class=\"elementor-element elementor-element-12ce020 elementor-widget-divider--view-line elementor-widget elementor-widget-divider\" data-id=\"12ce020\" data-element_type=\"widget\" data-e-type=\"widget\" data-widget_type=\"divider.default\">\n\t\t\t\t\t\t\t<div class=\"elementor-divider\">\n\t\t\t<span class=\"elementor-divider-separator\">\n\t\t\t\t\t\t<\/span>\n\t\t<\/div>\n\t\t\t\t\t\t<\/div>\n\t\t\t\t<\/div>\n\t\t\t\t\t<\/div>\n\t\t\t\t<\/div>\n\t\t\t\t<\/div>\n\t\t<div class=\"elementor-element elementor-element-f20ee07 e-con-full e-flex e-con e-parent\" data-id=\"f20ee07\" data-element_type=\"container\" data-e-type=\"container\" data-settings=\"{&quot;background_background&quot;:&quot;classic&quot;}\">\n\t\t<div class=\"elementor-element elementor-element-861fc36 e-grid e-con-boxed e-con e-child\" data-id=\"861fc36\" data-element_type=\"container\" data-e-type=\"container\">\n\t\t\t\t\t<div class=\"e-con-inner\">\n\t\t<div class=\"elementor-element elementor-element-b7952d5 e-con-full e-flex e-con e-child\" data-id=\"b7952d5\" data-element_type=\"container\" data-e-type=\"container\">\n\t\t\t\t<div class=\"elementor-element elementor-element-494bd9a elementor-widget elementor-widget-heading\" data-id=\"494bd9a\" data-element_type=\"widget\" data-e-type=\"widget\" data-widget_type=\"heading.default\">\n\t\t\t\t\t<h2 class=\"elementor-heading-title elementor-size-default\">Dialog och samarbete<\/h2>\t\t\t\t<\/div>\n\t\t\t\t<div class=\"elementor-element elementor-element-effa9cb elementor-widget elementor-widget-spacer\" data-id=\"effa9cb\" data-element_type=\"widget\" data-e-type=\"widget\" data-widget_type=\"spacer.default\">\n\t\t\t\t\t\t\t<div class=\"elementor-spacer\">\n\t\t\t<div class=\"elementor-spacer-inner\"><\/div>\n\t\t<\/div>\n\t\t\t\t\t\t<\/div>\n\t\t\t\t<\/div>\n\t\t<div class=\"elementor-element elementor-element-29ba234 e-con-full e-flex e-con e-child\" data-id=\"29ba234\" data-element_type=\"container\" data-e-type=\"container\">\n\t\t\t\t<div class=\"elementor-element elementor-element-edf201f elementor-widget elementor-widget-text-editor\" data-id=\"edf201f\" data-element_type=\"widget\" data-e-type=\"widget\" data-widget_type=\"text-editor.default\">\n\t\t\t\t\t\t\t\t\t<p>Ett starkt samarbete \u00e4r nyckeln till l\u00f6sningar som balanserar s\u00e4kerhet, drift och ekonomi. Som kund kan ni f\u00f6rv\u00e4nta er att vi lyssnar, ger r\u00e5d och f\u00f6ljer ert projekt n\u00e4ra fr\u00e5n start till m\u00e5l. Vi v\u00e4rdes\u00e4tter en \u00f6ppen dialog och ett n\u00e4ra erfarenhetsutbyte genom alla faser.<\/p>\t\t\t\t\t\t\t\t<\/div>\n\t\t\t\t<div class=\"elementor-element elementor-element-d1b9ca1 elementor-widget elementor-widget-spacer\" data-id=\"d1b9ca1\" data-element_type=\"widget\" data-e-type=\"widget\" data-widget_type=\"spacer.default\">\n\t\t\t\t\t\t\t<div class=\"elementor-spacer\">\n\t\t\t<div class=\"elementor-spacer-inner\"><\/div>\n\t\t<\/div>\n\t\t\t\t\t\t<\/div>\n\t\t\t\t<\/div>\n\t\t\t\t\t<\/div>\n\t\t\t\t<\/div>\n\t\t\t\t<\/div>\n\t\t<div class=\"elementor-element elementor-element-df539c1 e-con-full e-flex e-con e-parent\" data-id=\"df539c1\" data-element_type=\"container\" data-e-type=\"container\" data-settings=\"{&quot;background_background&quot;:&quot;classic&quot;}\">\n\t\t<div class=\"elementor-element elementor-element-75577b8 e-grid e-con-boxed e-con e-child\" data-id=\"75577b8\" data-element_type=\"container\" data-e-type=\"container\">\n\t\t\t\t\t<div class=\"e-con-inner\">\n\t\t<div class=\"elementor-element elementor-element-0c646d3 e-con-full e-flex e-con e-child\" data-id=\"0c646d3\" data-element_type=\"container\" data-e-type=\"container\">\n\t\t\t\t<div class=\"elementor-element elementor-element-d0c0077 elementor-widget-divider--view-line elementor-widget elementor-widget-divider\" data-id=\"d0c0077\" data-element_type=\"widget\" data-e-type=\"widget\" data-widget_type=\"divider.default\">\n\t\t\t\t\t\t\t<div class=\"elementor-divider\">\n\t\t\t<span class=\"elementor-divider-separator\">\n\t\t\t\t\t\t<\/span>\n\t\t<\/div>\n\t\t\t\t\t\t<\/div>\n\t\t\t\t<\/div>\n\t\t\t\t\t<\/div>\n\t\t\t\t<\/div>\n\t\t\t\t<\/div>\n\t\t<div class=\"elementor-element elementor-element-376b69a e-con-full e-flex e-con e-parent\" data-id=\"376b69a\" data-element_type=\"container\" data-e-type=\"container\" data-settings=\"{&quot;background_background&quot;:&quot;classic&quot;}\">\n\t\t<div class=\"elementor-element elementor-element-8df2099 e-grid e-con-boxed e-con e-child\" data-id=\"8df2099\" data-element_type=\"container\" data-e-type=\"container\">\n\t\t\t\t\t<div class=\"e-con-inner\">\n\t\t<div class=\"elementor-element elementor-element-d26a130 e-con-full e-flex e-con e-child\" data-id=\"d26a130\" data-element_type=\"container\" data-e-type=\"container\">\n\t\t\t\t<div class=\"elementor-element elementor-element-4930566 elementor-widget elementor-widget-heading\" data-id=\"4930566\" data-element_type=\"widget\" data-e-type=\"widget\" data-widget_type=\"heading.default\">\n\t\t\t\t\t<h2 class=\"elementor-heading-title elementor-size-default\">Vi levererar \u201dkloka h\u00e4nder\u201d<\/h2>\t\t\t\t<\/div>\n\t\t\t\t<div class=\"elementor-element elementor-element-485c1d4 elementor-widget elementor-widget-spacer\" data-id=\"485c1d4\" data-element_type=\"widget\" data-e-type=\"widget\" data-widget_type=\"spacer.default\">\n\t\t\t\t\t\t\t<div class=\"elementor-spacer\">\n\t\t\t<div class=\"elementor-spacer-inner\"><\/div>\n\t\t<\/div>\n\t\t\t\t\t\t<\/div>\n\t\t\t\t<\/div>\n\t\t<div class=\"elementor-element elementor-element-35c192a e-con-full e-flex e-con e-child\" data-id=\"35c192a\" data-element_type=\"container\" data-e-type=\"container\">\n\t\t\t\t<div class=\"elementor-element elementor-element-bbe0239 elementor-widget elementor-widget-text-editor\" data-id=\"bbe0239\" data-element_type=\"widget\" data-e-type=\"widget\" data-widget_type=\"text-editor.default\">\n\t\t\t\t\t\t\t\t\t<p>Vi \u00e4r b\u00e5de r\u00e5dgivare och praktiker \u2013 utvecklare, projektledare och tekniker \u2013 som projekterar, implementerar och supportar b\u00e5de stora och sm\u00e5 s\u00e4kerhetsl\u00f6sningar i Norden. V\u00e5ra medarbetare har den erfarenhet, utbildning och tekniska insikt som kr\u00e4vs f\u00f6r att leva upp till j\u00e4rnv\u00e4gens h\u00f6ga standarder.<\/p>\t\t\t\t\t\t\t\t<\/div>\n\t\t\t\t<div class=\"elementor-element elementor-element-745c3a5 elementor-widget elementor-widget-spacer\" data-id=\"745c3a5\" data-element_type=\"widget\" data-e-type=\"widget\" data-widget_type=\"spacer.default\">\n\t\t\t\t\t\t\t<div class=\"elementor-spacer\">\n\t\t\t<div class=\"elementor-spacer-inner\"><\/div>\n\t\t<\/div>\n\t\t\t\t\t\t<\/div>\n\t\t\t\t<\/div>\n\t\t\t\t\t<\/div>\n\t\t\t\t<\/div>\n\t\t\t\t<\/div>\n\t\t<div class=\"elementor-element elementor-element-7f3365bb e-grid e-con-boxed e-con e-parent\" data-id=\"7f3365bb\" data-element_type=\"container\" data-e-type=\"container\" data-settings=\"{&quot;background_background&quot;:&quot;classic&quot;}\">\n\t\t\t\t\t<div class=\"e-con-inner\">\n\t\t<div class=\"elementor-element elementor-element-5143eb4a e-grid e-con-boxed e-con e-child\" data-id=\"5143eb4a\" data-element_type=\"container\" data-e-type=\"container\" data-settings=\"{&quot;background_background&quot;:&quot;classic&quot;}\">\n\t\t\t\t\t<div class=\"e-con-inner\">\n\t\t\t\t<div class=\"elementor-element elementor-element-fd60acb elementor-widget elementor-widget-image\" data-id=\"fd60acb\" data-element_type=\"widget\" data-e-type=\"widget\" data-widget_type=\"image.default\">\n\t\t\t\t\t\t\t\t\t\t\t\t\t\t\t<img decoding=\"async\" width=\"1200\" height=\"1200\" src=\"https:\/\/rwe.dk\/wp-content\/uploads\/2026\/03\/philip-myrtorp-EAJEvNkuZjQ-unsplash-1.webp\" class=\"attachment-full size-full wp-image-1216\" alt=\"\" srcset=\"https:\/\/rwe.dk\/wp-content\/uploads\/2026\/03\/philip-myrtorp-EAJEvNkuZjQ-unsplash-1.webp 1200w, https:\/\/rwe.dk\/wp-content\/uploads\/2026\/03\/philip-myrtorp-EAJEvNkuZjQ-unsplash-1-300x300.webp 300w, https:\/\/rwe.dk\/wp-content\/uploads\/2026\/03\/philip-myrtorp-EAJEvNkuZjQ-unsplash-1-1024x1024.webp 1024w, https:\/\/rwe.dk\/wp-content\/uploads\/2026\/03\/philip-myrtorp-EAJEvNkuZjQ-unsplash-1-150x150.webp 150w, https:\/\/rwe.dk\/wp-content\/uploads\/2026\/03\/philip-myrtorp-EAJEvNkuZjQ-unsplash-1-768x768.webp 768w\" sizes=\"(max-width: 1200px) 100vw, 1200px\" \/>\t\t\t\t\t\t\t\t\t\t\t\t\t\t\t<\/div>\n\t\t<div class=\"elementor-element elementor-element-7a6b9f58 e-con-full e-flex e-con e-child\" data-id=\"7a6b9f58\" data-element_type=\"container\" data-e-type=\"container\">\n\t\t\t\t<div class=\"elementor-element elementor-element-28ded7b6 elementor-widget elementor-widget-heading\" data-id=\"28ded7b6\" data-element_type=\"widget\" data-e-type=\"widget\" data-widget_type=\"heading.default\">\n\t\t\t\t\t<h2 class=\"elementor-heading-title elementor-size-default\">Fyra decennier med full fart<\/h2>\t\t\t\t<\/div>\n\t\t\t\t<div class=\"elementor-element elementor-element-3461ed15 elementor-widget elementor-widget-spacer\" data-id=\"3461ed15\" data-element_type=\"widget\" data-e-type=\"widget\" data-widget_type=\"spacer.default\">\n\t\t\t\t\t\t\t<div class=\"elementor-spacer\">\n\t\t\t<div class=\"elementor-spacer-inner\"><\/div>\n\t\t<\/div>\n\t\t\t\t\t\t<\/div>\n\t\t\t\t<div class=\"elementor-element elementor-element-1c515b1b elementor-widget elementor-widget-text-editor\" data-id=\"1c515b1b\" data-element_type=\"widget\" data-e-type=\"widget\" data-widget_type=\"text-editor.default\">\n\t\t\t\t\t\t\t\t\t<p>I mer \u00e4n 40 \u00e5r har vi projekterat, moderniserat och uppgraderat flera hundra s\u00e4kerhetstekniska installationer. M\u00e5nga av v\u00e5ra kund- och leverant\u00f6rssamarbeten str\u00e4cker sig flera decennier tillbaka, och v\u00e5r l\u00e5nga historik inneb\u00e4r att vi k\u00e4nner till infrastruktur\u00e4garnas utmaningar och behov.<\/p>\t\t\t\t\t\t\t\t<\/div>\n\t\t\t\t<\/div>\n\t\t\t\t\t<\/div>\n\t\t\t\t<\/div>\n\t\t\t\t\t<\/div>\n\t\t\t\t<\/div>\n\t\t<div class=\"elementor-element elementor-element-64fb86d1 e-con-full e-flex e-con e-parent\" data-id=\"64fb86d1\" data-element_type=\"container\" data-e-type=\"container\" data-settings=\"{&quot;background_background&quot;:&quot;classic&quot;}\">\n\t\t<div class=\"elementor-element elementor-element-2b9f6c59 e-grid e-con-boxed e-con e-child\" data-id=\"2b9f6c59\" data-element_type=\"container\" data-e-type=\"container\">\n\t\t\t\t\t<div class=\"e-con-inner\">\n\t\t<div class=\"elementor-element elementor-element-2922fde5 e-con-full e-flex e-con e-child\" data-id=\"2922fde5\" data-element_type=\"container\" data-e-type=\"container\">\n\t\t\t\t<div class=\"elementor-element elementor-element-5a1bf829 elementor-widget elementor-widget-heading\" data-id=\"5a1bf829\" data-element_type=\"widget\" data-e-type=\"widget\" data-widget_type=\"heading.default\">\n\t\t\t\t\t<h2 class=\"elementor-heading-title elementor-size-default\">Vi st\u00e5r f\u00f6r kvalitet, s\u00e4kerhet och milj\u00f6<\/h2>\t\t\t\t<\/div>\n\t\t\t\t<div class=\"elementor-element elementor-element-15967774 elementor-widget elementor-widget-spacer\" data-id=\"15967774\" data-element_type=\"widget\" data-e-type=\"widget\" data-widget_type=\"spacer.default\">\n\t\t\t\t\t\t\t<div class=\"elementor-spacer\">\n\t\t\t<div class=\"elementor-spacer-inner\"><\/div>\n\t\t<\/div>\n\t\t\t\t\t\t<\/div>\n\t\t\t\t<div class=\"elementor-element elementor-element-52f33596 elementor-widget elementor-widget-text-editor\" data-id=\"52f33596\" data-element_type=\"widget\" data-e-type=\"widget\" data-widget_type=\"text-editor.default\">\n\t\t\t\t\t\t\t\t\t<p>Vi kvalitetss\u00e4krar enligt internationella standarder med m\u00e4tbara krav p\u00e5 processer, resurser och resultat. Vi utvecklar och testar enligt g\u00e4llande krav f\u00f6r s\u00e4kerhetskritiska system. Vi tar ansvar f\u00f6r milj\u00f6n och arbetar systematiskt f\u00f6r att fr\u00e4mja h\u00e5llbarhet och minska v\u00e5r samlade milj\u00f6p\u00e5verkan.<\/p>\t\t\t\t\t\t\t\t<\/div>\n\t\t\t\t<div class=\"elementor-element elementor-element-263975a elementor-widget elementor-widget-spacer\" data-id=\"263975a\" data-element_type=\"widget\" data-e-type=\"widget\" data-widget_type=\"spacer.default\">\n\t\t\t\t\t\t\t<div class=\"elementor-spacer\">\n\t\t\t<div class=\"elementor-spacer-inner\"><\/div>\n\t\t<\/div>\n\t\t\t\t\t\t<\/div>\n\t\t\t\t<\/div>\n\t\t\t\t<div class=\"elementor-element elementor-element-62df0f35 elementor-widget elementor-widget-image\" data-id=\"62df0f35\" data-element_type=\"widget\" data-e-type=\"widget\" data-widget_type=\"image.default\">\n\t\t\t\t\t\t\t\t\t\t\t\t\t\t\t<img decoding=\"async\" width=\"1200\" height=\"1200\" src=\"https:\/\/rwe.dk\/wp-content\/uploads\/2026\/03\/DNV.webp\" class=\"attachment-full size-full wp-image-2187\" alt=\"\" srcset=\"https:\/\/rwe.dk\/wp-content\/uploads\/2026\/03\/DNV.webp 1200w, https:\/\/rwe.dk\/wp-content\/uploads\/2026\/03\/DNV-300x300.webp 300w, https:\/\/rwe.dk\/wp-content\/uploads\/2026\/03\/DNV-1024x1024.webp 1024w, https:\/\/rwe.dk\/wp-content\/uploads\/2026\/03\/DNV-150x150.webp 150w, https:\/\/rwe.dk\/wp-content\/uploads\/2026\/03\/DNV-768x768.webp 768w\" sizes=\"(max-width: 1200px) 100vw, 1200px\" \/>\t\t\t\t\t\t\t\t\t\t\t\t\t\t\t<\/div>\n\t\t\t\t\t<\/div>\n\t\t\t\t<\/div>\n\t\t\t\t<\/div>\n\t\t\t\t<\/div>\n\t\t","protected":false},"excerpt":{"rendered":"<p>Om oss Dedikerade specialister inom s\u00e4kerhetsteknik Vi \u00e4r specialister p\u00e5 intelligent och tillf\u00f6rlitlig s\u00e4kerhetsteknik som st\u00f6djer en effektiv och gr\u00f6n j\u00e4rnv\u00e4gsdrift. Medarbetare Jobb och karri\u00e4r Vi s\u00e4krar j\u00e4rnv\u00e4gen Tillsammans med v\u00e5ra kunder bidrar vi till en mer effektiv och h\u00e5llbar j\u00e4rnv\u00e4g. Vi levererar l\u00f6sningar som matchar krav och behov \u2013 i tid och till r\u00e4tt [&hellip;]<\/p>\n","protected":false},"author":2,"featured_media":0,"parent":0,"menu_order":0,"comment_status":"closed","ping_status":"closed","template":"","meta":{"footnotes":""},"class_list":["post-2193","page","type-page","status-publish","hentry"],"_links":{"self":[{"href":"https:\/\/rwe.dk\/sv\/wp-json\/wp\/v2\/pages\/2193","targetHints":{"allow":["GET"]}}],"collection":[{"href":"https:\/\/rwe.dk\/sv\/wp-json\/wp\/v2\/pages"}],"about":[{"href":"https:\/\/rwe.dk\/sv\/wp-json\/wp\/v2\/types\/page"}],"author":[{"embeddable":true,"href":"https:\/\/rwe.dk\/sv\/wp-json\/wp\/v2\/users\/2"}],"replies":[{"embeddable":true,"href":"https:\/\/rwe.dk\/sv\/wp-json\/wp\/v2\/comments?post=2193"}],"version-history":[{"count":1,"href":"https:\/\/rwe.dk\/sv\/wp-json\/wp\/v2\/pages\/2193\/revisions"}],"predecessor-version":[{"id":2194,"href":"https:\/\/rwe.dk\/sv\/wp-json\/wp\/v2\/pages\/2193\/revisions\/2194"}],"wp:attachment":[{"href":"https:\/\/rwe.dk\/sv\/wp-json\/wp\/v2\/media?parent=2193"}],"curies":[{"name":"wp","href":"https:\/\/api.w.org\/{rel}","templated":true}]}}