{"id":2197,"date":"2026-03-19T16:17:54","date_gmt":"2026-03-19T16:17:54","guid":{"rendered":"https:\/\/rwe.dk\/projektcase-alistercargo-3\/"},"modified":"2026-03-24T14:44:15","modified_gmt":"2026-03-24T14:44:15","slug":"projektcase-alistercargo-3","status":"publish","type":"page","link":"https:\/\/rwe.dk\/sv\/referenser\/projektcase-alistercargo-3\/","title":{"rendered":"\u2014 \u2014 Projektcase \u2013 AlisterCargo 3"},"content":{"rendered":"\t\t<div data-elementor-type=\"wp-page\" data-elementor-id=\"2197\" class=\"elementor elementor-2197 elementor-1792\" data-elementor-post-type=\"page\">\n\t\t\t\t<div class=\"elementor-element elementor-element-6ae76dc7 e-con-full e-flex e-con e-parent\" data-id=\"6ae76dc7\" data-element_type=\"container\" data-e-type=\"container\" data-settings=\"{&quot;background_background&quot;:&quot;classic&quot;}\">\n\t\t<div class=\"elementor-element elementor-element-6ce401dd e-grid e-con-boxed e-con e-child\" data-id=\"6ce401dd\" data-element_type=\"container\" data-e-type=\"container\">\n\t\t\t\t\t<div class=\"e-con-inner\">\n\t\t<div class=\"elementor-element elementor-element-6d21bdaa e-con-full e-flex e-con e-child\" data-id=\"6d21bdaa\" data-element_type=\"container\" data-e-type=\"container\">\n\t\t\t\t<div class=\"elementor-element elementor-element-f204b6c elementor-widget elementor-widget-heading\" data-id=\"f204b6c\" data-element_type=\"widget\" data-e-type=\"widget\" data-widget_type=\"heading.default\">\n\t\t\t\t\t<h4 class=\"elementor-heading-title elementor-size-default\">Projektcase <\/h4>\t\t\t\t<\/div>\n\t\t\t\t<div class=\"elementor-element elementor-element-60515bcd elementor-widget elementor-widget-spacer\" data-id=\"60515bcd\" data-element_type=\"widget\" data-e-type=\"widget\" data-widget_type=\"spacer.default\">\n\t\t\t\t\t\t\t<div class=\"elementor-spacer\">\n\t\t\t<div class=\"elementor-spacer-inner\"><\/div>\n\t\t<\/div>\n\t\t\t\t\t\t<\/div>\n\t\t\t\t<div class=\"elementor-element elementor-element-4ddf2595 elementor-widget elementor-widget-heading\" data-id=\"4ddf2595\" data-element_type=\"widget\" data-e-type=\"widget\" data-widget_type=\"heading.default\">\n\t\t\t\t\t<h1 class=\"elementor-heading-title elementor-size-default\">S\u00e4kring av framtidens svenska godstrafik<\/h1>\t\t\t\t<\/div>\n\t\t\t\t<div class=\"elementor-element elementor-element-a7d4cbc elementor-widget elementor-widget-spacer\" data-id=\"a7d4cbc\" data-element_type=\"widget\" data-e-type=\"widget\" data-widget_type=\"spacer.default\">\n\t\t\t\t\t\t\t<div class=\"elementor-spacer\">\n\t\t\t<div class=\"elementor-spacer-inner\"><\/div>\n\t\t<\/div>\n\t\t\t\t\t\t<\/div>\n\t\t<div class=\"elementor-element elementor-element-1771083 e-con-full e-flex e-con e-child\" data-id=\"1771083\" data-element_type=\"container\" data-e-type=\"container\">\n\t\t\t\t<div class=\"elementor-element elementor-element-121dbaf elementor-widget elementor-widget-button\" data-id=\"121dbaf\" data-element_type=\"widget\" data-e-type=\"widget\" data-widget_type=\"button.default\">\n\t\t\t\t\t\t\t\t\t\t<a class=\"elementor-button elementor-size-sm\" role=\"button\">\n\t\t\t\t\t\t<span class=\"elementor-button-content-wrapper\">\n\t\t\t\t\t\t\t\t\t<span class=\"elementor-button-text\">Trafikverket<\/span>\n\t\t\t\t\t<\/span>\n\t\t\t\t\t<\/a>\n\t\t\t\t\t\t\t\t<\/div>\n\t\t\t\t<div class=\"elementor-element elementor-element-229edac elementor-widget elementor-widget-button\" data-id=\"229edac\" data-element_type=\"widget\" data-e-type=\"widget\" data-widget_type=\"button.default\">\n\t\t\t\t\t\t\t\t\t\t<a class=\"elementor-button elementor-size-sm\" role=\"button\">\n\t\t\t\t\t\t<span class=\"elementor-button-content-wrapper\">\n\t\t\t\t\t\t\t\t\t<span class=\"elementor-button-text\">Sverige<\/span>\n\t\t\t\t\t<\/span>\n\t\t\t\t\t<\/a>\n\t\t\t\t\t\t\t\t<\/div>\n\t\t\t\t<div class=\"elementor-element elementor-element-b2e1dde elementor-widget elementor-widget-button\" data-id=\"b2e1dde\" data-element_type=\"widget\" data-e-type=\"widget\" data-widget_type=\"button.default\">\n\t\t\t\t\t\t\t\t\t\t<a class=\"elementor-button elementor-button-link elementor-size-sm\" href=\"https:\/\/rwe.dk\/loesninger\/rangeromraader-og-depoter\/\">\n\t\t\t\t\t\t<span class=\"elementor-button-content-wrapper\">\n\t\t\t\t\t\t\t\t\t<span class=\"elementor-button-text\">Rangerbang\u00e5rdar<\/span>\n\t\t\t\t\t<\/span>\n\t\t\t\t\t<\/a>\n\t\t\t\t\t\t\t\t<\/div>\n\t\t\t\t<div class=\"elementor-element elementor-element-50d8b48 elementor-widget elementor-widget-button\" data-id=\"50d8b48\" data-element_type=\"widget\" data-e-type=\"widget\" data-widget_type=\"button.default\">\n\t\t\t\t\t\t\t\t\t\t<a class=\"elementor-button elementor-button-link elementor-size-sm\" href=\"https:\/\/rwe.dk\/loesninger\/rangeromraader-og-depoter\/\">\n\t\t\t\t\t\t<span class=\"elementor-button-content-wrapper\">\n\t\t\t\t\t\t\t\t\t<span class=\"elementor-button-text\">AlisterCargo<\/span>\n\t\t\t\t\t<\/span>\n\t\t\t\t\t<\/a>\n\t\t\t\t\t\t\t\t<\/div>\n\t\t\t\t<\/div>\n\t\t\t\t<\/div>\n\t\t\t\t<div class=\"elementor-element elementor-element-e53ead0 elementor-widget elementor-widget-image\" data-id=\"e53ead0\" data-element_type=\"widget\" data-e-type=\"widget\" data-widget_type=\"image.default\">\n\t\t\t\t\t\t\t\t\t\t\t\t\t\t\t<img fetchpriority=\"high\" decoding=\"async\" width=\"1200\" height=\"1200\" src=\"https:\/\/rwe.dk\/wp-content\/uploads\/2026\/03\/iStock-1449578844.webp\" class=\"attachment-full size-full wp-image-2200\" alt=\"\" srcset=\"https:\/\/rwe.dk\/wp-content\/uploads\/2026\/03\/iStock-1449578844.webp 1200w, https:\/\/rwe.dk\/wp-content\/uploads\/2026\/03\/iStock-1449578844-300x300.webp 300w, https:\/\/rwe.dk\/wp-content\/uploads\/2026\/03\/iStock-1449578844-1024x1024.webp 1024w, https:\/\/rwe.dk\/wp-content\/uploads\/2026\/03\/iStock-1449578844-150x150.webp 150w, https:\/\/rwe.dk\/wp-content\/uploads\/2026\/03\/iStock-1449578844-768x768.webp 768w\" sizes=\"(max-width: 1200px) 100vw, 1200px\" \/>\t\t\t\t\t\t\t\t\t\t\t\t\t\t\t<\/div>\n\t\t\t\t\t<\/div>\n\t\t\t\t<\/div>\n\t\t\t\t<\/div>\n\t\t<div class=\"elementor-element elementor-element-58002cd2 e-grid e-con-boxed e-con e-parent\" data-id=\"58002cd2\" data-element_type=\"container\" data-e-type=\"container\" data-settings=\"{&quot;background_background&quot;:&quot;classic&quot;}\">\n\t\t\t\t\t<div class=\"e-con-inner\">\n\t\t<div class=\"elementor-element elementor-element-420c895d e-grid e-con-boxed e-con e-child\" data-id=\"420c895d\" data-element_type=\"container\" data-e-type=\"container\" data-settings=\"{&quot;background_background&quot;:&quot;classic&quot;}\">\n\t\t\t\t\t<div class=\"e-con-inner\">\n\t\t<div class=\"elementor-element elementor-element-60d9b5f0 e-con-full e-flex e-con e-child\" data-id=\"60d9b5f0\" data-element_type=\"container\" data-e-type=\"container\">\n\t\t\t\t<div class=\"elementor-element elementor-element-5c393f5b elementor-widget elementor-widget-heading\" data-id=\"5c393f5b\" data-element_type=\"widget\" data-e-type=\"widget\" data-widget_type=\"heading.default\">\n\t\t\t\t\t<h3 class=\"elementor-heading-title elementor-size-default\">Modernisering och plattformsbyte p\u00e5 Trafikverkets rangerbang\u00e5rdar<\/h3>\t\t\t\t<\/div>\n\t\t\t\t<div class=\"elementor-element elementor-element-5bbc1ad elementor-widget elementor-widget-spacer\" data-id=\"5bbc1ad\" data-element_type=\"widget\" data-e-type=\"widget\" data-widget_type=\"spacer.default\">\n\t\t\t\t\t\t\t<div class=\"elementor-spacer\">\n\t\t\t<div class=\"elementor-spacer-inner\"><\/div>\n\t\t<\/div>\n\t\t\t\t\t\t<\/div>\n\t\t\t\t<div class=\"elementor-element elementor-element-7292d39 elementor-widget elementor-widget-heading\" data-id=\"7292d39\" data-element_type=\"widget\" data-e-type=\"widget\" data-widget_type=\"heading.default\">\n\t\t\t\t\t<h5 class=\"elementor-heading-title elementor-size-default\">Behov av \u00f6kad kapacitet och modern systemplattform<\/h5>\t\t\t\t<\/div>\n\t\t\t\t<div class=\"elementor-element elementor-element-dd10627 elementor-widget elementor-widget-spacer\" data-id=\"dd10627\" data-element_type=\"widget\" data-e-type=\"widget\" data-widget_type=\"spacer.default\">\n\t\t\t\t\t\t\t<div class=\"elementor-spacer\">\n\t\t\t<div class=\"elementor-spacer-inner\"><\/div>\n\t\t<\/div>\n\t\t\t\t\t\t<\/div>\n\t\t\t\t<div class=\"elementor-element elementor-element-4ad83d0d elementor-widget elementor-widget-text-editor\" data-id=\"4ad83d0d\" data-element_type=\"widget\" data-e-type=\"widget\" data-widget_type=\"text-editor.default\">\n\t\t\t\t\t\t\t\t\t<p>Trafikverket investerar kraftigt i att flytta mer godstrafik till j\u00e4rnv\u00e4gsn\u00e4tet. P\u00e5 fyra av Sveriges viktigaste rangerbang\u00e5rdar styrs den automatiserade rangeringen av AlisterCargo, och anl\u00e4ggningarna \u00e4r avg\u00f6rande f\u00f6r att hantera den \u00f6kande m\u00e4ngden godsvagnar.<br>F\u00f6r att s\u00e4kerst\u00e4lla framtida kapacitet och stabilitet \u00f6nskade Trafikverket en samlad uppgradering av systemplattformen \u2014 b\u00e5de den s\u00e4kerhetskritiska delen och den operat\u00f6rsv\u00e4nda delen \u2014 p\u00e5 samtliga fyra bang\u00e5rdar. <\/p>\t\t\t\t\t\t\t\t<\/div>\n\t\t\t\t<div class=\"elementor-element elementor-element-21d3aad elementor-widget elementor-widget-heading\" data-id=\"21d3aad\" data-element_type=\"widget\" data-e-type=\"widget\" data-widget_type=\"heading.default\">\n\t\t\t\t\t<h5 class=\"elementor-heading-title elementor-size-default\">Vidareutveckling av AlisterCargo p\u00e5 moderna PLC- och serversystem<\/h5>\t\t\t\t<\/div>\n\t\t\t\t<div class=\"elementor-element elementor-element-83708e4 elementor-widget elementor-widget-spacer\" data-id=\"83708e4\" data-element_type=\"widget\" data-e-type=\"widget\" data-widget_type=\"spacer.default\">\n\t\t\t\t\t\t\t<div class=\"elementor-spacer\">\n\t\t\t<div class=\"elementor-spacer-inner\"><\/div>\n\t\t<\/div>\n\t\t\t\t\t\t<\/div>\n\t\t\t\t<div class=\"elementor-element elementor-element-43e8d58 elementor-widget elementor-widget-text-editor\" data-id=\"43e8d58\" data-element_type=\"widget\" data-e-type=\"widget\" data-widget_type=\"text-editor.default\">\n\t\t\t\t\t\t\t\t\t<p>RWE ansvarar f\u00f6r vidareutvecklingen av AlisterCargo f\u00f6r n\u00e4sta generation av rangerbang\u00e5rdar. Den s\u00e4kerhetskritiska delen av systemet utvecklas i enlighet med EN 50126, baserat p\u00e5 en ny plattform med Siemens PLC:er. Operat\u00f6rsplatser och underh\u00e5llsfunktioner migreras till ett modernt system med Windows\u2011servrar och klienter, s\u00e5 att b\u00e5de driftorganisation och tekniker f\u00e5r en robust och framtidss\u00e4ker l\u00f6sning.<br>Borl\u00e4nge blir den f\u00f6rsta bang\u00e5rden som uppdateras \u2014 implementeringen genomf\u00f6rs 2027.  <\/p>\t\t\t\t\t\t\t\t<\/div>\n\t\t\t\t<div class=\"elementor-element elementor-element-0713ef3 elementor-widget elementor-widget-heading\" data-id=\"0713ef3\" data-element_type=\"widget\" data-e-type=\"widget\" data-widget_type=\"heading.default\">\n\t\t\t\t\t<h5 class=\"elementor-heading-title elementor-size-default\">En framtidss\u00e4ker plattform f\u00f6r svensk godstrafik<\/h5>\t\t\t\t<\/div>\n\t\t\t\t<div class=\"elementor-element elementor-element-9b0a505 elementor-widget elementor-widget-spacer\" data-id=\"9b0a505\" data-element_type=\"widget\" data-e-type=\"widget\" data-widget_type=\"spacer.default\">\n\t\t\t\t\t\t\t<div class=\"elementor-spacer\">\n\t\t\t<div class=\"elementor-spacer-inner\"><\/div>\n\t\t<\/div>\n\t\t\t\t\t\t<\/div>\n\t\t\t\t<div class=\"elementor-element elementor-element-06b6f1e elementor-widget elementor-widget-text-editor\" data-id=\"06b6f1e\" data-element_type=\"widget\" data-e-type=\"widget\" data-widget_type=\"text-editor.default\">\n\t\t\t\t\t\t\t\t\t<p>N\u00e4r projektet \u00e4r fullt implementerat har Trafikverket en samlad, moderniserad plattform f\u00f6r alla fyra rangerbang\u00e5rdar. L\u00f6sningen blir skalbar, drifts\u00e4ker och kan st\u00f6dja den \u00f6nskade tillv\u00e4xten i godstransporterna under m\u00e5nga \u00e5r fram\u00f6ver. Rangerbang\u00e5rden \u00e5tergick till stabil drift \u2013 och teamet st\u00e5r redo n\u00e4sta g\u00e5ng en \u00e5ldrande komponent beh\u00f6ver r\u00e4ddas.  <\/p>\t\t\t\t\t\t\t\t<\/div>\n\t\t\t\t<div class=\"elementor-element elementor-element-1d061e04 elementor-widget elementor-widget-spacer\" data-id=\"1d061e04\" data-element_type=\"widget\" data-e-type=\"widget\" data-widget_type=\"spacer.default\">\n\t\t\t\t\t\t\t<div class=\"elementor-spacer\">\n\t\t\t<div class=\"elementor-spacer-inner\"><\/div>\n\t\t<\/div>\n\t\t\t\t\t\t<\/div>\n\t\t\t\t<div class=\"elementor-element elementor-element-7912fbc elementor-widget elementor-widget-button\" data-id=\"7912fbc\" data-element_type=\"widget\" data-e-type=\"widget\" data-widget_type=\"button.default\">\n\t\t\t\t\t\t\t\t\t\t<a class=\"elementor-button elementor-button-link elementor-size-sm\" href=\"https:\/\/rwe.dk\/referencer\/\">\n\t\t\t\t\t\t<span class=\"elementor-button-content-wrapper\">\n\t\t\t\t\t\t<span class=\"elementor-button-icon\">\n\t\t\t\t<svg xmlns=\"http:\/\/www.w3.org\/2000\/svg\" id=\"Layer_1\" data-name=\"Layer 1\" viewBox=\"0 0 13.15 11.93\"><defs><style>      .cls-1 {        fill: #555;      }    <\/style><\/defs><path class=\"cls-1\" d=\"M7.19,11.93l-1.15-1.14,4-4H0v-1.66h10.04l-4-3.99,1.15-1.14,5.96,5.96-5.96,5.96Z\"><\/path><\/svg>\t\t\t<\/span>\n\t\t\t\t\t\t\t\t\t<span class=\"elementor-button-text\">Se fler projektcase<\/span>\n\t\t\t\t\t<\/span>\n\t\t\t\t\t<\/a>\n\t\t\t\t\t\t\t\t<\/div>\n\t\t\t\t<\/div>\n\t\t\t\t\t<\/div>\n\t\t\t\t<\/div>\n\t\t\t\t\t<\/div>\n\t\t\t\t<\/div>\n\t\t<div class=\"elementor-element elementor-element-a453316 e-grid e-con-boxed e-con e-parent\" data-id=\"a453316\" data-element_type=\"container\" data-e-type=\"container\" data-settings=\"{&quot;background_background&quot;:&quot;classic&quot;}\">\n\t\t\t\t\t<div class=\"e-con-inner\">\n\t\t<div class=\"elementor-element elementor-element-1c5838f e-grid e-con-boxed e-con e-child\" data-id=\"1c5838f\" data-element_type=\"container\" data-e-type=\"container\" data-settings=\"{&quot;background_background&quot;:&quot;classic&quot;}\">\n\t\t\t\t\t<div class=\"e-con-inner\">\n\t\t<div class=\"elementor-element elementor-element-67e2fca e-con-full e-flex e-con e-child\" data-id=\"67e2fca\" data-element_type=\"container\" data-e-type=\"container\">\n\t\t\t\t<div class=\"elementor-element elementor-element-d90d2b3 elementor-widget elementor-widget-heading\" data-id=\"d90d2b3\" data-element_type=\"widget\" data-e-type=\"widget\" data-widget_type=\"heading.default\">\n\t\t\t\t\t<h3 class=\"elementor-heading-title elementor-size-default\">Kontakt<\/h3>\t\t\t\t<\/div>\n\t\t\t\t<div class=\"elementor-element elementor-element-50faebe elementor-widget elementor-widget-spacer\" data-id=\"50faebe\" data-element_type=\"widget\" data-e-type=\"widget\" data-widget_type=\"spacer.default\">\n\t\t\t\t\t\t\t<div class=\"elementor-spacer\">\n\t\t\t<div class=\"elementor-spacer-inner\"><\/div>\n\t\t<\/div>\n\t\t\t\t\t\t<\/div>\n\t\t\t\t<div class=\"elementor-element elementor-element-a891615 elementor-widget-divider--view-line elementor-widget elementor-widget-divider\" data-id=\"a891615\" data-element_type=\"widget\" data-e-type=\"widget\" data-widget_type=\"divider.default\">\n\t\t\t\t\t\t\t<div class=\"elementor-divider\">\n\t\t\t<span class=\"elementor-divider-separator\">\n\t\t\t\t\t\t<\/span>\n\t\t<\/div>\n\t\t\t\t\t\t<\/div>\n\t\t\t\t<div class=\"elementor-element elementor-element-771b3d3 elementor-widget elementor-widget-spacer\" data-id=\"771b3d3\" data-element_type=\"widget\" data-e-type=\"widget\" data-widget_type=\"spacer.default\">\n\t\t\t\t\t\t\t<div class=\"elementor-spacer\">\n\t\t\t<div class=\"elementor-spacer-inner\"><\/div>\n\t\t<\/div>\n\t\t\t\t\t\t<\/div>\n\t\t<div class=\"elementor-element elementor-element-8deee7c e-grid e-con-full e-con e-child\" data-id=\"8deee7c\" data-element_type=\"container\" data-e-type=\"container\">\n\t\t\t\t<div class=\"elementor-element elementor-element-6d35672 elementor-widget elementor-widget-image\" data-id=\"6d35672\" data-element_type=\"widget\" data-e-type=\"widget\" data-widget_type=\"image.default\">\n\t\t\t\t\t\t\t\t\t\t\t\t\t\t\t<img decoding=\"async\" width=\"1000\" height=\"1000\" src=\"https:\/\/rwe.dk\/wp-content\/uploads\/2026\/03\/SAA-1.jpg\" class=\"attachment-full size-full wp-image-2199\" alt=\"\" srcset=\"https:\/\/rwe.dk\/wp-content\/uploads\/2026\/03\/SAA-1.jpg 1000w, https:\/\/rwe.dk\/wp-content\/uploads\/2026\/03\/SAA-1-300x300.jpg 300w, https:\/\/rwe.dk\/wp-content\/uploads\/2026\/03\/SAA-1-150x150.jpg 150w, https:\/\/rwe.dk\/wp-content\/uploads\/2026\/03\/SAA-1-768x768.jpg 768w\" sizes=\"(max-width: 1000px) 100vw, 1000px\" \/>\t\t\t\t\t\t\t\t\t\t\t\t\t\t\t<\/div>\n\t\t<div class=\"elementor-element elementor-element-a66f456 e-con-full e-flex e-con e-child\" data-id=\"a66f456\" data-element_type=\"container\" data-e-type=\"container\">\n\t\t\t\t<div class=\"elementor-element elementor-element-125d06c elementor-widget elementor-widget-heading\" data-id=\"125d06c\" data-element_type=\"widget\" data-e-type=\"widget\" data-widget_type=\"heading.default\">\n\t\t\t\t\t<h5 class=\"elementor-heading-title elementor-size-default\">Simon Aare<\/h5>\t\t\t\t<\/div>\n\t\t\t\t<div class=\"elementor-element elementor-element-5fd47ce elementor-widget elementor-widget-spacer\" data-id=\"5fd47ce\" data-element_type=\"widget\" data-e-type=\"widget\" data-widget_type=\"spacer.default\">\n\t\t\t\t\t\t\t<div class=\"elementor-spacer\">\n\t\t\t<div class=\"elementor-spacer-inner\"><\/div>\n\t\t<\/div>\n\t\t\t\t\t\t<\/div>\n\t\t\t\t<div class=\"elementor-element elementor-element-03f13f9 elementor-widget elementor-widget-heading\" data-id=\"03f13f9\" data-element_type=\"widget\" data-e-type=\"widget\" data-widget_type=\"heading.default\">\n\t\t\t\t\t<h5 class=\"elementor-heading-title elementor-size-default\">Teamledare AlisterCargo\n<\/h5>\t\t\t\t<\/div>\n\t\t\t\t<div class=\"elementor-element elementor-element-a6db3de elementor-widget elementor-widget-spacer\" data-id=\"a6db3de\" data-element_type=\"widget\" data-e-type=\"widget\" data-widget_type=\"spacer.default\">\n\t\t\t\t\t\t\t<div class=\"elementor-spacer\">\n\t\t\t<div class=\"elementor-spacer-inner\"><\/div>\n\t\t<\/div>\n\t\t\t\t\t\t<\/div>\n\t\t\t\t<div class=\"elementor-element elementor-element-350f58d elementor-widget elementor-widget-text-editor\" data-id=\"350f58d\" data-element_type=\"widget\" data-e-type=\"widget\" data-widget_type=\"text-editor.default\">\n\t\t\t\t\t\t\t\t\t<p class=\"p1\"><span class=\"s1\">Telefon +45 4716 0694<br><\/span><span class=\"s1\">Mobil +45 2868 0810<br>E-post <a href=\"mailto:saa@rwe.dk\">saa@rwe.dk<\/a><\/span><\/p>\t\t\t\t\t\t\t\t<\/div>\n\t\t\t\t<\/div>\n\t\t\t\t<\/div>\n\t\t\t\t<div class=\"elementor-element elementor-element-f2dec5e elementor-widget elementor-widget-spacer\" data-id=\"f2dec5e\" data-element_type=\"widget\" data-e-type=\"widget\" data-widget_type=\"spacer.default\">\n\t\t\t\t\t\t\t<div class=\"elementor-spacer\">\n\t\t\t<div class=\"elementor-spacer-inner\"><\/div>\n\t\t<\/div>\n\t\t\t\t\t\t<\/div>\n\t\t\t\t<div class=\"elementor-element elementor-element-fd997b4 elementor-widget-divider--view-line elementor-widget elementor-widget-divider\" data-id=\"fd997b4\" data-element_type=\"widget\" data-e-type=\"widget\" data-widget_type=\"divider.default\">\n\t\t\t\t\t\t\t<div class=\"elementor-divider\">\n\t\t\t<span class=\"elementor-divider-separator\">\n\t\t\t\t\t\t<\/span>\n\t\t<\/div>\n\t\t\t\t\t\t<\/div>\n\t\t\t\t<\/div>\n\t\t\t\t\t<\/div>\n\t\t\t\t<\/div>\n\t\t\t\t\t<\/div>\n\t\t\t\t<\/div>\n\t\t\t\t<\/div>\n\t\t","protected":false},"excerpt":{"rendered":"<p>Projektcase S\u00e4kring av framtidens svenska godstrafik Trafikverket Sverige Rangerbang\u00e5rdar AlisterCargo Modernisering och plattformsbyte p\u00e5 Trafikverkets rangerbang\u00e5rdar Behov av \u00f6kad kapacitet och modern systemplattform Trafikverket investerar kraftigt i att flytta mer godstrafik till j\u00e4rnv\u00e4gsn\u00e4tet. P\u00e5 fyra av Sveriges viktigaste rangerbang\u00e5rdar styrs den automatiserade rangeringen av AlisterCargo, och anl\u00e4ggningarna \u00e4r avg\u00f6rande f\u00f6r att hantera den \u00f6kande m\u00e4ngden [&hellip;]<\/p>\n","protected":false},"author":2,"featured_media":0,"parent":2275,"menu_order":0,"comment_status":"closed","ping_status":"closed","template":"","meta":{"footnotes":""},"class_list":["post-2197","page","type-page","status-publish","hentry"],"_links":{"self":[{"href":"https:\/\/rwe.dk\/sv\/wp-json\/wp\/v2\/pages\/2197","targetHints":{"allow":["GET"]}}],"collection":[{"href":"https:\/\/rwe.dk\/sv\/wp-json\/wp\/v2\/pages"}],"about":[{"href":"https:\/\/rwe.dk\/sv\/wp-json\/wp\/v2\/types\/page"}],"author":[{"embeddable":true,"href":"https:\/\/rwe.dk\/sv\/wp-json\/wp\/v2\/users\/2"}],"replies":[{"embeddable":true,"href":"https:\/\/rwe.dk\/sv\/wp-json\/wp\/v2\/comments?post=2197"}],"version-history":[{"count":1,"href":"https:\/\/rwe.dk\/sv\/wp-json\/wp\/v2\/pages\/2197\/revisions"}],"predecessor-version":[{"id":2204,"href":"https:\/\/rwe.dk\/sv\/wp-json\/wp\/v2\/pages\/2197\/revisions\/2204"}],"up":[{"embeddable":true,"href":"https:\/\/rwe.dk\/sv\/wp-json\/wp\/v2\/pages\/2275"}],"wp:attachment":[{"href":"https:\/\/rwe.dk\/sv\/wp-json\/wp\/v2\/media?parent=2197"}],"curies":[{"name":"wp","href":"https:\/\/api.w.org\/{rel}","templated":true}]}}