{"id":2201,"date":"2026-03-16T10:03:07","date_gmt":"2026-03-16T10:03:07","guid":{"rendered":"https:\/\/rwe.dk\/anvaendning-av-webbplatsen\/"},"modified":"2026-03-24T14:59:17","modified_gmt":"2026-03-24T14:59:17","slug":"anvaendning-av-webbplatsen","status":"publish","type":"page","link":"https:\/\/rwe.dk\/sv\/anvaendning-av-webbplatsen\/","title":{"rendered":"Anv\u00e4ndning av webbplatsen"},"content":{"rendered":"\t\t<div data-elementor-type=\"wp-page\" data-elementor-id=\"2201\" class=\"elementor elementor-2201 elementor-1092\" data-elementor-post-type=\"page\">\n\t\t\t\t<div class=\"elementor-element elementor-element-45974522 e-grid e-con-boxed e-con e-parent\" data-id=\"45974522\" data-element_type=\"container\" data-e-type=\"container\" data-settings=\"{&quot;background_background&quot;:&quot;classic&quot;}\">\n\t\t\t\t\t<div class=\"e-con-inner\">\n\t\t<div class=\"elementor-element elementor-element-4b8dfb29 e-grid e-con-boxed e-con e-child\" data-id=\"4b8dfb29\" data-element_type=\"container\" data-e-type=\"container\" data-settings=\"{&quot;background_background&quot;:&quot;classic&quot;}\">\n\t\t\t\t\t<div class=\"e-con-inner\">\n\t\t<div class=\"elementor-element elementor-element-35f4118d e-con-full e-flex e-con e-child\" data-id=\"35f4118d\" data-element_type=\"container\" data-e-type=\"container\">\n\t\t\t\t<div class=\"elementor-element elementor-element-3f0616cd elementor-widget elementor-widget-heading\" data-id=\"3f0616cd\" data-element_type=\"widget\" data-e-type=\"widget\" data-widget_type=\"heading.default\">\n\t\t\t\t\t<h3 class=\"elementor-heading-title elementor-size-default\">Om webbplatsen<\/h3>\t\t\t\t<\/div>\n\t\t\t\t<div class=\"elementor-element elementor-element-2d447f07 elementor-widget elementor-widget-spacer\" data-id=\"2d447f07\" data-element_type=\"widget\" data-e-type=\"widget\" data-widget_type=\"spacer.default\">\n\t\t\t\t\t\t\t<div class=\"elementor-spacer\">\n\t\t\t<div class=\"elementor-spacer-inner\"><\/div>\n\t\t<\/div>\n\t\t\t\t\t\t<\/div>\n\t\t\t\t<div class=\"elementor-element elementor-element-82572b3 elementor-widget elementor-widget-text-editor\" data-id=\"82572b3\" data-element_type=\"widget\" data-e-type=\"widget\" data-widget_type=\"text-editor.default\">\n\t\t\t\t\t\t\t\t\t<p><strong>rwe.dk<\/strong> \u00e4r Rosenfelt &amp; West Engineering A\/S officiella webbplats.<br>H\u00e4r kan ni l\u00e4sa om v\u00e5ra l\u00f6sningar, kompetenser och f\u00f6retaget.<\/p>\t\t\t\t\t\t\t\t<\/div>\n\t\t\t\t<div class=\"elementor-element elementor-element-1bd52170 elementor-widget elementor-widget-heading\" data-id=\"1bd52170\" data-element_type=\"widget\" data-e-type=\"widget\" data-widget_type=\"heading.default\">\n\t\t\t\t\t<h5 class=\"elementor-heading-title elementor-size-default\">\u00c4gander\u00e4tt och upphovsr\u00e4tt<\/h5>\t\t\t\t<\/div>\n\t\t\t\t<div class=\"elementor-element elementor-element-52deeda0 elementor-widget elementor-widget-spacer\" data-id=\"52deeda0\" data-element_type=\"widget\" data-e-type=\"widget\" data-widget_type=\"spacer.default\">\n\t\t\t\t\t\t\t<div class=\"elementor-spacer\">\n\t\t\t<div class=\"elementor-spacer-inner\"><\/div>\n\t\t<\/div>\n\t\t\t\t\t\t<\/div>\n\t\t\t\t<div class=\"elementor-element elementor-element-54db167c elementor-widget elementor-widget-text-editor\" data-id=\"54db167c\" data-element_type=\"widget\" data-e-type=\"widget\" data-widget_type=\"text-editor.default\">\n\t\t\t\t\t\t\t\t\t<p>Allt inneh\u00e5ll p\u00e5 rwe.dk \u2013 text, grafik, dokument och illustrationer \u2013 tillh\u00f6r Rosenfelt &amp; West Engineering A\/S, om inget annat anges. Inneh\u00e5llet f\u00e5r inte kopieras eller \u00e5terges utan skriftligt tillst\u00e5nd. <\/p>\t\t\t\t\t\t\t\t<\/div>\n\t\t\t\t<div class=\"elementor-element elementor-element-15e995d5 elementor-widget elementor-widget-heading\" data-id=\"15e995d5\" data-element_type=\"widget\" data-e-type=\"widget\" data-widget_type=\"heading.default\">\n\t\t\t\t\t<h5 class=\"elementor-heading-title elementor-size-default\">Integritet och personuppgiftsansvar<\/h5>\t\t\t\t<\/div>\n\t\t\t\t<div class=\"elementor-element elementor-element-4d3b5103 elementor-widget elementor-widget-spacer\" data-id=\"4d3b5103\" data-element_type=\"widget\" data-e-type=\"widget\" data-widget_type=\"spacer.default\">\n\t\t\t\t\t\t\t<div class=\"elementor-spacer\">\n\t\t\t<div class=\"elementor-spacer-inner\"><\/div>\n\t\t<\/div>\n\t\t\t\t\t\t<\/div>\n\t\t\t\t<div class=\"elementor-element elementor-element-66db4c8f elementor-widget elementor-widget-text-editor\" data-id=\"66db4c8f\" data-element_type=\"widget\" data-e-type=\"widget\" data-widget_type=\"text-editor.default\">\n\t\t\t\t\t\t\t\t\t<p>Rosenfelt &amp; West Engineering A\/S \u00e4r personuppgiftsansvarig f\u00f6r behandlingen av personuppgifter som sker i samband med anv\u00e4ndningen av webbplatsen. Vi samlar endast in de uppgifter som \u00e4r n\u00f6dv\u00e4ndiga f\u00f6r att drifta och f\u00f6rb\u00e4ttra webbplatsen, och vi l\u00e4mnar inte ut personuppgifter utan laglig grund. <\/p><p>Dina r\u00e4ttigheter avseende dina personuppgifter skyddas av GDPR och den danska personuppgiftslagen. Du har r\u00e4tt till insyn, r\u00e4ttelse och radering av uppgifter som vi kan ha om dig. <\/p>\t\t\t\t\t\t\t\t<\/div>\n\t\t\t\t<div class=\"elementor-element elementor-element-b2ee419 elementor-widget elementor-widget-heading\" data-id=\"b2ee419\" data-element_type=\"widget\" data-e-type=\"widget\" data-widget_type=\"heading.default\">\n\t\t\t\t\t<h5 class=\"elementor-heading-title elementor-size-default\">Vilka uppgifter registreras<\/h5>\t\t\t\t<\/div>\n\t\t\t\t<div class=\"elementor-element elementor-element-46237630 elementor-widget elementor-widget-spacer\" data-id=\"46237630\" data-element_type=\"widget\" data-e-type=\"widget\" data-widget_type=\"spacer.default\">\n\t\t\t\t\t\t\t<div class=\"elementor-spacer\">\n\t\t\t<div class=\"elementor-spacer-inner\"><\/div>\n\t\t<\/div>\n\t\t\t\t\t\t<\/div>\n\t\t\t\t<div class=\"elementor-element elementor-element-74ab2f91 elementor-widget elementor-widget-text-editor\" data-id=\"74ab2f91\" data-element_type=\"widget\" data-e-type=\"widget\" data-widget_type=\"text-editor.default\">\n\t\t\t\t\t\t\t\t\t<p>Webbplatsen hostas av Elementor och inga cookies anv\u00e4nds f\u00f6r sp\u00e5rning. Endast data som \u00e4r n\u00f6dv\u00e4ndiga f\u00f6r driften loggas. <\/p>\t\t\t\t\t\t\t\t<\/div>\n\t\t\t\t<div class=\"elementor-element elementor-element-685ed1f elementor-widget elementor-widget-spacer\" data-id=\"685ed1f\" data-element_type=\"widget\" data-e-type=\"widget\" data-widget_type=\"spacer.default\">\n\t\t\t\t\t\t\t<div class=\"elementor-spacer\">\n\t\t\t<div class=\"elementor-spacer-inner\"><\/div>\n\t\t<\/div>\n\t\t\t\t\t\t<\/div>\n\t\t\t\t<div class=\"elementor-element elementor-element-80b68c3 elementor-widget elementor-widget-heading\" data-id=\"80b68c3\" data-element_type=\"widget\" data-e-type=\"widget\" data-widget_type=\"heading.default\">\n\t\t\t\t\t<h5 class=\"elementor-heading-title elementor-size-default\">Vem vi delar dina uppgifter med<\/h5>\t\t\t\t<\/div>\n\t\t\t\t<div class=\"elementor-element elementor-element-6c173fd3 elementor-widget elementor-widget-spacer\" data-id=\"6c173fd3\" data-element_type=\"widget\" data-e-type=\"widget\" data-widget_type=\"spacer.default\">\n\t\t\t\t\t\t\t<div class=\"elementor-spacer\">\n\t\t\t<div class=\"elementor-spacer-inner\"><\/div>\n\t\t<\/div>\n\t\t\t\t\t\t<\/div>\n\t\t\t\t<div class=\"elementor-element elementor-element-141e9f6 elementor-widget elementor-widget-text-editor\" data-id=\"141e9f6\" data-element_type=\"widget\" data-e-type=\"widget\" data-widget_type=\"text-editor.default\">\n\t\t\t\t\t\t\t\t\t<p>Tekniska driftdata delas endast med v\u00e5r hostingleverant\u00f6r (Elementor) som en del av driften av webbplatsen. Vi delar inte personuppgifter med tredje parter f\u00f6r marknadsf\u00f6ring eller analys. <\/p>\t\t\t\t\t\t\t\t<\/div>\n\t\t\t\t<div class=\"elementor-element elementor-element-7f608b77 elementor-widget elementor-widget-heading\" data-id=\"7f608b77\" data-element_type=\"widget\" data-e-type=\"widget\" data-widget_type=\"heading.default\">\n\t\t\t\t\t<h5 class=\"elementor-heading-title elementor-size-default\">Fotografier och bildr\u00e4ttigheter<\/h5>\t\t\t\t<\/div>\n\t\t\t\t<div class=\"elementor-element elementor-element-702593a elementor-widget elementor-widget-spacer\" data-id=\"702593a\" data-element_type=\"widget\" data-e-type=\"widget\" data-widget_type=\"spacer.default\">\n\t\t\t\t\t\t\t<div class=\"elementor-spacer\">\n\t\t\t<div class=\"elementor-spacer-inner\"><\/div>\n\t\t<\/div>\n\t\t\t\t\t\t<\/div>\n\t\t\t\t<div class=\"elementor-element elementor-element-8fd4cbb elementor-widget elementor-widget-text-editor\" data-id=\"8fd4cbb\" data-element_type=\"widget\" data-e-type=\"widget\" data-widget_type=\"text-editor.default\">\n\t\t\t\t\t\t\t\t\t<p>iStock, Unsplash (Zeihlund, Philip Myrtorp, Jeppe M\u00f8nster, Line Kj\u00e6r), egna foton m.fl.<br>Bilder f\u00e5r inte \u00e5teranv\u00e4ndas utan tillst\u00e5nd fr\u00e5n respektive r\u00e4ttighetsinnehavare.<\/p>\t\t\t\t\t\t\t\t<\/div>\n\t\t\t\t<\/div>\n\t\t\t\t\t<\/div>\n\t\t\t\t<\/div>\n\t\t\t\t\t<\/div>\n\t\t\t\t<\/div>\n\t\t\t\t<\/div>\n\t\t","protected":false},"excerpt":{"rendered":"<p>Om webbplatsen rwe.dk \u00e4r Rosenfelt &amp; West Engineering A\/S officiella webbplats.H\u00e4r kan ni l\u00e4sa om v\u00e5ra l\u00f6sningar, kompetenser och f\u00f6retaget. \u00c4gander\u00e4tt och upphovsr\u00e4tt Allt inneh\u00e5ll p\u00e5 rwe.dk \u2013 text, grafik, dokument och illustrationer \u2013 tillh\u00f6r Rosenfelt &amp; West Engineering A\/S, om inget annat anges. Inneh\u00e5llet f\u00e5r inte kopieras eller \u00e5terges utan skriftligt tillst\u00e5nd. Integritet och [&hellip;]<\/p>\n","protected":false},"author":2,"featured_media":0,"parent":0,"menu_order":0,"comment_status":"closed","ping_status":"closed","template":"","meta":{"footnotes":""},"class_list":["post-2201","page","type-page","status-publish","hentry"],"_links":{"self":[{"href":"https:\/\/rwe.dk\/sv\/wp-json\/wp\/v2\/pages\/2201","targetHints":{"allow":["GET"]}}],"collection":[{"href":"https:\/\/rwe.dk\/sv\/wp-json\/wp\/v2\/pages"}],"about":[{"href":"https:\/\/rwe.dk\/sv\/wp-json\/wp\/v2\/types\/page"}],"author":[{"embeddable":true,"href":"https:\/\/rwe.dk\/sv\/wp-json\/wp\/v2\/users\/2"}],"replies":[{"embeddable":true,"href":"https:\/\/rwe.dk\/sv\/wp-json\/wp\/v2\/comments?post=2201"}],"version-history":[{"count":2,"href":"https:\/\/rwe.dk\/sv\/wp-json\/wp\/v2\/pages\/2201\/revisions"}],"predecessor-version":[{"id":2387,"href":"https:\/\/rwe.dk\/sv\/wp-json\/wp\/v2\/pages\/2201\/revisions\/2387"}],"wp:attachment":[{"href":"https:\/\/rwe.dk\/sv\/wp-json\/wp\/v2\/media?parent=2201"}],"curies":[{"name":"wp","href":"https:\/\/api.w.org\/{rel}","templated":true}]}}