{"id":2220,"date":"2026-03-19T15:32:54","date_gmt":"2026-03-19T15:32:54","guid":{"rendered":"https:\/\/rwe.dk\/projektcase-verkstadsservice-1\/"},"modified":"2026-03-24T14:44:15","modified_gmt":"2026-03-24T14:44:15","slug":"projektcase-verkstadsservice-1","status":"publish","type":"page","link":"https:\/\/rwe.dk\/sv\/referenser\/projektcase-verkstadsservice-1\/","title":{"rendered":"\u2014 Projektcase \u2013 Verkstadsservice 1"},"content":{"rendered":"\t\t<div data-elementor-type=\"wp-page\" data-elementor-id=\"2220\" class=\"elementor elementor-2220 elementor-1777\" data-elementor-post-type=\"page\">\n\t\t\t\t<div class=\"elementor-element elementor-element-6ae76dc7 e-con-full e-flex e-con e-parent\" data-id=\"6ae76dc7\" data-element_type=\"container\" data-e-type=\"container\" data-settings=\"{&quot;background_background&quot;:&quot;classic&quot;}\">\n\t\t<div class=\"elementor-element elementor-element-6ce401dd e-grid e-con-boxed e-con e-child\" data-id=\"6ce401dd\" data-element_type=\"container\" data-e-type=\"container\">\n\t\t\t\t\t<div class=\"e-con-inner\">\n\t\t<div class=\"elementor-element elementor-element-6d21bdaa e-con-full e-flex e-con e-child\" data-id=\"6d21bdaa\" data-element_type=\"container\" data-e-type=\"container\">\n\t\t\t\t<div class=\"elementor-element elementor-element-f204b6c elementor-widget elementor-widget-heading\" data-id=\"f204b6c\" data-element_type=\"widget\" data-e-type=\"widget\" data-widget_type=\"heading.default\">\n\t\t\t\t\t<h4 class=\"elementor-heading-title elementor-size-default\">Projektcase <\/h4>\t\t\t\t<\/div>\n\t\t\t\t<div class=\"elementor-element elementor-element-60515bcd elementor-widget elementor-widget-spacer\" data-id=\"60515bcd\" data-element_type=\"widget\" data-e-type=\"widget\" data-widget_type=\"spacer.default\">\n\t\t\t\t\t\t\t<div class=\"elementor-spacer\">\n\t\t\t<div class=\"elementor-spacer-inner\"><\/div>\n\t\t<\/div>\n\t\t\t\t\t\t<\/div>\n\t\t\t\t<div class=\"elementor-element elementor-element-4ddf2595 elementor-widget elementor-widget-heading\" data-id=\"4ddf2595\" data-element_type=\"widget\" data-e-type=\"widget\" data-widget_type=\"heading.default\">\n\t\t\t\t\t<h1 class=\"elementor-heading-title elementor-size-default\">Gr\u00f6nare s\u00e4kerhetsmateriel <\/h1>\t\t\t\t<\/div>\n\t\t\t\t<div class=\"elementor-element elementor-element-a7d4cbc elementor-widget elementor-widget-spacer\" data-id=\"a7d4cbc\" data-element_type=\"widget\" data-e-type=\"widget\" data-widget_type=\"spacer.default\">\n\t\t\t\t\t\t\t<div class=\"elementor-spacer\">\n\t\t\t<div class=\"elementor-spacer-inner\"><\/div>\n\t\t<\/div>\n\t\t\t\t\t\t<\/div>\n\t\t<div class=\"elementor-element elementor-element-1771083 e-con-full e-flex e-con e-child\" data-id=\"1771083\" data-element_type=\"container\" data-e-type=\"container\">\n\t\t\t\t<div class=\"elementor-element elementor-element-121dbaf elementor-widget elementor-widget-button\" data-id=\"121dbaf\" data-element_type=\"widget\" data-e-type=\"widget\" data-widget_type=\"button.default\">\n\t\t\t\t\t\t\t\t\t\t<a class=\"elementor-button elementor-size-sm\" role=\"button\">\n\t\t\t\t\t\t<span class=\"elementor-button-content-wrapper\">\n\t\t\t\t\t\t\t\t\t<span class=\"elementor-button-text\">Banedanmark<\/span>\n\t\t\t\t\t<\/span>\n\t\t\t\t\t<\/a>\n\t\t\t\t\t\t\t\t<\/div>\n\t\t\t\t<div class=\"elementor-element elementor-element-229edac elementor-widget elementor-widget-button\" data-id=\"229edac\" data-element_type=\"widget\" data-e-type=\"widget\" data-widget_type=\"button.default\">\n\t\t\t\t\t\t\t\t\t\t<a class=\"elementor-button elementor-size-sm\" role=\"button\">\n\t\t\t\t\t\t<span class=\"elementor-button-content-wrapper\">\n\t\t\t\t\t\t\t\t\t<span class=\"elementor-button-text\">Danmark<\/span>\n\t\t\t\t\t<\/span>\n\t\t\t\t\t<\/a>\n\t\t\t\t\t\t\t\t<\/div>\n\t\t\t\t<div class=\"elementor-element elementor-element-b2e1dde elementor-widget elementor-widget-button\" data-id=\"b2e1dde\" data-element_type=\"widget\" data-e-type=\"widget\" data-widget_type=\"button.default\">\n\t\t\t\t\t\t\t\t\t\t<a class=\"elementor-button elementor-button-link elementor-size-sm\" href=\"https:\/\/rwe.dk\/loesninger\/vaerkstedsservice\/\">\n\t\t\t\t\t\t<span class=\"elementor-button-content-wrapper\">\n\t\t\t\t\t\t\t\t\t<span class=\"elementor-button-text\">Verkstadsservice<\/span>\n\t\t\t\t\t<\/span>\n\t\t\t\t\t<\/a>\n\t\t\t\t\t\t\t\t<\/div>\n\t\t\t\t<div class=\"elementor-element elementor-element-01f3956 elementor-widget elementor-widget-button\" data-id=\"01f3956\" data-element_type=\"widget\" data-e-type=\"widget\" data-widget_type=\"button.default\">\n\t\t\t\t\t\t\t\t\t\t<a class=\"elementor-button elementor-button-link elementor-size-sm\" href=\"https:\/\/rwe.dk\/loesninger\/overkoersler\/\">\n\t\t\t\t\t\t<span class=\"elementor-button-content-wrapper\">\n\t\t\t\t\t\t\t\t\t<span class=\"elementor-button-text\">Plankorsningar<\/span>\n\t\t\t\t\t<\/span>\n\t\t\t\t\t<\/a>\n\t\t\t\t\t\t\t\t<\/div>\n\t\t\t\t<\/div>\n\t\t\t\t<\/div>\n\t\t\t\t<div class=\"elementor-element elementor-element-e53ead0 elementor-widget elementor-widget-image\" data-id=\"e53ead0\" data-element_type=\"widget\" data-e-type=\"widget\" data-widget_type=\"image.default\">\n\t\t\t\t\t\t\t\t\t\t\t\t\t\t\t<img fetchpriority=\"high\" decoding=\"async\" width=\"1200\" height=\"1200\" src=\"https:\/\/rwe.dk\/wp-content\/uploads\/2026\/03\/iStock-178754157.webp\" class=\"attachment-full size-full wp-image-2221\" alt=\"\" srcset=\"https:\/\/rwe.dk\/wp-content\/uploads\/2026\/03\/iStock-178754157.webp 1200w, https:\/\/rwe.dk\/wp-content\/uploads\/2026\/03\/iStock-178754157-300x300.webp 300w, https:\/\/rwe.dk\/wp-content\/uploads\/2026\/03\/iStock-178754157-1024x1024.webp 1024w, https:\/\/rwe.dk\/wp-content\/uploads\/2026\/03\/iStock-178754157-150x150.webp 150w, https:\/\/rwe.dk\/wp-content\/uploads\/2026\/03\/iStock-178754157-768x768.webp 768w\" sizes=\"(max-width: 1200px) 100vw, 1200px\" \/>\t\t\t\t\t\t\t\t\t\t\t\t\t\t\t<\/div>\n\t\t\t\t\t<\/div>\n\t\t\t\t<\/div>\n\t\t\t\t<\/div>\n\t\t<div class=\"elementor-element elementor-element-58002cd2 e-grid e-con-boxed e-con e-parent\" data-id=\"58002cd2\" data-element_type=\"container\" data-e-type=\"container\" data-settings=\"{&quot;background_background&quot;:&quot;classic&quot;}\">\n\t\t\t\t\t<div class=\"e-con-inner\">\n\t\t<div class=\"elementor-element elementor-element-420c895d e-grid e-con-boxed e-con e-child\" data-id=\"420c895d\" data-element_type=\"container\" data-e-type=\"container\" data-settings=\"{&quot;background_background&quot;:&quot;classic&quot;}\">\n\t\t\t\t\t<div class=\"e-con-inner\">\n\t\t<div class=\"elementor-element elementor-element-60d9b5f0 e-con-full e-flex e-con e-child\" data-id=\"60d9b5f0\" data-element_type=\"container\" data-e-type=\"container\">\n\t\t\t\t<div class=\"elementor-element elementor-element-5c393f5b elementor-widget elementor-widget-heading\" data-id=\"5c393f5b\" data-element_type=\"widget\" data-e-type=\"widget\" data-widget_type=\"heading.default\">\n\t\t\t\t\t<h3 class=\"elementor-heading-title elementor-size-default\">Renovering ger en gr\u00f6nare j\u00e4rnv\u00e4g och mindre belastning p\u00e5 milj\u00f6n<\/h3>\t\t\t\t<\/div>\n\t\t\t\t<div class=\"elementor-element elementor-element-5bbc1ad elementor-widget elementor-widget-spacer\" data-id=\"5bbc1ad\" data-element_type=\"widget\" data-e-type=\"widget\" data-widget_type=\"spacer.default\">\n\t\t\t\t\t\t\t<div class=\"elementor-spacer\">\n\t\t\t<div class=\"elementor-spacer-inner\"><\/div>\n\t\t<\/div>\n\t\t\t\t\t\t<\/div>\n\t\t\t\t<div class=\"elementor-element elementor-element-4ad83d0d elementor-widget elementor-widget-text-editor\" data-id=\"4ad83d0d\" data-element_type=\"widget\" data-e-type=\"widget\" data-widget_type=\"text-editor.default\">\n\t\t\t\t\t\t\t\t\t<p>M\u00e5nga plankorsningsanl\u00e4ggningar i Danmark best\u00e5r av komponenter som \u00e4r robusta men \u00e5ldrande \u2013 och som i allt h\u00f6gre grad har utg\u00e5tt ur produktion. Att kassera all utrustning varje g\u00e5ng en anl\u00e4ggning moderniseras eller demonteras \u00e4r b\u00e5de dyrt och milj\u00f6m\u00e4ssigt belastande. D\u00e4rf\u00f6r har vi l\u00e4nge arbetat med \u00e5teranv\u00e4ndning som ett bra och gr\u00f6nt alternativ.  <\/p>\t\t\t\t\t\t\t\t<\/div>\n\t\t\t\t<div class=\"elementor-element elementor-element-21d3aad elementor-widget elementor-widget-heading\" data-id=\"21d3aad\" data-element_type=\"widget\" data-e-type=\"widget\" data-widget_type=\"heading.default\">\n\t\t\t\t\t<h5 class=\"elementor-heading-title elementor-size-default\">Systematisk renovering av komponenter<\/h5>\t\t\t\t<\/div>\n\t\t\t\t<div class=\"elementor-element elementor-element-dd10627 elementor-widget elementor-widget-spacer\" data-id=\"dd10627\" data-element_type=\"widget\" data-e-type=\"widget\" data-widget_type=\"spacer.default\">\n\t\t\t\t\t\t\t<div class=\"elementor-spacer\">\n\t\t\t<div class=\"elementor-spacer-inner\"><\/div>\n\t\t<\/div>\n\t\t\t\t\t\t<\/div>\n\t\t\t\t<div class=\"elementor-element elementor-element-43e8d58 elementor-widget elementor-widget-text-editor\" data-id=\"43e8d58\" data-element_type=\"widget\" data-e-type=\"widget\" data-widget_type=\"text-editor.default\">\n\t\t\t\t\t\t\t\t\t<p>RWE har sedan 1980-talet arbetat m\u00e5lmedvetet med att renovera och \u00e5teranv\u00e4nda utrustning f\u00f6r plankorsningar. Det g\u00e4ller bland annat upp till 1 000 bomdriv som har satts i st\u00e5nd genom \u00e5ren, s\u00e5 att de kan anv\u00e4ndas igen i st\u00e4llet f\u00f6r att kasseras. <\/p><p>Enbart under 2025 har vi renoverat cirka 50 bomdriv f\u00f6r Banedanmark. En del av de renoverade driven anv\u00e4ndes d\u00e4refter vid BUES 2000-plankorsningar p\u00e5 Vestbanen.<br>Ut\u00f6ver bomdriv renoverar vi \u00e4ven rel\u00e4er, klockor, master, bomlyktor och andra komponenter f\u00f6r b\u00e5de plankorsningar och s\u00e4kerhetsanl\u00e4ggningar. <\/p>\t\t\t\t\t\t\t\t<\/div>\n\t\t\t\t<div class=\"elementor-element elementor-element-0713ef3 elementor-widget elementor-widget-heading\" data-id=\"0713ef3\" data-element_type=\"widget\" data-e-type=\"widget\" data-widget_type=\"heading.default\">\n\t\t\t\t\t<h5 class=\"elementor-heading-title elementor-size-default\">CO\u2082-besparing och l\u00e4gre kostnader<\/h5>\t\t\t\t<\/div>\n\t\t\t\t<div class=\"elementor-element elementor-element-9b0a505 elementor-widget elementor-widget-spacer\" data-id=\"9b0a505\" data-element_type=\"widget\" data-e-type=\"widget\" data-widget_type=\"spacer.default\">\n\t\t\t\t\t\t\t<div class=\"elementor-spacer\">\n\t\t\t<div class=\"elementor-spacer-inner\"><\/div>\n\t\t<\/div>\n\t\t\t\t\t\t<\/div>\n\t\t\t\t<div class=\"elementor-element elementor-element-06b6f1e elementor-widget elementor-widget-text-editor\" data-id=\"06b6f1e\" data-element_type=\"widget\" data-e-type=\"widget\" data-widget_type=\"text-editor.default\">\n\t\t\t\t\t\t\t\t\t<p class=\"p1\">\u00c5teranv\u00e4ndning av materiel minskar b\u00e5de CO\u2082-avtrycket och den totala kostnaden f\u00f6r samh\u00e4lle och infrastrukturf\u00f6rvaltare. Varje renoverad komponent sparar resurser, minimerar avfall och utnyttjar befintligt materiel \u2013 utan att kompromissa med drifts\u00e4kerheten. <\/p>\t\t\t\t\t\t\t\t<\/div>\n\t\t\t\t<div class=\"elementor-element elementor-element-1d061e04 elementor-widget elementor-widget-spacer\" data-id=\"1d061e04\" data-element_type=\"widget\" data-e-type=\"widget\" data-widget_type=\"spacer.default\">\n\t\t\t\t\t\t\t<div class=\"elementor-spacer\">\n\t\t\t<div class=\"elementor-spacer-inner\"><\/div>\n\t\t<\/div>\n\t\t\t\t\t\t<\/div>\n\t\t\t\t<div class=\"elementor-element elementor-element-7912fbc elementor-widget elementor-widget-button\" data-id=\"7912fbc\" data-element_type=\"widget\" data-e-type=\"widget\" data-widget_type=\"button.default\">\n\t\t\t\t\t\t\t\t\t\t<a class=\"elementor-button elementor-button-link elementor-size-sm\" href=\"https:\/\/rwe.dk\/referencer\/\">\n\t\t\t\t\t\t<span class=\"elementor-button-content-wrapper\">\n\t\t\t\t\t\t<span class=\"elementor-button-icon\">\n\t\t\t\t<svg xmlns=\"http:\/\/www.w3.org\/2000\/svg\" id=\"Layer_1\" data-name=\"Layer 1\" viewBox=\"0 0 13.15 11.93\"><defs><style>      .cls-1 {        fill: #555;      }    <\/style><\/defs><path class=\"cls-1\" d=\"M7.19,11.93l-1.15-1.14,4-4H0v-1.66h10.04l-4-3.99,1.15-1.14,5.96,5.96-5.96,5.96Z\"><\/path><\/svg>\t\t\t<\/span>\n\t\t\t\t\t\t\t\t\t<span class=\"elementor-button-text\">Se fler projektcase<\/span>\n\t\t\t\t\t<\/span>\n\t\t\t\t\t<\/a>\n\t\t\t\t\t\t\t\t<\/div>\n\t\t\t\t<\/div>\n\t\t\t\t\t<\/div>\n\t\t\t\t<\/div>\n\t\t\t\t\t<\/div>\n\t\t\t\t<\/div>\n\t\t<div class=\"elementor-element elementor-element-a453316 e-grid e-con-boxed e-con e-parent\" data-id=\"a453316\" data-element_type=\"container\" data-e-type=\"container\" data-settings=\"{&quot;background_background&quot;:&quot;classic&quot;}\">\n\t\t\t\t\t<div class=\"e-con-inner\">\n\t\t<div class=\"elementor-element elementor-element-1c5838f e-grid e-con-boxed e-con e-child\" data-id=\"1c5838f\" data-element_type=\"container\" data-e-type=\"container\" data-settings=\"{&quot;background_background&quot;:&quot;classic&quot;}\">\n\t\t\t\t\t<div class=\"e-con-inner\">\n\t\t<div class=\"elementor-element elementor-element-67e2fca e-con-full e-flex e-con e-child\" data-id=\"67e2fca\" data-element_type=\"container\" data-e-type=\"container\">\n\t\t\t\t<div class=\"elementor-element elementor-element-d90d2b3 elementor-widget elementor-widget-heading\" data-id=\"d90d2b3\" data-element_type=\"widget\" data-e-type=\"widget\" data-widget_type=\"heading.default\">\n\t\t\t\t\t<h3 class=\"elementor-heading-title elementor-size-default\">Kontakt<\/h3>\t\t\t\t<\/div>\n\t\t\t\t<div class=\"elementor-element elementor-element-50faebe elementor-widget elementor-widget-spacer\" data-id=\"50faebe\" data-element_type=\"widget\" data-e-type=\"widget\" data-widget_type=\"spacer.default\">\n\t\t\t\t\t\t\t<div class=\"elementor-spacer\">\n\t\t\t<div class=\"elementor-spacer-inner\"><\/div>\n\t\t<\/div>\n\t\t\t\t\t\t<\/div>\n\t\t\t\t<div class=\"elementor-element elementor-element-a891615 elementor-widget-divider--view-line elementor-widget elementor-widget-divider\" data-id=\"a891615\" data-element_type=\"widget\" data-e-type=\"widget\" data-widget_type=\"divider.default\">\n\t\t\t\t\t\t\t<div class=\"elementor-divider\">\n\t\t\t<span class=\"elementor-divider-separator\">\n\t\t\t\t\t\t<\/span>\n\t\t<\/div>\n\t\t\t\t\t\t<\/div>\n\t\t\t\t<div class=\"elementor-element elementor-element-771b3d3 elementor-widget elementor-widget-spacer\" data-id=\"771b3d3\" data-element_type=\"widget\" data-e-type=\"widget\" data-widget_type=\"spacer.default\">\n\t\t\t\t\t\t\t<div class=\"elementor-spacer\">\n\t\t\t<div class=\"elementor-spacer-inner\"><\/div>\n\t\t<\/div>\n\t\t\t\t\t\t<\/div>\n\t\t<div class=\"elementor-element elementor-element-8deee7c e-grid e-con-full e-con e-child\" data-id=\"8deee7c\" data-element_type=\"container\" data-e-type=\"container\">\n\t\t\t\t<div class=\"elementor-element elementor-element-6d35672 elementor-widget elementor-widget-image\" data-id=\"6d35672\" data-element_type=\"widget\" data-e-type=\"widget\" data-widget_type=\"image.default\">\n\t\t\t\t\t\t\t\t\t\t\t\t\t\t\t<img decoding=\"async\" width=\"1000\" height=\"1000\" src=\"https:\/\/rwe.dk\/wp-content\/uploads\/2026\/03\/HK-2.jpg\" class=\"attachment-full size-full wp-image-2222\" alt=\"\" srcset=\"https:\/\/rwe.dk\/wp-content\/uploads\/2026\/03\/HK-2.jpg 1000w, https:\/\/rwe.dk\/wp-content\/uploads\/2026\/03\/HK-2-300x300.jpg 300w, https:\/\/rwe.dk\/wp-content\/uploads\/2026\/03\/HK-2-150x150.jpg 150w, https:\/\/rwe.dk\/wp-content\/uploads\/2026\/03\/HK-2-768x768.jpg 768w\" sizes=\"(max-width: 1000px) 100vw, 1000px\" \/>\t\t\t\t\t\t\t\t\t\t\t\t\t\t\t<\/div>\n\t\t<div class=\"elementor-element elementor-element-a66f456 e-con-full e-flex e-con e-child\" data-id=\"a66f456\" data-element_type=\"container\" data-e-type=\"container\">\n\t\t\t\t<div class=\"elementor-element elementor-element-125d06c elementor-widget elementor-widget-heading\" data-id=\"125d06c\" data-element_type=\"widget\" data-e-type=\"widget\" data-widget_type=\"heading.default\">\n\t\t\t\t\t<h5 class=\"elementor-heading-title elementor-size-default\">Henrik Kjeldgaard<\/h5>\t\t\t\t<\/div>\n\t\t\t\t<div class=\"elementor-element elementor-element-5fd47ce elementor-widget elementor-widget-spacer\" data-id=\"5fd47ce\" data-element_type=\"widget\" data-e-type=\"widget\" data-widget_type=\"spacer.default\">\n\t\t\t\t\t\t\t<div class=\"elementor-spacer\">\n\t\t\t<div class=\"elementor-spacer-inner\"><\/div>\n\t\t<\/div>\n\t\t\t\t\t\t<\/div>\n\t\t\t\t<div class=\"elementor-element elementor-element-03f13f9 elementor-widget elementor-widget-heading\" data-id=\"03f13f9\" data-element_type=\"widget\" data-e-type=\"widget\" data-widget_type=\"heading.default\">\n\t\t\t\t\t<h5 class=\"elementor-heading-title elementor-size-default\">Avdelningschef\n<\/h5>\t\t\t\t<\/div>\n\t\t\t\t<div class=\"elementor-element elementor-element-a6db3de elementor-widget elementor-widget-spacer\" data-id=\"a6db3de\" data-element_type=\"widget\" data-e-type=\"widget\" data-widget_type=\"spacer.default\">\n\t\t\t\t\t\t\t<div class=\"elementor-spacer\">\n\t\t\t<div class=\"elementor-spacer-inner\"><\/div>\n\t\t<\/div>\n\t\t\t\t\t\t<\/div>\n\t\t\t\t<div class=\"elementor-element elementor-element-350f58d elementor-widget elementor-widget-text-editor\" data-id=\"350f58d\" data-element_type=\"widget\" data-e-type=\"widget\" data-widget_type=\"text-editor.default\">\n\t\t\t\t\t\t\t\t\t<p class=\"p1\"><span class=\"s1\">Telefon +45 4716 0682<br>Mobil +45 4020 6216<br><\/span><span class=\"s1\">E-post <a href=\"mailto:hk@rwe.dk\">hk@rwe.dk<\/a><\/span><\/p>\t\t\t\t\t\t\t\t<\/div>\n\t\t\t\t<\/div>\n\t\t\t\t<\/div>\n\t\t\t\t<div class=\"elementor-element elementor-element-f2dec5e elementor-widget elementor-widget-spacer\" data-id=\"f2dec5e\" data-element_type=\"widget\" data-e-type=\"widget\" data-widget_type=\"spacer.default\">\n\t\t\t\t\t\t\t<div class=\"elementor-spacer\">\n\t\t\t<div class=\"elementor-spacer-inner\"><\/div>\n\t\t<\/div>\n\t\t\t\t\t\t<\/div>\n\t\t\t\t<div class=\"elementor-element elementor-element-fd997b4 elementor-widget-divider--view-line elementor-widget elementor-widget-divider\" data-id=\"fd997b4\" data-element_type=\"widget\" data-e-type=\"widget\" data-widget_type=\"divider.default\">\n\t\t\t\t\t\t\t<div class=\"elementor-divider\">\n\t\t\t<span class=\"elementor-divider-separator\">\n\t\t\t\t\t\t<\/span>\n\t\t<\/div>\n\t\t\t\t\t\t<\/div>\n\t\t\t\t<\/div>\n\t\t\t\t\t<\/div>\n\t\t\t\t<\/div>\n\t\t\t\t\t<\/div>\n\t\t\t\t<\/div>\n\t\t\t\t<\/div>\n\t\t","protected":false},"excerpt":{"rendered":"<p>Projektcase Gr\u00f6nare s\u00e4kerhetsmateriel Banedanmark Danmark Verkstadsservice Plankorsningar Renovering ger en gr\u00f6nare j\u00e4rnv\u00e4g och mindre belastning p\u00e5 milj\u00f6n M\u00e5nga plankorsningsanl\u00e4ggningar i Danmark best\u00e5r av komponenter som \u00e4r robusta men \u00e5ldrande \u2013 och som i allt h\u00f6gre grad har utg\u00e5tt ur produktion. Att kassera all utrustning varje g\u00e5ng en anl\u00e4ggning moderniseras eller demonteras \u00e4r b\u00e5de dyrt och [&hellip;]<\/p>\n","protected":false},"author":2,"featured_media":0,"parent":2275,"menu_order":0,"comment_status":"closed","ping_status":"closed","template":"","meta":{"footnotes":""},"class_list":["post-2220","page","type-page","status-publish","hentry"],"_links":{"self":[{"href":"https:\/\/rwe.dk\/sv\/wp-json\/wp\/v2\/pages\/2220","targetHints":{"allow":["GET"]}}],"collection":[{"href":"https:\/\/rwe.dk\/sv\/wp-json\/wp\/v2\/pages"}],"about":[{"href":"https:\/\/rwe.dk\/sv\/wp-json\/wp\/v2\/types\/page"}],"author":[{"embeddable":true,"href":"https:\/\/rwe.dk\/sv\/wp-json\/wp\/v2\/users\/2"}],"replies":[{"embeddable":true,"href":"https:\/\/rwe.dk\/sv\/wp-json\/wp\/v2\/comments?post=2220"}],"version-history":[{"count":1,"href":"https:\/\/rwe.dk\/sv\/wp-json\/wp\/v2\/pages\/2220\/revisions"}],"predecessor-version":[{"id":2224,"href":"https:\/\/rwe.dk\/sv\/wp-json\/wp\/v2\/pages\/2220\/revisions\/2224"}],"up":[{"embeddable":true,"href":"https:\/\/rwe.dk\/sv\/wp-json\/wp\/v2\/pages\/2275"}],"wp:attachment":[{"href":"https:\/\/rwe.dk\/sv\/wp-json\/wp\/v2\/media?parent=2220"}],"curies":[{"name":"wp","href":"https:\/\/api.w.org\/{rel}","templated":true}]}}