{"id":2291,"date":"2026-03-12T14:58:00","date_gmt":"2026-03-12T14:58:00","guid":{"rendered":"https:\/\/rwe.dk\/kontakt\/"},"modified":"2026-03-24T14:44:32","modified_gmt":"2026-03-24T14:44:32","slug":"kontakt","status":"publish","type":"page","link":"https:\/\/rwe.dk\/sv\/kontakt\/","title":{"rendered":"Kontakt"},"content":{"rendered":"\t\t<div data-elementor-type=\"wp-page\" data-elementor-id=\"2291\" class=\"elementor elementor-2291 elementor-564\" data-elementor-post-type=\"page\">\n\t\t\t\t<div class=\"elementor-element elementor-element-37a800ad e-con-full e-flex e-con e-parent\" data-id=\"37a800ad\" data-element_type=\"container\" data-e-type=\"container\" data-settings=\"{&quot;background_background&quot;:&quot;classic&quot;}\">\n\t\t<div class=\"elementor-element elementor-element-aed732d e-grid e-con-boxed e-con e-child\" data-id=\"aed732d\" data-element_type=\"container\" data-e-type=\"container\">\n\t\t\t\t\t<div class=\"e-con-inner\">\n\t\t<div class=\"elementor-element elementor-element-17d876e7 e-con-full e-flex e-con e-child\" data-id=\"17d876e7\" data-element_type=\"container\" data-e-type=\"container\">\n\t\t\t\t<div class=\"elementor-element elementor-element-7fab8616 elementor-widget elementor-widget-heading\" data-id=\"7fab8616\" data-element_type=\"widget\" data-e-type=\"widget\" data-widget_type=\"heading.default\">\n\t\t\t\t\t<h5 class=\"elementor-heading-title elementor-size-default\">Kontakta oss<\/h5>\t\t\t\t<\/div>\n\t\t\t\t<div class=\"elementor-element elementor-element-4ba4f336 elementor-widget elementor-widget-spacer\" data-id=\"4ba4f336\" data-element_type=\"widget\" data-e-type=\"widget\" data-widget_type=\"spacer.default\">\n\t\t\t\t\t\t\t<div class=\"elementor-spacer\">\n\t\t\t<div class=\"elementor-spacer-inner\"><\/div>\n\t\t<\/div>\n\t\t\t\t\t\t<\/div>\n\t\t\t\t<div class=\"elementor-element elementor-element-795b4d8b elementor-widget elementor-widget-heading\" data-id=\"795b4d8b\" data-element_type=\"widget\" data-e-type=\"widget\" data-widget_type=\"heading.default\">\n\t\t\t\t\t<h1 class=\"elementor-heading-title elementor-size-default\">Vi h\u00f6r g\u00e4rna fr\u00e5n er<\/h1>\t\t\t\t<\/div>\n\t\t\t\t<div class=\"elementor-element elementor-element-385a5488 elementor-widget elementor-widget-spacer\" data-id=\"385a5488\" data-element_type=\"widget\" data-e-type=\"widget\" data-widget_type=\"spacer.default\">\n\t\t\t\t\t\t\t<div class=\"elementor-spacer\">\n\t\t\t<div class=\"elementor-spacer-inner\"><\/div>\n\t\t<\/div>\n\t\t\t\t\t\t<\/div>\n\t\t\t\t<div class=\"elementor-element elementor-element-3b74ab7 elementor-widget elementor-widget-text-editor\" data-id=\"3b74ab7\" data-element_type=\"widget\" data-e-type=\"widget\" data-widget_type=\"text-editor.default\">\n\t\t\t\t\t\t\t\t\t<p class=\"p1\">S\u00f6ker ni en erfaren samarbetspartner f\u00f6r ert nya projekt, en produkt, support eller jobb hos oss? Ring eller skriv. <\/p>\t\t\t\t\t\t\t\t<\/div>\n\t\t\t\t<div class=\"elementor-element elementor-element-287120ac elementor-widget elementor-widget-spacer\" data-id=\"287120ac\" data-element_type=\"widget\" data-e-type=\"widget\" data-widget_type=\"spacer.default\">\n\t\t\t\t\t\t\t<div class=\"elementor-spacer\">\n\t\t\t<div class=\"elementor-spacer-inner\"><\/div>\n\t\t<\/div>\n\t\t\t\t\t\t<\/div>\n\t\t\t\t<div class=\"elementor-element elementor-element-6f94ef8 elementor-widget elementor-widget-button\" data-id=\"6f94ef8\" data-element_type=\"widget\" data-e-type=\"widget\" data-widget_type=\"button.default\">\n\t\t\t\t\t\t\t\t\t\t<a class=\"elementor-button elementor-button-link elementor-size-sm\" href=\"https:\/\/rwe.dk\/sv\/om-oss\/medarbetare\/\">\n\t\t\t\t\t\t<span class=\"elementor-button-content-wrapper\">\n\t\t\t\t\t\t<span class=\"elementor-button-icon\">\n\t\t\t\t<svg xmlns=\"http:\/\/www.w3.org\/2000\/svg\" id=\"Layer_1\" data-name=\"Layer 1\" viewBox=\"0 0 13.15 11.93\"><defs><style>      .cls-1 {        fill: #555;      }    <\/style><\/defs><path class=\"cls-1\" d=\"M7.19,11.93l-1.15-1.14,4-4H0v-1.66h10.04l-4-3.99,1.15-1.14,5.96,5.96-5.96,5.96Z\"><\/path><\/svg>\t\t\t<\/span>\n\t\t\t\t\t\t\t\t\t<span class=\"elementor-button-text\">Medarbetare<\/span>\n\t\t\t\t\t<\/span>\n\t\t\t\t\t<\/a>\n\t\t\t\t\t\t\t\t<\/div>\n\t\t\t\t<div class=\"elementor-element elementor-element-f99d314 elementor-widget elementor-widget-spacer\" data-id=\"f99d314\" data-element_type=\"widget\" data-e-type=\"widget\" data-widget_type=\"spacer.default\">\n\t\t\t\t\t\t\t<div class=\"elementor-spacer\">\n\t\t\t<div class=\"elementor-spacer-inner\"><\/div>\n\t\t<\/div>\n\t\t\t\t\t\t<\/div>\n\t\t\t\t<\/div>\n\t\t\t\t<div class=\"elementor-element elementor-element-6fe50981 elementor-widget elementor-widget-image\" data-id=\"6fe50981\" data-element_type=\"widget\" data-e-type=\"widget\" data-widget_type=\"image.default\">\n\t\t\t\t\t\t\t\t\t\t\t\t\t\t\t<img fetchpriority=\"high\" decoding=\"async\" width=\"1200\" height=\"1200\" src=\"https:\/\/rwe.dk\/wp-content\/uploads\/2026\/03\/jeppe-monster-0BgH5dlpVcU-unsplash.webp\" class=\"attachment-full size-full wp-image-1210\" alt=\"\" srcset=\"https:\/\/rwe.dk\/wp-content\/uploads\/2026\/03\/jeppe-monster-0BgH5dlpVcU-unsplash.webp 1200w, https:\/\/rwe.dk\/wp-content\/uploads\/2026\/03\/jeppe-monster-0BgH5dlpVcU-unsplash-300x300.webp 300w, https:\/\/rwe.dk\/wp-content\/uploads\/2026\/03\/jeppe-monster-0BgH5dlpVcU-unsplash-1024x1024.webp 1024w, https:\/\/rwe.dk\/wp-content\/uploads\/2026\/03\/jeppe-monster-0BgH5dlpVcU-unsplash-150x150.webp 150w, https:\/\/rwe.dk\/wp-content\/uploads\/2026\/03\/jeppe-monster-0BgH5dlpVcU-unsplash-768x768.webp 768w\" sizes=\"(max-width: 1200px) 100vw, 1200px\" \/>\t\t\t\t\t\t\t\t\t\t\t\t\t\t\t<\/div>\n\t\t\t\t\t<\/div>\n\t\t\t\t<\/div>\n\t\t\t\t<\/div>\n\t\t<div class=\"elementor-element elementor-element-5b8dc8e e-flex e-con-boxed e-con e-parent\" data-id=\"5b8dc8e\" data-element_type=\"container\" data-e-type=\"container\" data-settings=\"{&quot;background_background&quot;:&quot;classic&quot;}\">\n\t\t\t\t\t<div class=\"e-con-inner\">\n\t\t<div class=\"elementor-element elementor-element-4e1e9388 e-grid e-con-boxed e-con e-child\" data-id=\"4e1e9388\" data-element_type=\"container\" data-e-type=\"container\">\n\t\t\t\t\t<div class=\"e-con-inner\">\n\t\t<div class=\"elementor-element elementor-element-7d8098bc e-con-full e-flex e-con e-child\" data-id=\"7d8098bc\" data-element_type=\"container\" data-e-type=\"container\">\n\t\t\t\t<div class=\"elementor-element elementor-element-51cae16d elementor-widget elementor-widget-heading\" data-id=\"51cae16d\" data-element_type=\"widget\" data-e-type=\"widget\" data-widget_type=\"heading.default\">\n\t\t\t\t\t<h3 class=\"elementor-heading-title elementor-size-default\">Kontor<\/h3>\t\t\t\t<\/div>\n\t\t\t\t<div class=\"elementor-element elementor-element-205d5c09 elementor-widget elementor-widget-spacer\" data-id=\"205d5c09\" data-element_type=\"widget\" data-e-type=\"widget\" data-widget_type=\"spacer.default\">\n\t\t\t\t\t\t\t<div class=\"elementor-spacer\">\n\t\t\t<div class=\"elementor-spacer-inner\"><\/div>\n\t\t<\/div>\n\t\t\t\t\t\t<\/div>\n\t\t\t\t<div class=\"elementor-element elementor-element-21089988 elementor-widget elementor-widget-text-editor\" data-id=\"21089988\" data-element_type=\"widget\" data-e-type=\"widget\" data-widget_type=\"text-editor.default\">\n\t\t\t\t\t\t\t\t\t<p class=\"p1\">+45 47 100 200<br><a href=\"mailto:info@rwe.dk\">info@rwe.dk<\/a><\/p><p class=\"p1\">R\u00e5dhus All\u00e9 7<br>DK-3650 \u00d8lstykke<\/p><p class=\"p1\"><a href=\"https:\/\/maps.app.goo.gl\/PYxAnEkvgfkJApxR6\" target=\"_blank\" rel=\"noopener\"><span class=\"s1\">Visa v\u00e4gen<\/span><\/a><\/p>\t\t\t\t\t\t\t\t<\/div>\n\t\t\t\t<\/div>\n\t\t<div class=\"elementor-element elementor-element-1212a2fb e-con-full e-flex e-con e-child\" data-id=\"1212a2fb\" data-element_type=\"container\" data-e-type=\"container\">\n\t\t\t\t<div class=\"elementor-element elementor-element-62f3ef2c elementor-widget elementor-widget-heading\" data-id=\"62f3ef2c\" data-element_type=\"widget\" data-e-type=\"widget\" data-widget_type=\"heading.default\">\n\t\t\t\t\t<h3 class=\"elementor-heading-title elementor-size-default\">Verkstad och lager<\/h3>\t\t\t\t<\/div>\n\t\t\t\t<div class=\"elementor-element elementor-element-355260c0 elementor-widget elementor-widget-spacer\" data-id=\"355260c0\" data-element_type=\"widget\" data-e-type=\"widget\" data-widget_type=\"spacer.default\">\n\t\t\t\t\t\t\t<div class=\"elementor-spacer\">\n\t\t\t<div class=\"elementor-spacer-inner\"><\/div>\n\t\t<\/div>\n\t\t\t\t\t\t<\/div>\n\t\t\t\t<div class=\"elementor-element elementor-element-591d8069 elementor-widget elementor-widget-text-editor\" data-id=\"591d8069\" data-element_type=\"widget\" data-e-type=\"widget\" data-widget_type=\"text-editor.default\">\n\t\t\t\t\t\t\t\t\t<p class=\"p1\">+45 47 161 812<br><a href=\"mailto:lager@rwe.dk\">lager@rwe.dk<\/a><\/p><p class=\"p1\">Stenh\u00f8jvej 1A<br>DK-3650 \u00d8lstykke<\/p><p class=\"p1\"><a href=\"https:\/\/maps.app.goo.gl\/FvB7fTcgPdGDRXvS7\" target=\"_blank\" rel=\"noopener\"><span class=\"s1\">Visa v\u00e4gen<\/span><\/a><\/p>\t\t\t\t\t\t\t\t<\/div>\n\t\t\t\t<div class=\"elementor-element elementor-element-74956d2a elementor-widget elementor-widget-spacer\" data-id=\"74956d2a\" data-element_type=\"widget\" data-e-type=\"widget\" data-widget_type=\"spacer.default\">\n\t\t\t\t\t\t\t<div class=\"elementor-spacer\">\n\t\t\t<div class=\"elementor-spacer-inner\"><\/div>\n\t\t<\/div>\n\t\t\t\t\t\t<\/div>\n\t\t\t\t<\/div>\n\t\t<div class=\"elementor-element elementor-element-3d0851e e-con-full e-flex e-con e-child\" data-id=\"3d0851e\" data-element_type=\"container\" data-e-type=\"container\">\n\t\t\t\t<div class=\"elementor-element elementor-element-3df0c770 elementor-widget elementor-widget-heading\" data-id=\"3df0c770\" data-element_type=\"widget\" data-e-type=\"widget\" data-widget_type=\"heading.default\">\n\t\t\t\t\t<h3 class=\"elementor-heading-title elementor-size-default\">Jobb<\/h3>\t\t\t\t<\/div>\n\t\t\t\t<div class=\"elementor-element elementor-element-51e98557 elementor-widget elementor-widget-spacer\" data-id=\"51e98557\" data-element_type=\"widget\" data-e-type=\"widget\" data-widget_type=\"spacer.default\">\n\t\t\t\t\t\t\t<div class=\"elementor-spacer\">\n\t\t\t<div class=\"elementor-spacer-inner\"><\/div>\n\t\t<\/div>\n\t\t\t\t\t\t<\/div>\n\t\t\t\t<div class=\"elementor-element elementor-element-487c126a elementor-widget elementor-widget-text-editor\" data-id=\"487c126a\" data-element_type=\"widget\" data-e-type=\"widget\" data-widget_type=\"text-editor.default\">\n\t\t\t\t\t\t\t\t\t<p class=\"p1\"><a href=\"mailto:job@rwe.dk\">job@rwe.dk<\/a><\/p>\t\t\t\t\t\t\t\t<\/div>\n\t\t\t\t<div class=\"elementor-element elementor-element-20abc845 elementor-widget elementor-widget-spacer\" data-id=\"20abc845\" data-element_type=\"widget\" data-e-type=\"widget\" data-widget_type=\"spacer.default\">\n\t\t\t\t\t\t\t<div class=\"elementor-spacer\">\n\t\t\t<div class=\"elementor-spacer-inner\"><\/div>\n\t\t<\/div>\n\t\t\t\t\t\t<\/div>\n\t\t\t\t<div class=\"elementor-element elementor-element-6743e030 elementor-widget elementor-widget-spacer\" data-id=\"6743e030\" data-element_type=\"widget\" data-e-type=\"widget\" data-widget_type=\"spacer.default\">\n\t\t\t\t\t\t\t<div class=\"elementor-spacer\">\n\t\t\t<div class=\"elementor-spacer-inner\"><\/div>\n\t\t<\/div>\n\t\t\t\t\t\t<\/div>\n\t\t\t\t<\/div>\n\t\t\t\t\t<\/div>\n\t\t\t\t<\/div>\n\t\t\t\t\t<\/div>\n\t\t\t\t<\/div>\n\t\t<div class=\"elementor-element elementor-element-c3a99a0 e-flex e-con-boxed e-con e-parent\" data-id=\"c3a99a0\" data-element_type=\"container\" data-e-type=\"container\" data-settings=\"{&quot;background_background&quot;:&quot;classic&quot;}\">\n\t\t\t\t\t<div class=\"e-con-inner\">\n\t\t<div class=\"elementor-element elementor-element-f867ef6 e-grid e-con-boxed e-con e-child\" data-id=\"f867ef6\" data-element_type=\"container\" data-e-type=\"container\">\n\t\t\t\t\t<div class=\"e-con-inner\">\n\t\t<div class=\"elementor-element elementor-element-fbc0f59 e-con-full e-flex e-con e-child\" data-id=\"fbc0f59\" data-element_type=\"container\" data-e-type=\"container\">\n\t\t\t\t<div class=\"elementor-element elementor-element-6f5dab3 elementor-widget elementor-widget-heading\" data-id=\"6f5dab3\" data-element_type=\"widget\" data-e-type=\"widget\" data-widget_type=\"heading.default\">\n\t\t\t\t\t<h3 class=\"elementor-heading-title elementor-size-default\">\u00d6ppettider<\/h3>\t\t\t\t<\/div>\n\t\t\t\t<div class=\"elementor-element elementor-element-3d7830a elementor-widget elementor-widget-spacer\" data-id=\"3d7830a\" data-element_type=\"widget\" data-e-type=\"widget\" data-widget_type=\"spacer.default\">\n\t\t\t\t\t\t\t<div class=\"elementor-spacer\">\n\t\t\t<div class=\"elementor-spacer-inner\"><\/div>\n\t\t<\/div>\n\t\t\t\t\t\t<\/div>\n\t\t\t\t<div class=\"elementor-element elementor-element-c48d821 elementor-widget elementor-widget-text-editor\" data-id=\"c48d821\" data-element_type=\"widget\" data-e-type=\"widget\" data-widget_type=\"text-editor.default\">\n\t\t\t\t\t\t\t\t\t<p class=\"p1\">M\u00e5n\u2013tors 8:00\u201316:00<br>Fre 8:00\u201315:30<\/p>\t\t\t\t\t\t\t\t<\/div>\n\t\t\t\t<\/div>\n\t\t<div class=\"elementor-element elementor-element-c02d0a7 e-con-full e-flex e-con e-child\" data-id=\"c02d0a7\" data-element_type=\"container\" data-e-type=\"container\">\n\t\t\t\t<div class=\"elementor-element elementor-element-8967cae elementor-widget elementor-widget-spacer\" data-id=\"8967cae\" data-element_type=\"widget\" data-e-type=\"widget\" data-widget_type=\"spacer.default\">\n\t\t\t\t\t\t\t<div class=\"elementor-spacer\">\n\t\t\t<div class=\"elementor-spacer-inner\"><\/div>\n\t\t<\/div>\n\t\t\t\t\t\t<\/div>\n\t\t\t\t<div class=\"elementor-element elementor-element-2457ce5 elementor-widget elementor-widget-spacer\" data-id=\"2457ce5\" data-element_type=\"widget\" data-e-type=\"widget\" data-widget_type=\"spacer.default\">\n\t\t\t\t\t\t\t<div class=\"elementor-spacer\">\n\t\t\t<div class=\"elementor-spacer-inner\"><\/div>\n\t\t<\/div>\n\t\t\t\t\t\t<\/div>\n\t\t\t\t<\/div>\n\t\t<div class=\"elementor-element elementor-element-613bb83 e-con-full e-flex e-con e-child\" data-id=\"613bb83\" data-element_type=\"container\" data-e-type=\"container\">\n\t\t\t\t<div class=\"elementor-element elementor-element-6f54081 elementor-widget elementor-widget-spacer\" data-id=\"6f54081\" data-element_type=\"widget\" data-e-type=\"widget\" data-widget_type=\"spacer.default\">\n\t\t\t\t\t\t\t<div class=\"elementor-spacer\">\n\t\t\t<div class=\"elementor-spacer-inner\"><\/div>\n\t\t<\/div>\n\t\t\t\t\t\t<\/div>\n\t\t\t\t<div class=\"elementor-element elementor-element-05dfb5a elementor-widget elementor-widget-spacer\" data-id=\"05dfb5a\" data-element_type=\"widget\" data-e-type=\"widget\" data-widget_type=\"spacer.default\">\n\t\t\t\t\t\t\t<div class=\"elementor-spacer\">\n\t\t\t<div class=\"elementor-spacer-inner\"><\/div>\n\t\t<\/div>\n\t\t\t\t\t\t<\/div>\n\t\t\t\t<div class=\"elementor-element elementor-element-90a0c9c elementor-widget elementor-widget-spacer\" data-id=\"90a0c9c\" data-element_type=\"widget\" data-e-type=\"widget\" data-widget_type=\"spacer.default\">\n\t\t\t\t\t\t\t<div class=\"elementor-spacer\">\n\t\t\t<div class=\"elementor-spacer-inner\"><\/div>\n\t\t<\/div>\n\t\t\t\t\t\t<\/div>\n\t\t\t\t<\/div>\n\t\t\t\t\t<\/div>\n\t\t\t\t<\/div>\n\t\t\t\t\t<\/div>\n\t\t\t\t<\/div>\n\t\t\t\t<\/div>\n\t\t","protected":false},"excerpt":{"rendered":"<p>Kontakta oss Vi h\u00f6r g\u00e4rna fr\u00e5n er S\u00f6ker ni en erfaren samarbetspartner f\u00f6r ert nya projekt, en produkt, support eller jobb hos oss? Ring eller skriv. Medarbetare Kontor +45 47 100 200info@rwe.dk R\u00e5dhus All\u00e9 7DK-3650 \u00d8lstykke Visa v\u00e4gen Verkstad och lager +45 47 161 812lager@rwe.dk Stenh\u00f8jvej 1ADK-3650 \u00d8lstykke Visa v\u00e4gen Jobb job@rwe.dk \u00d6ppettider M\u00e5n\u2013tors 8:00\u201316:00Fre [&hellip;]<\/p>\n","protected":false},"author":2,"featured_media":0,"parent":0,"menu_order":0,"comment_status":"closed","ping_status":"closed","template":"","meta":{"footnotes":""},"class_list":["post-2291","page","type-page","status-publish","hentry"],"_links":{"self":[{"href":"https:\/\/rwe.dk\/sv\/wp-json\/wp\/v2\/pages\/2291","targetHints":{"allow":["GET"]}}],"collection":[{"href":"https:\/\/rwe.dk\/sv\/wp-json\/wp\/v2\/pages"}],"about":[{"href":"https:\/\/rwe.dk\/sv\/wp-json\/wp\/v2\/types\/page"}],"author":[{"embeddable":true,"href":"https:\/\/rwe.dk\/sv\/wp-json\/wp\/v2\/users\/2"}],"replies":[{"embeddable":true,"href":"https:\/\/rwe.dk\/sv\/wp-json\/wp\/v2\/comments?post=2291"}],"version-history":[{"count":1,"href":"https:\/\/rwe.dk\/sv\/wp-json\/wp\/v2\/pages\/2291\/revisions"}],"predecessor-version":[{"id":2292,"href":"https:\/\/rwe.dk\/sv\/wp-json\/wp\/v2\/pages\/2291\/revisions\/2292"}],"wp:attachment":[{"href":"https:\/\/rwe.dk\/sv\/wp-json\/wp\/v2\/media?parent=2291"}],"curies":[{"name":"wp","href":"https:\/\/api.w.org\/{rel}","templated":true}]}}