{"id":2310,"date":"2026-03-13T13:43:53","date_gmt":"2026-03-13T13:43:53","guid":{"rendered":"https:\/\/rwe.dk\/integration\/"},"modified":"2026-03-24T14:46:33","modified_gmt":"2026-03-24T14:46:33","slug":"integration","status":"publish","type":"page","link":"https:\/\/rwe.dk\/sv\/loesningar\/integration\/","title":{"rendered":"Integration"},"content":{"rendered":"\t\t<div data-elementor-type=\"wp-page\" data-elementor-id=\"2310\" class=\"elementor elementor-2310 elementor-779\" data-elementor-post-type=\"page\">\n\t\t\t\t<div class=\"elementor-element elementor-element-1746aecd e-con-full e-flex e-con e-parent\" data-id=\"1746aecd\" data-element_type=\"container\" data-e-type=\"container\" data-settings=\"{&quot;background_background&quot;:&quot;classic&quot;}\">\n\t\t<div class=\"elementor-element elementor-element-552476a0 e-grid e-con-boxed e-con e-child\" data-id=\"552476a0\" data-element_type=\"container\" data-e-type=\"container\">\n\t\t\t\t\t<div class=\"e-con-inner\">\n\t\t<div class=\"elementor-element elementor-element-f2a4e8a e-con-full e-flex e-con e-child\" data-id=\"f2a4e8a\" data-element_type=\"container\" data-e-type=\"container\">\n\t\t\t\t<div class=\"elementor-element elementor-element-1d190ca3 elementor-widget elementor-widget-heading\" data-id=\"1d190ca3\" data-element_type=\"widget\" data-e-type=\"widget\" data-widget_type=\"heading.default\">\n\t\t\t\t\t<h5 class=\"elementor-heading-title elementor-size-default\">Integration av s\u00e4kerhetsteknik<\/h5>\t\t\t\t<\/div>\n\t\t\t\t<div class=\"elementor-element elementor-element-2752d464 elementor-widget elementor-widget-spacer\" data-id=\"2752d464\" data-element_type=\"widget\" data-e-type=\"widget\" data-widget_type=\"spacer.default\">\n\t\t\t\t\t\t\t<div class=\"elementor-spacer\">\n\t\t\t<div class=\"elementor-spacer-inner\"><\/div>\n\t\t<\/div>\n\t\t\t\t\t\t<\/div>\n\t\t\t\t<div class=\"elementor-element elementor-element-19aa57f9 elementor-widget elementor-widget-heading\" data-id=\"19aa57f9\" data-element_type=\"widget\" data-e-type=\"widget\" data-widget_type=\"heading.default\">\n\t\t\t\t\t<h1 class=\"elementor-heading-title elementor-size-default\">Hyr ett team av s\u00e4kerhetsspecialister<\/h1>\t\t\t\t<\/div>\n\t\t\t\t<div class=\"elementor-element elementor-element-3aef49ec elementor-widget elementor-widget-spacer\" data-id=\"3aef49ec\" data-element_type=\"widget\" data-e-type=\"widget\" data-widget_type=\"spacer.default\">\n\t\t\t\t\t\t\t<div class=\"elementor-spacer\">\n\t\t\t<div class=\"elementor-spacer-inner\"><\/div>\n\t\t<\/div>\n\t\t\t\t\t\t<\/div>\n\t\t\t\t<\/div>\n\t\t\t\t<div class=\"elementor-element elementor-element-7cd929c1 elementor-widget elementor-widget-image\" data-id=\"7cd929c1\" data-element_type=\"widget\" data-e-type=\"widget\" data-widget_type=\"image.default\">\n\t\t\t\t\t\t\t\t\t\t\t\t\t\t\t<img fetchpriority=\"high\" decoding=\"async\" width=\"1200\" height=\"1200\" src=\"https:\/\/rwe.dk\/wp-content\/uploads\/2026\/03\/iStock-2148275696.webp\" class=\"attachment-full size-full wp-image-2371\" alt=\"\" srcset=\"https:\/\/rwe.dk\/wp-content\/uploads\/2026\/03\/iStock-2148275696.webp 1200w, https:\/\/rwe.dk\/wp-content\/uploads\/2026\/03\/iStock-2148275696-300x300.webp 300w, https:\/\/rwe.dk\/wp-content\/uploads\/2026\/03\/iStock-2148275696-1024x1024.webp 1024w, https:\/\/rwe.dk\/wp-content\/uploads\/2026\/03\/iStock-2148275696-150x150.webp 150w, https:\/\/rwe.dk\/wp-content\/uploads\/2026\/03\/iStock-2148275696-768x768.webp 768w\" sizes=\"(max-width: 1200px) 100vw, 1200px\" \/>\t\t\t\t\t\t\t\t\t\t\t\t\t\t\t<\/div>\n\t\t\t\t\t<\/div>\n\t\t\t\t<\/div>\n\t\t\t\t<\/div>\n\t\t<div class=\"elementor-element elementor-element-2fbe39d5 e-con-full e-flex e-con e-parent\" data-id=\"2fbe39d5\" data-element_type=\"container\" data-e-type=\"container\" data-settings=\"{&quot;background_background&quot;:&quot;classic&quot;}\">\n\t\t<div class=\"elementor-element elementor-element-252761f6 e-grid e-con-boxed e-con e-child\" data-id=\"252761f6\" data-element_type=\"container\" data-e-type=\"container\">\n\t\t\t\t\t<div class=\"e-con-inner\">\n\t\t<div class=\"elementor-element elementor-element-2cf7394 e-con-full e-flex e-con e-child\" data-id=\"2cf7394\" data-element_type=\"container\" data-e-type=\"container\">\n\t\t\t\t<div class=\"elementor-element elementor-element-223250ca elementor-widget elementor-widget-heading\" data-id=\"223250ca\" data-element_type=\"widget\" data-e-type=\"widget\" data-widget_type=\"heading.default\">\n\t\t\t\t\t<h2 class=\"elementor-heading-title elementor-size-default\">Integration av programvara och h\u00e5rdvara i befintliga anl\u00e4ggningar  <\/h2>\t\t\t\t<\/div>\n\t\t\t\t<div class=\"elementor-element elementor-element-4067d4a4 elementor-widget elementor-widget-spacer\" data-id=\"4067d4a4\" data-element_type=\"widget\" data-e-type=\"widget\" data-widget_type=\"spacer.default\">\n\t\t\t\t\t\t\t<div class=\"elementor-spacer\">\n\t\t\t<div class=\"elementor-spacer-inner\"><\/div>\n\t\t<\/div>\n\t\t\t\t\t\t<\/div>\n\t\t\t\t<\/div>\n\t\t<div class=\"elementor-element elementor-element-7a89c717 e-con-full elementor-hidden-mobile e-flex e-con e-child\" data-id=\"7a89c717\" data-element_type=\"container\" data-e-type=\"container\">\n\t\t\t\t<\/div>\n\t\t<div class=\"elementor-element elementor-element-1646938a e-con-full e-flex e-con e-child\" data-id=\"1646938a\" data-element_type=\"container\" data-e-type=\"container\">\n\t\t\t\t<div class=\"elementor-element elementor-element-5aa2ea35 elementor-widget elementor-widget-text-editor\" data-id=\"5aa2ea35\" data-element_type=\"widget\" data-e-type=\"widget\" data-widget_type=\"text-editor.default\">\n\t\t\t\t\t\t\t\t\t<p>Vi hj\u00e4lper till med fels\u00f6kning, r\u00e5dgivning, systemuppgraderingar och integration av nya system och s\u00e4kerhetsteknik i befintliga anl\u00e4ggningar. V\u00e5r erfarenhet sp\u00e4nner fr\u00e5n modern programvara, h\u00e5rdvara och n\u00e4tverk \u2013 till klassisk rel\u00e4baserad s\u00e4kerhetsteknik och j\u00e4rnv\u00e4gsinfrastruktur.<\/p>\t\t\t\t\t\t\t\t<\/div>\n\t\t\t\t<\/div>\n\t\t<div class=\"elementor-element elementor-element-5d47e0c5 e-con-full e-flex e-con e-child\" data-id=\"5d47e0c5\" data-element_type=\"container\" data-e-type=\"container\">\n\t\t\t\t<div class=\"elementor-element elementor-element-39116f01 elementor-widget elementor-widget-text-editor\" data-id=\"39116f01\" data-element_type=\"widget\" data-e-type=\"widget\" data-widget_type=\"text-editor.default\">\n\t\t\t\t\t\t\t\t\t<p>Denna kombination g\u00f6r att vi kan l\u00f6sa integrationsuppdrag d\u00e4r m\u00e5nga andra m\u00e5ste ge upp.<\/p>\t\t\t\t\t\t\t\t<\/div>\n\t\t\t\t<\/div>\n\t\t\t\t\t<\/div>\n\t\t\t\t<\/div>\n\t\t\t\t<\/div>\n\t\t<div class=\"elementor-element elementor-element-251ccd6f e-con-full e-flex e-con e-parent\" data-id=\"251ccd6f\" data-element_type=\"container\" data-e-type=\"container\" data-settings=\"{&quot;background_background&quot;:&quot;classic&quot;}\">\n\t\t<div class=\"elementor-element elementor-element-238ac504 e-grid e-con-boxed e-con e-child\" data-id=\"238ac504\" data-element_type=\"container\" data-e-type=\"container\">\n\t\t\t\t\t<div class=\"e-con-inner\">\n\t\t<div class=\"elementor-element elementor-element-33980c47 e-con-full e-flex e-con e-child\" data-id=\"33980c47\" data-element_type=\"container\" data-e-type=\"container\">\n\t\t\t\t<div class=\"elementor-element elementor-element-75e670b2 elementor-widget elementor-widget-text-editor\" data-id=\"75e670b2\" data-element_type=\"widget\" data-e-type=\"widget\" data-widget_type=\"text-editor.default\">\n\t\t\t\t\t\t\t\t\t<p><strong>Fels\u00f6kning och analys<br><\/strong>Vi hanterar komplexa fel d\u00e4r programvara, n\u00e4tverk och s\u00e4kerhetsutrustning p\u00e5verkar varandra. Uppdragen sp\u00e4nner fr\u00e5n signalfel till konflikter mellan nya och \u00e4ldre system. Vi identifierar orsaken, f\u00f6resl\u00e5r l\u00f6sningar \u2013 och hj\u00e4lper er att f\u00e5 systemen s\u00e4kert tillbaka i drift.<\/p><p><strong>Uppgraderingar och utbyten<br><\/strong>Vi planerar och genomf\u00f6r systemuppgraderingar d\u00e4r nya komponenter, styrsystem eller programvara ska integreras i befintliga anl\u00e4ggningar. Det kan omfatta utbyte av \u00e4ldre h\u00e5rdvara, implementering av ny programvara eller anpassningar mellan utrustning fr\u00e5n olika leverant\u00f6rer.<\/p><p><strong>Integration av nya l\u00f6sningar<br><\/strong>Vi s\u00e4kerst\u00e4ller att nya s\u00e4kerhetskomponenter eller programvaruversioner fungerar tillsammans med era befintliga installationer. Det kan vara allt fr\u00e5n datautbyte och synkronisering till fysisk och logisk integration i anl\u00e4ggningar som har varit i drift i \u00e5rtionden.<\/p>\t\t\t\t\t\t\t\t<\/div>\n\t\t\t\t<div class=\"elementor-element elementor-element-1d158659 elementor-widget elementor-widget-spacer\" data-id=\"1d158659\" data-element_type=\"widget\" data-e-type=\"widget\" data-widget_type=\"spacer.default\">\n\t\t\t\t\t\t\t<div class=\"elementor-spacer\">\n\t\t\t<div class=\"elementor-spacer-inner\"><\/div>\n\t\t<\/div>\n\t\t\t\t\t\t<\/div>\n\t\t\t\t<\/div>\n\t\t\t\t<div class=\"elementor-element elementor-element-139fbf3b elementor-widget elementor-widget-image\" data-id=\"139fbf3b\" data-element_type=\"widget\" data-e-type=\"widget\" data-widget_type=\"image.default\">\n\t\t\t\t\t\t\t\t\t\t\t\t\t\t\t<img decoding=\"async\" width=\"1200\" height=\"1200\" src=\"https:\/\/rwe.dk\/wp-content\/uploads\/2026\/03\/iStock-1562974202.webp\" class=\"attachment-full size-full wp-image-1820\" alt=\"\" srcset=\"https:\/\/rwe.dk\/wp-content\/uploads\/2026\/03\/iStock-1562974202.webp 1200w, https:\/\/rwe.dk\/wp-content\/uploads\/2026\/03\/iStock-1562974202-300x300.webp 300w, https:\/\/rwe.dk\/wp-content\/uploads\/2026\/03\/iStock-1562974202-1024x1024.webp 1024w, https:\/\/rwe.dk\/wp-content\/uploads\/2026\/03\/iStock-1562974202-150x150.webp 150w, https:\/\/rwe.dk\/wp-content\/uploads\/2026\/03\/iStock-1562974202-768x768.webp 768w\" sizes=\"(max-width: 1200px) 100vw, 1200px\" \/>\t\t\t\t\t\t\t\t\t\t\t\t\t\t\t<\/div>\n\t\t\t\t\t<\/div>\n\t\t\t\t<\/div>\n\t\t\t\t<\/div>\n\t\t<div class=\"elementor-element elementor-element-3690b8d0 e-grid e-con-boxed e-con e-parent\" data-id=\"3690b8d0\" data-element_type=\"container\" data-e-type=\"container\" data-settings=\"{&quot;background_background&quot;:&quot;classic&quot;}\">\n\t\t\t\t\t<div class=\"e-con-inner\">\n\t\t<div class=\"elementor-element elementor-element-51607707 e-grid e-con-boxed e-con e-child\" data-id=\"51607707\" data-element_type=\"container\" data-e-type=\"container\" data-settings=\"{&quot;background_background&quot;:&quot;classic&quot;}\">\n\t\t\t\t\t<div class=\"e-con-inner\">\n\t\t<div class=\"elementor-element elementor-element-19042eae e-con-full e-flex e-con e-child\" data-id=\"19042eae\" data-element_type=\"container\" data-e-type=\"container\">\n\t\t\t\t<div class=\"elementor-element elementor-element-1c3e2fa7 elementor-widget elementor-widget-heading\" data-id=\"1c3e2fa7\" data-element_type=\"widget\" data-e-type=\"widget\" data-widget_type=\"heading.default\">\n\t\t\t\t\t<h2 class=\"elementor-heading-title elementor-size-default\">Varf\u00f6r v\u00e4lja v\u00e5r integrationstj\u00e4nst?<\/h2>\t\t\t\t<\/div>\n\t\t\t\t<div class=\"elementor-element elementor-element-5abdfcda elementor-widget elementor-widget-spacer\" data-id=\"5abdfcda\" data-element_type=\"widget\" data-e-type=\"widget\" data-widget_type=\"spacer.default\">\n\t\t\t\t\t\t\t<div class=\"elementor-spacer\">\n\t\t\t<div class=\"elementor-spacer-inner\"><\/div>\n\t\t<\/div>\n\t\t\t\t\t\t<\/div>\n\t\t\t\t<div class=\"elementor-element elementor-element-1a28e65d elementor-widget elementor-widget-text-editor\" data-id=\"1a28e65d\" data-element_type=\"widget\" data-e-type=\"widget\" data-widget_type=\"text-editor.default\">\n\t\t\t\t\t\t\t\t\t<p><strong>Erfaret specialistteam<br><\/strong>V\u00e5rt team t\u00e4cker programvara, h\u00e5rdvara, n\u00e4tverk och klassisk s\u00e4kerhetsteknik \u2013 och f\u00f6rst\u00e5r hur allt h\u00e4nger ihop i driften.<\/p><p><strong>S\u00e4ker integration i befintliga anl\u00e4ggningar<br><\/strong>Vi arbetar i anl\u00e4ggningar som \u00e4r i drift och ser till att f\u00f6r\u00e4ndringar, uppgraderingar och nya l\u00f6sningar implementeras utan att skapa nya fel eller driftstopp.<\/p><p><strong>Snabbare tillbaka i drift<br><\/strong>Med praktisk erfarenhet \u00f6ver flera teknologier kan vi hitta orsaker d\u00e4r dokumentation eller leverant\u00f6rsspecifikationer inte r\u00e4cker \u2013 och hj\u00e4lpa er vidare.<\/p>\t\t\t\t\t\t\t\t<\/div>\n\t\t\t\t<div class=\"elementor-element elementor-element-320104f4 elementor-widget elementor-widget-spacer\" data-id=\"320104f4\" data-element_type=\"widget\" data-e-type=\"widget\" data-widget_type=\"spacer.default\">\n\t\t\t\t\t\t\t<div class=\"elementor-spacer\">\n\t\t\t<div class=\"elementor-spacer-inner\"><\/div>\n\t\t<\/div>\n\t\t\t\t\t\t<\/div>\n\t\t\t\t<\/div>\n\t\t\t\t\t<\/div>\n\t\t\t\t<\/div>\n\t\t\t\t\t<\/div>\n\t\t\t\t<\/div>\n\t\t<div class=\"elementor-element elementor-element-1fa936a2 e-flex e-con-boxed e-con e-parent\" data-id=\"1fa936a2\" data-element_type=\"container\" data-e-type=\"container\" data-settings=\"{&quot;background_background&quot;:&quot;classic&quot;}\">\n\t\t\t\t\t<div class=\"e-con-inner\">\n\t\t<div class=\"elementor-element elementor-element-1770dcf5 e-con-full e-flex e-con e-child\" data-id=\"1770dcf5\" data-element_type=\"container\" data-e-type=\"container\">\n\t\t\t\t<div class=\"elementor-element elementor-element-206768a3 elementor-widget elementor-widget-heading\" data-id=\"206768a3\" data-element_type=\"widget\" data-e-type=\"widget\" data-widget_type=\"heading.default\">\n\t\t\t\t\t<h3 class=\"elementor-heading-title elementor-size-default\">Kontakt<\/h3>\t\t\t\t<\/div>\n\t\t\t\t<div class=\"elementor-element elementor-element-1b7cc8f7 elementor-widget elementor-widget-spacer\" data-id=\"1b7cc8f7\" data-element_type=\"widget\" data-e-type=\"widget\" data-widget_type=\"spacer.default\">\n\t\t\t\t\t\t\t<div class=\"elementor-spacer\">\n\t\t\t<div class=\"elementor-spacer-inner\"><\/div>\n\t\t<\/div>\n\t\t\t\t\t\t<\/div>\n\t\t\t\t<div class=\"elementor-element elementor-element-4c56ce42 elementor-widget-divider--view-line elementor-widget elementor-widget-divider\" data-id=\"4c56ce42\" data-element_type=\"widget\" data-e-type=\"widget\" data-widget_type=\"divider.default\">\n\t\t\t\t\t\t\t<div class=\"elementor-divider\">\n\t\t\t<span class=\"elementor-divider-separator\">\n\t\t\t\t\t\t<\/span>\n\t\t<\/div>\n\t\t\t\t\t\t<\/div>\n\t\t\t\t<div class=\"elementor-element elementor-element-1bf968f9 elementor-widget elementor-widget-spacer\" data-id=\"1bf968f9\" data-element_type=\"widget\" data-e-type=\"widget\" data-widget_type=\"spacer.default\">\n\t\t\t\t\t\t\t<div class=\"elementor-spacer\">\n\t\t\t<div class=\"elementor-spacer-inner\"><\/div>\n\t\t<\/div>\n\t\t\t\t\t\t<\/div>\n\t\t<div class=\"elementor-element elementor-element-1a65bb40 e-grid e-con-full e-con e-child\" data-id=\"1a65bb40\" data-element_type=\"container\" data-e-type=\"container\">\n\t\t\t\t<div class=\"elementor-element elementor-element-65326b74 elementor-widget elementor-widget-image\" data-id=\"65326b74\" data-element_type=\"widget\" data-e-type=\"widget\" data-widget_type=\"image.default\">\n\t\t\t\t\t\t\t\t\t\t\t\t\t\t\t<img decoding=\"async\" width=\"1080\" height=\"1080\" src=\"https:\/\/rwe.dk\/wp-content\/uploads\/2026\/03\/5Q7A9414-1080x1080-1.jpg\" class=\"attachment-full size-full wp-image-2232\" alt=\"\" srcset=\"https:\/\/rwe.dk\/wp-content\/uploads\/2026\/03\/5Q7A9414-1080x1080-1.jpg 1080w, https:\/\/rwe.dk\/wp-content\/uploads\/2026\/03\/5Q7A9414-1080x1080-1-300x300.jpg 300w, https:\/\/rwe.dk\/wp-content\/uploads\/2026\/03\/5Q7A9414-1080x1080-1-1024x1024.jpg 1024w, https:\/\/rwe.dk\/wp-content\/uploads\/2026\/03\/5Q7A9414-1080x1080-1-150x150.jpg 150w, https:\/\/rwe.dk\/wp-content\/uploads\/2026\/03\/5Q7A9414-1080x1080-1-768x768.jpg 768w\" sizes=\"(max-width: 1080px) 100vw, 1080px\" \/>\t\t\t\t\t\t\t\t\t\t\t\t\t\t\t<\/div>\n\t\t<div class=\"elementor-element elementor-element-67473a4 e-con-full e-flex e-con e-child\" data-id=\"67473a4\" data-element_type=\"container\" data-e-type=\"container\">\n\t\t\t\t<div class=\"elementor-element elementor-element-43863b2c elementor-widget elementor-widget-heading\" data-id=\"43863b2c\" data-element_type=\"widget\" data-e-type=\"widget\" data-widget_type=\"heading.default\">\n\t\t\t\t\t<h5 class=\"elementor-heading-title elementor-size-default\">Jacob R. Christensen<\/h5>\t\t\t\t<\/div>\n\t\t\t\t<div class=\"elementor-element elementor-element-3bd189f9 elementor-widget elementor-widget-spacer\" data-id=\"3bd189f9\" data-element_type=\"widget\" data-e-type=\"widget\" data-widget_type=\"spacer.default\">\n\t\t\t\t\t\t\t<div class=\"elementor-spacer\">\n\t\t\t<div class=\"elementor-spacer-inner\"><\/div>\n\t\t<\/div>\n\t\t\t\t\t\t<\/div>\n\t\t\t\t<div class=\"elementor-element elementor-element-3e620ed6 elementor-widget elementor-widget-heading\" data-id=\"3e620ed6\" data-element_type=\"widget\" data-e-type=\"widget\" data-widget_type=\"heading.default\">\n\t\t\t\t\t<h5 class=\"elementor-heading-title elementor-size-default\">Verkst\u00e4llande direkt\u00f6r\n<\/h5>\t\t\t\t<\/div>\n\t\t\t\t<div class=\"elementor-element elementor-element-4eaab313 elementor-widget elementor-widget-spacer\" data-id=\"4eaab313\" data-element_type=\"widget\" data-e-type=\"widget\" data-widget_type=\"spacer.default\">\n\t\t\t\t\t\t\t<div class=\"elementor-spacer\">\n\t\t\t<div class=\"elementor-spacer-inner\"><\/div>\n\t\t<\/div>\n\t\t\t\t\t\t<\/div>\n\t\t\t\t<div class=\"elementor-element elementor-element-3076f33 elementor-widget elementor-widget-text-editor\" data-id=\"3076f33\" data-element_type=\"widget\" data-e-type=\"widget\" data-widget_type=\"text-editor.default\">\n\t\t\t\t\t\t\t\t\t<p class=\"p1\">Telefon +45 4716 0691<br>Mobil +45 3070 7783<br>E-post <a href=\"mailto:jc@rwe.dk\">jc@rwe.dk<\/a><\/p>\t\t\t\t\t\t\t\t<\/div>\n\t\t\t\t<\/div>\n\t\t\t\t<\/div>\n\t\t\t\t<div class=\"elementor-element elementor-element-76f826bb elementor-widget elementor-widget-spacer\" data-id=\"76f826bb\" data-element_type=\"widget\" data-e-type=\"widget\" data-widget_type=\"spacer.default\">\n\t\t\t\t\t\t\t<div class=\"elementor-spacer\">\n\t\t\t<div class=\"elementor-spacer-inner\"><\/div>\n\t\t<\/div>\n\t\t\t\t\t\t<\/div>\n\t\t\t\t<div class=\"elementor-element elementor-element-472f82cd elementor-widget-divider--view-line elementor-widget elementor-widget-divider\" data-id=\"472f82cd\" data-element_type=\"widget\" data-e-type=\"widget\" data-widget_type=\"divider.default\">\n\t\t\t\t\t\t\t<div class=\"elementor-divider\">\n\t\t\t<span class=\"elementor-divider-separator\">\n\t\t\t\t\t\t<\/span>\n\t\t<\/div>\n\t\t\t\t\t\t<\/div>\n\t\t\t\t<\/div>\n\t\t\t\t\t<\/div>\n\t\t\t\t<\/div>\n\t\t\t\t<\/div>\n\t\t","protected":false},"excerpt":{"rendered":"<p>Integration av s\u00e4kerhetsteknik Hyr ett team av s\u00e4kerhetsspecialister Integration av programvara och h\u00e5rdvara i befintliga anl\u00e4ggningar Vi hj\u00e4lper till med fels\u00f6kning, r\u00e5dgivning, systemuppgraderingar och integration av nya system och s\u00e4kerhetsteknik i befintliga anl\u00e4ggningar. V\u00e5r erfarenhet sp\u00e4nner fr\u00e5n modern programvara, h\u00e5rdvara och n\u00e4tverk \u2013 till klassisk rel\u00e4baserad s\u00e4kerhetsteknik och j\u00e4rnv\u00e4gsinfrastruktur. Denna kombination g\u00f6r att vi kan [&hellip;]<\/p>\n","protected":false},"author":2,"featured_media":0,"parent":2367,"menu_order":0,"comment_status":"closed","ping_status":"closed","template":"","meta":{"footnotes":""},"class_list":["post-2310","page","type-page","status-publish","hentry"],"_links":{"self":[{"href":"https:\/\/rwe.dk\/sv\/wp-json\/wp\/v2\/pages\/2310","targetHints":{"allow":["GET"]}}],"collection":[{"href":"https:\/\/rwe.dk\/sv\/wp-json\/wp\/v2\/pages"}],"about":[{"href":"https:\/\/rwe.dk\/sv\/wp-json\/wp\/v2\/types\/page"}],"author":[{"embeddable":true,"href":"https:\/\/rwe.dk\/sv\/wp-json\/wp\/v2\/users\/2"}],"replies":[{"embeddable":true,"href":"https:\/\/rwe.dk\/sv\/wp-json\/wp\/v2\/comments?post=2310"}],"version-history":[{"count":1,"href":"https:\/\/rwe.dk\/sv\/wp-json\/wp\/v2\/pages\/2310\/revisions"}],"predecessor-version":[{"id":2312,"href":"https:\/\/rwe.dk\/sv\/wp-json\/wp\/v2\/pages\/2310\/revisions\/2312"}],"up":[{"embeddable":true,"href":"https:\/\/rwe.dk\/sv\/wp-json\/wp\/v2\/pages\/2367"}],"wp:attachment":[{"href":"https:\/\/rwe.dk\/sv\/wp-json\/wp\/v2\/media?parent=2310"}],"curies":[{"name":"wp","href":"https:\/\/api.w.org\/{rel}","templated":true}]}}