{"id":2311,"date":"2026-03-15T10:24:53","date_gmt":"2026-03-15T10:24:53","guid":{"rendered":"https:\/\/rwe.dk\/om-oss\/jobb-och-karriaer\/"},"modified":"2026-03-24T14:45:54","modified_gmt":"2026-03-24T14:45:54","slug":"jobb-och-karriaer","status":"publish","type":"page","link":"https:\/\/rwe.dk\/sv\/om-oss\/jobb-och-karriaer\/","title":{"rendered":"Jobb och karri\u00e4r"},"content":{"rendered":"\t\t<div data-elementor-type=\"wp-page\" data-elementor-id=\"2311\" class=\"elementor elementor-2311 elementor-906\" data-elementor-post-type=\"page\">\n\t\t\t\t<div class=\"elementor-element elementor-element-f2714f e-con-full e-flex e-con e-parent\" data-id=\"f2714f\" data-element_type=\"container\" data-e-type=\"container\" data-settings=\"{&quot;background_background&quot;:&quot;classic&quot;}\">\n\t\t<div class=\"elementor-element elementor-element-502d6463 e-grid e-con-boxed e-con e-child\" data-id=\"502d6463\" data-element_type=\"container\" data-e-type=\"container\">\n\t\t\t\t\t<div class=\"e-con-inner\">\n\t\t<div class=\"elementor-element elementor-element-5b25ddcd e-con-full e-flex e-con e-child\" data-id=\"5b25ddcd\" data-element_type=\"container\" data-e-type=\"container\">\n\t\t\t\t<div class=\"elementor-element elementor-element-7a5d4935 elementor-widget elementor-widget-heading\" data-id=\"7a5d4935\" data-element_type=\"widget\" data-e-type=\"widget\" data-widget_type=\"heading.default\">\n\t\t\t\t\t<h4 class=\"elementor-heading-title elementor-size-default\">Jobb och karri\u00e4r<\/h4>\t\t\t\t<\/div>\n\t\t\t\t<div class=\"elementor-element elementor-element-1142ef51 elementor-widget elementor-widget-spacer\" data-id=\"1142ef51\" data-element_type=\"widget\" data-e-type=\"widget\" data-widget_type=\"spacer.default\">\n\t\t\t\t\t\t\t<div class=\"elementor-spacer\">\n\t\t\t<div class=\"elementor-spacer-inner\"><\/div>\n\t\t<\/div>\n\t\t\t\t\t\t<\/div>\n\t\t\t\t<div class=\"elementor-element elementor-element-76d30680 elementor-widget elementor-widget-heading\" data-id=\"76d30680\" data-element_type=\"widget\" data-e-type=\"widget\" data-widget_type=\"heading.default\">\n\t\t\t\t\t<h1 class=\"elementor-heading-title elementor-size-default\">Vill du vara en del av teamet?<\/h1>\t\t\t\t<\/div>\n\t\t\t\t<div class=\"elementor-element elementor-element-7d3f6810 elementor-widget elementor-widget-spacer\" data-id=\"7d3f6810\" data-element_type=\"widget\" data-e-type=\"widget\" data-widget_type=\"spacer.default\">\n\t\t\t\t\t\t\t<div class=\"elementor-spacer\">\n\t\t\t<div class=\"elementor-spacer-inner\"><\/div>\n\t\t<\/div>\n\t\t\t\t\t\t<\/div>\n\t\t\t\t<div class=\"elementor-element elementor-element-59c38a9f elementor-widget elementor-widget-text-editor\" data-id=\"59c38a9f\" data-element_type=\"widget\" data-e-type=\"widget\" data-widget_type=\"text-editor.default\">\n\t\t\t\t\t\t\t\t\t<p>Bli en del av en gemenskap d\u00e4r du utvecklas tillsammans med dina kollegor.<\/p>\t\t\t\t\t\t\t\t<\/div>\n\t\t\t\t<div class=\"elementor-element elementor-element-4cc99b80 elementor-widget elementor-widget-spacer\" data-id=\"4cc99b80\" data-element_type=\"widget\" data-e-type=\"widget\" data-widget_type=\"spacer.default\">\n\t\t\t\t\t\t\t<div class=\"elementor-spacer\">\n\t\t\t<div class=\"elementor-spacer-inner\"><\/div>\n\t\t<\/div>\n\t\t\t\t\t\t<\/div>\n\t\t\t\t<div class=\"elementor-element elementor-element-2bcddaca elementor-widget elementor-widget-button\" data-id=\"2bcddaca\" data-element_type=\"widget\" data-e-type=\"widget\" data-widget_type=\"button.default\">\n\t\t\t\t\t\t\t\t\t\t<a class=\"elementor-button elementor-button-link elementor-size-sm\" href=\"#studenter\">\n\t\t\t\t\t\t<span class=\"elementor-button-content-wrapper\">\n\t\t\t\t\t\t\t\t\t<span class=\"elementor-button-text\">Bli studentmedarbetare<\/span>\n\t\t\t\t\t<\/span>\n\t\t\t\t\t<\/a>\n\t\t\t\t\t\t\t\t<\/div>\n\t\t\t\t<div class=\"elementor-element elementor-element-c12ba9c elementor-widget elementor-widget-spacer\" data-id=\"c12ba9c\" data-element_type=\"widget\" data-e-type=\"widget\" data-widget_type=\"spacer.default\">\n\t\t\t\t\t\t\t<div class=\"elementor-spacer\">\n\t\t\t<div class=\"elementor-spacer-inner\"><\/div>\n\t\t<\/div>\n\t\t\t\t\t\t<\/div>\n\t\t\t\t<div class=\"elementor-element elementor-element-9ddff3c elementor-widget elementor-widget-button\" data-id=\"9ddff3c\" data-element_type=\"widget\" data-e-type=\"widget\" data-widget_type=\"button.default\">\n\t\t\t\t\t\t\t\t\t\t<a class=\"elementor-button elementor-button-link elementor-size-sm\" href=\"#ledige\">\n\t\t\t\t\t\t<span class=\"elementor-button-content-wrapper\">\n\t\t\t\t\t\t\t\t\t<span class=\"elementor-button-text\">Lediga jobb<\/span>\n\t\t\t\t\t<\/span>\n\t\t\t\t\t<\/a>\n\t\t\t\t\t\t\t\t<\/div>\n\t\t\t\t<div class=\"elementor-element elementor-element-778cc21c elementor-widget elementor-widget-spacer\" data-id=\"778cc21c\" data-element_type=\"widget\" data-e-type=\"widget\" data-widget_type=\"spacer.default\">\n\t\t\t\t\t\t\t<div class=\"elementor-spacer\">\n\t\t\t<div class=\"elementor-spacer-inner\"><\/div>\n\t\t<\/div>\n\t\t\t\t\t\t<\/div>\n\t\t\t\t<\/div>\n\t\t\t\t<div class=\"elementor-element elementor-element-406e6d2f elementor-widget elementor-widget-image\" data-id=\"406e6d2f\" data-element_type=\"widget\" data-e-type=\"widget\" data-widget_type=\"image.default\">\n\t\t\t\t\t\t\t\t\t\t\t\t\t\t\t<img fetchpriority=\"high\" decoding=\"async\" width=\"1200\" height=\"1200\" src=\"https:\/\/rwe.dk\/wp-content\/uploads\/2026\/03\/iStock-1039625466-1.webp\" class=\"attachment-full size-full wp-image-1715\" alt=\"\" srcset=\"https:\/\/rwe.dk\/wp-content\/uploads\/2026\/03\/iStock-1039625466-1.webp 1200w, https:\/\/rwe.dk\/wp-content\/uploads\/2026\/03\/iStock-1039625466-1-300x300.webp 300w, https:\/\/rwe.dk\/wp-content\/uploads\/2026\/03\/iStock-1039625466-1-1024x1024.webp 1024w, https:\/\/rwe.dk\/wp-content\/uploads\/2026\/03\/iStock-1039625466-1-150x150.webp 150w, https:\/\/rwe.dk\/wp-content\/uploads\/2026\/03\/iStock-1039625466-1-768x768.webp 768w\" sizes=\"(max-width: 1200px) 100vw, 1200px\" \/>\t\t\t\t\t\t\t\t\t\t\t\t\t\t\t<\/div>\n\t\t\t\t\t<\/div>\n\t\t\t\t<\/div>\n\t\t\t\t<\/div>\n\t\t<div class=\"elementor-element elementor-element-13233db5 e-con-full e-flex e-con e-parent\" data-id=\"13233db5\" data-element_type=\"container\" data-e-type=\"container\" data-settings=\"{&quot;background_background&quot;:&quot;classic&quot;}\">\n\t\t<div class=\"elementor-element elementor-element-1d8f8312 e-grid e-con-boxed e-con e-child\" data-id=\"1d8f8312\" data-element_type=\"container\" data-e-type=\"container\">\n\t\t\t\t\t<div class=\"e-con-inner\">\n\t\t<div class=\"elementor-element elementor-element-5c4d8984 e-con-full e-flex e-con e-child\" data-id=\"5c4d8984\" data-element_type=\"container\" data-e-type=\"container\">\n\t\t\t\t<div class=\"elementor-element elementor-element-59100a5e elementor-widget elementor-widget-heading\" data-id=\"59100a5e\" data-element_type=\"widget\" data-e-type=\"widget\" data-widget_type=\"heading.default\">\n\t\t\t\t\t<h2 class=\"elementor-heading-title elementor-size-default\">Fackkompetens och gemenskap<\/h2>\t\t\t\t<\/div>\n\t\t\t\t<div class=\"elementor-element elementor-element-24aa85ae elementor-widget elementor-widget-spacer\" data-id=\"24aa85ae\" data-element_type=\"widget\" data-e-type=\"widget\" data-widget_type=\"spacer.default\">\n\t\t\t\t\t\t\t<div class=\"elementor-spacer\">\n\t\t\t<div class=\"elementor-spacer-inner\"><\/div>\n\t\t<\/div>\n\t\t\t\t\t\t<\/div>\n\t\t\t\t<\/div>\n\t\t<div class=\"elementor-element elementor-element-1e8fd552 e-con-full e-flex e-con e-child\" data-id=\"1e8fd552\" data-element_type=\"container\" data-e-type=\"container\">\n\t\t\t\t<div class=\"elementor-element elementor-element-4e671997 elementor-widget elementor-widget-text-editor\" data-id=\"4e671997\" data-element_type=\"widget\" data-e-type=\"widget\" data-widget_type=\"text-editor.default\">\n\t\t\t\t\t\t\t\t\t<p>Vill du vara en del av ett team d\u00e4r vi tillsammans s\u00e4kerst\u00e4ller t\u00e5gdriften i Skandinavien? Har du en bakgrund inom projektledning, IT eller signalteknik? <\/p>\t\t\t\t\t\t\t\t<\/div>\n\t\t\t\t<div class=\"elementor-element elementor-element-4bffbc5 elementor-widget elementor-widget-text-editor\" data-id=\"4bffbc5\" data-element_type=\"widget\" data-e-type=\"widget\" data-widget_type=\"text-editor.default\">\n\t\t\t\t\t\t\t\t\t<p>\u201d<em>Vi k\u00e4nner alla varandra, och jag trivs med att komma till jobbet. Jag har olika ansvarsomr\u00e5den och \u00e4r glad \u00f6ver att kunna arbeta med projekt fr\u00e5n start till m\u00e5l.\u201d<\/em><\/p><p><em>S\u00f8ren, ingenj\u00f6r<\/em><\/p>\t\t\t\t\t\t\t\t<\/div>\n\t\t\t\t<div class=\"elementor-element elementor-element-10206d7b elementor-widget elementor-widget-spacer\" data-id=\"10206d7b\" data-element_type=\"widget\" data-e-type=\"widget\" data-widget_type=\"spacer.default\">\n\t\t\t\t\t\t\t<div class=\"elementor-spacer\">\n\t\t\t<div class=\"elementor-spacer-inner\"><\/div>\n\t\t<\/div>\n\t\t\t\t\t\t<\/div>\n\t\t\t\t<\/div>\n\t\t\t\t\t<\/div>\n\t\t\t\t<\/div>\n\t\t\t\t<\/div>\n\t\t<div class=\"elementor-element elementor-element-96e7a7e e-con-full e-flex e-con e-parent\" data-id=\"96e7a7e\" data-element_type=\"container\" data-e-type=\"container\" data-settings=\"{&quot;background_background&quot;:&quot;classic&quot;}\">\n\t\t<div class=\"elementor-element elementor-element-6059c616 e-grid e-con-boxed e-con e-child\" data-id=\"6059c616\" data-element_type=\"container\" data-e-type=\"container\">\n\t\t\t\t\t<div class=\"e-con-inner\">\n\t\t<div class=\"elementor-element elementor-element-6ea97810 e-con-full e-flex e-con e-child\" data-id=\"6ea97810\" data-element_type=\"container\" data-e-type=\"container\">\n\t\t\t\t<div class=\"elementor-element elementor-element-2753fa91 elementor-widget-divider--view-line elementor-widget elementor-widget-divider\" data-id=\"2753fa91\" data-element_type=\"widget\" data-e-type=\"widget\" data-widget_type=\"divider.default\">\n\t\t\t\t\t\t\t<div class=\"elementor-divider\">\n\t\t\t<span class=\"elementor-divider-separator\">\n\t\t\t\t\t\t<\/span>\n\t\t<\/div>\n\t\t\t\t\t\t<\/div>\n\t\t\t\t<\/div>\n\t\t\t\t\t<\/div>\n\t\t\t\t<\/div>\n\t\t\t\t<\/div>\n\t\t<div class=\"elementor-element elementor-element-209b205a e-con-full e-flex e-con e-parent\" data-id=\"209b205a\" data-element_type=\"container\" data-e-type=\"container\" data-settings=\"{&quot;background_background&quot;:&quot;classic&quot;}\">\n\t\t<div class=\"elementor-element elementor-element-7c7bfec4 e-grid e-con-boxed e-con e-child\" data-id=\"7c7bfec4\" data-element_type=\"container\" data-e-type=\"container\">\n\t\t\t\t\t<div class=\"e-con-inner\">\n\t\t<div class=\"elementor-element elementor-element-4f833eb8 e-con-full e-flex e-con e-child\" data-id=\"4f833eb8\" data-element_type=\"container\" data-e-type=\"container\">\n\t\t\t\t<div class=\"elementor-element elementor-element-f87be81 elementor-widget elementor-widget-heading\" data-id=\"f87be81\" data-element_type=\"widget\" data-e-type=\"widget\" data-widget_type=\"heading.default\">\n\t\t\t\t\t<h2 class=\"elementor-heading-title elementor-size-default\">Om oss<\/h2>\t\t\t\t<\/div>\n\t\t\t\t<div class=\"elementor-element elementor-element-706a38fd elementor-widget elementor-widget-spacer\" data-id=\"706a38fd\" data-element_type=\"widget\" data-e-type=\"widget\" data-widget_type=\"spacer.default\">\n\t\t\t\t\t\t\t<div class=\"elementor-spacer\">\n\t\t\t<div class=\"elementor-spacer-inner\"><\/div>\n\t\t<\/div>\n\t\t\t\t\t\t<\/div>\n\t\t\t\t<\/div>\n\t\t<div class=\"elementor-element elementor-element-5df8e6c4 e-con-full e-flex e-con e-child\" data-id=\"5df8e6c4\" data-element_type=\"container\" data-e-type=\"container\">\n\t\t\t\t<div class=\"elementor-element elementor-element-2a1e063d elementor-widget elementor-widget-text-editor\" data-id=\"2a1e063d\" data-element_type=\"widget\" data-e-type=\"widget\" data-widget_type=\"text-editor.default\">\n\t\t\t\t\t\t\t\t\t<p>Du kommer att m\u00f6tas av en god gemenskap och kollegor som tycker om att vara tillsammans. Vi l\u00e4r av varandra, \u00e5ker p\u00e5 teambuildingresor och l\u00e4gger vikt vid social samvaro som en del av arbetsdagen. Vi ses \u00f6ver lunchen n\u00e4r det \u00e4r m\u00f6jligt. Beslutsv\u00e4garna \u00e4r korta och d\u00f6rren till din chef st\u00e5r alltid \u00f6ppen. Du f\u00e5r m\u00f6jlighet att utvecklas och kommer att uppskattas f\u00f6r dina id\u00e9er och ett gott arbete. Om du vill arbeta i f\u00e4lt kan du komma ut i Danmark och i Norden.     <\/p><p>Vi erbjuder \u00e4ven<\/p><ul><li>Flexibla arbetstider och distansarbete n\u00e4r det \u00e4r m\u00f6jligt<\/li><li>Privat sjukv\u00e5rdsf\u00f6rs\u00e4kring<\/li><li>Tillg\u00e5ng till gym och paddel med dina kollegor<\/li><li>Kaffe och frukt<\/li><\/ul>\t\t\t\t\t\t\t\t<\/div>\n\t\t\t\t<div class=\"elementor-element elementor-element-3a2d5271 elementor-widget elementor-widget-spacer\" data-id=\"3a2d5271\" data-element_type=\"widget\" data-e-type=\"widget\" data-widget_type=\"spacer.default\">\n\t\t\t\t\t\t\t<div class=\"elementor-spacer\">\n\t\t\t<div class=\"elementor-spacer-inner\"><\/div>\n\t\t<\/div>\n\t\t\t\t\t\t<\/div>\n\t\t\t\t<\/div>\n\t\t\t\t\t<\/div>\n\t\t\t\t<\/div>\n\t\t\t\t<\/div>\n\t\t<div class=\"elementor-element elementor-element-fd02258 e-con-full e-flex e-con e-parent\" data-id=\"fd02258\" data-element_type=\"container\" data-e-type=\"container\" data-settings=\"{&quot;background_background&quot;:&quot;classic&quot;}\">\n\t\t<div class=\"elementor-element elementor-element-5943e6d0 e-grid e-con-boxed e-con e-child\" data-id=\"5943e6d0\" data-element_type=\"container\" data-e-type=\"container\">\n\t\t\t\t\t<div class=\"e-con-inner\">\n\t\t<div class=\"elementor-element elementor-element-7c176f64 e-con-full e-flex e-con e-child\" data-id=\"7c176f64\" data-element_type=\"container\" data-e-type=\"container\">\n\t\t\t\t<div class=\"elementor-element elementor-element-488745b6 elementor-widget-divider--view-line elementor-widget elementor-widget-divider\" data-id=\"488745b6\" data-element_type=\"widget\" data-e-type=\"widget\" data-widget_type=\"divider.default\">\n\t\t\t\t\t\t\t<div class=\"elementor-divider\">\n\t\t\t<span class=\"elementor-divider-separator\">\n\t\t\t\t\t\t<\/span>\n\t\t<\/div>\n\t\t\t\t\t\t<\/div>\n\t\t\t\t<\/div>\n\t\t\t\t\t<\/div>\n\t\t\t\t<\/div>\n\t\t\t\t<\/div>\n\t\t<div class=\"elementor-element elementor-element-5820a3f e-con-full e-flex e-con e-parent\" data-id=\"5820a3f\" data-element_type=\"container\" data-e-type=\"container\" data-settings=\"{&quot;background_background&quot;:&quot;classic&quot;}\">\n\t\t<div class=\"elementor-element elementor-element-7f549f7 e-grid e-con-boxed e-con e-child\" data-id=\"7f549f7\" data-element_type=\"container\" data-e-type=\"container\">\n\t\t\t\t\t<div class=\"e-con-inner\">\n\t\t<div class=\"elementor-element elementor-element-28a4998d e-con-full e-flex e-con e-child\" data-id=\"28a4998d\" data-element_type=\"container\" data-e-type=\"container\">\n\t\t\t\t<div class=\"elementor-element elementor-element-4f50fc8 elementor-widget elementor-widget-heading\" data-id=\"4f50fc8\" data-element_type=\"widget\" data-e-type=\"widget\" data-widget_type=\"heading.default\">\n\t\t\t\t\t<h2 class=\"elementor-heading-title elementor-size-default\">Om dig<\/h2>\t\t\t\t<\/div>\n\t\t\t\t<div class=\"elementor-element elementor-element-439a24ab elementor-widget elementor-widget-spacer\" data-id=\"439a24ab\" data-element_type=\"widget\" data-e-type=\"widget\" data-widget_type=\"spacer.default\">\n\t\t\t\t\t\t\t<div class=\"elementor-spacer\">\n\t\t\t<div class=\"elementor-spacer-inner\"><\/div>\n\t\t<\/div>\n\t\t\t\t\t\t<\/div>\n\t\t\t\t<\/div>\n\t\t<div class=\"elementor-element elementor-element-6392c1d1 e-con-full e-flex e-con e-child\" data-id=\"6392c1d1\" data-element_type=\"container\" data-e-type=\"container\">\n\t\t\t\t<div class=\"elementor-element elementor-element-3d499121 elementor-widget elementor-widget-text-editor\" data-id=\"3d499121\" data-element_type=\"widget\" data-e-type=\"widget\" data-widget_type=\"text-editor.default\">\n\t\t\t\t\t\t\t\t\t<p>Vi s\u00f6ker medarbetare som vill utvecklas b\u00e5de professionellt och personligt. Om du \u00e4r nyfiken, initiativtagande och strukturerad och v\u00e4rdes\u00e4tter samarbete, gemenskap och kvalitetsarbete, kan ett jobb hos oss vara n\u00e5got f\u00f6r dig. Du f\u00e5r en sp\u00e4nnande vardag med m\u00e5nga tekniska utmaningar. Du ska beh\u00e4rska antingen danska eller svenska \u2013 och dessutom kunna g\u00f6ra dig f\u00f6rst\u00e5dd p\u00e5 engelska eller tyska.  <\/p><p>N\u00e5got f\u00f6r dig? H\u00f6r av dig f\u00f6r att f\u00e5 veta mer \u2013 eller skicka din ans\u00f6kan och ditt CV till: <a href=\"mailto:job@rwe.dk\">job@rwe.dk<\/a> <\/p>\t\t\t\t\t\t\t\t<\/div>\n\t\t\t\t<div class=\"elementor-element elementor-element-63010f86 elementor-widget elementor-widget-spacer\" data-id=\"63010f86\" data-element_type=\"widget\" data-e-type=\"widget\" data-widget_type=\"spacer.default\">\n\t\t\t\t\t\t\t<div class=\"elementor-spacer\">\n\t\t\t<div class=\"elementor-spacer-inner\"><\/div>\n\t\t<\/div>\n\t\t\t\t\t\t<\/div>\n\t\t\t\t<\/div>\n\t\t\t\t\t<\/div>\n\t\t\t\t<\/div>\n\t\t\t\t<\/div>\n\t\t<div class=\"elementor-element elementor-element-73546bc e-con-full e-flex e-con e-parent\" data-id=\"73546bc\" data-element_type=\"container\" data-e-type=\"container\" data-settings=\"{&quot;background_background&quot;:&quot;classic&quot;}\">\n\t\t<div class=\"elementor-element elementor-element-641ef11 e-grid e-con-boxed e-con e-child\" data-id=\"641ef11\" data-element_type=\"container\" data-e-type=\"container\">\n\t\t\t\t\t<div class=\"e-con-inner\">\n\t\t<div class=\"elementor-element elementor-element-a55128a e-con-full e-flex e-con e-child\" data-id=\"a55128a\" data-element_type=\"container\" data-e-type=\"container\">\n\t\t\t\t<div class=\"elementor-element elementor-element-2a3db43 elementor-widget-divider--view-line elementor-widget elementor-widget-divider\" data-id=\"2a3db43\" data-element_type=\"widget\" data-e-type=\"widget\" data-widget_type=\"divider.default\">\n\t\t\t\t\t\t\t<div class=\"elementor-divider\">\n\t\t\t<span class=\"elementor-divider-separator\">\n\t\t\t\t\t\t<\/span>\n\t\t<\/div>\n\t\t\t\t\t\t<\/div>\n\t\t\t\t<\/div>\n\t\t\t\t\t<\/div>\n\t\t\t\t<\/div>\n\t\t\t\t<\/div>\n\t\t<div class=\"elementor-element elementor-element-205774b1 e-con-full e-flex e-con e-parent\" data-id=\"205774b1\" data-element_type=\"container\" data-e-type=\"container\" id=\"studenter\" data-settings=\"{&quot;background_background&quot;:&quot;classic&quot;}\">\n\t\t<div class=\"elementor-element elementor-element-6eecee30 e-grid e-con-boxed e-con e-child\" data-id=\"6eecee30\" data-element_type=\"container\" data-e-type=\"container\">\n\t\t\t\t\t<div class=\"e-con-inner\">\n\t\t<div class=\"elementor-element elementor-element-a07b996 e-con-full e-flex e-con e-child\" data-id=\"a07b996\" data-element_type=\"container\" data-e-type=\"container\">\n\t\t\t\t<div class=\"elementor-element elementor-element-4621bfb4 elementor-widget elementor-widget-heading\" data-id=\"4621bfb4\" data-element_type=\"widget\" data-e-type=\"widget\" data-widget_type=\"heading.default\">\n\t\t\t\t\t<h2 class=\"elementor-heading-title elementor-size-default\">Bli studentmedarbetare hos oss<\/h2>\t\t\t\t<\/div>\n\t\t\t\t<div class=\"elementor-element elementor-element-2f3c0b79 elementor-widget elementor-widget-spacer\" data-id=\"2f3c0b79\" data-element_type=\"widget\" data-e-type=\"widget\" data-widget_type=\"spacer.default\">\n\t\t\t\t\t\t\t<div class=\"elementor-spacer\">\n\t\t\t<div class=\"elementor-spacer-inner\"><\/div>\n\t\t<\/div>\n\t\t\t\t\t\t<\/div>\n\t\t\t\t<\/div>\n\t\t<div class=\"elementor-element elementor-element-10b85723 e-con-full e-flex e-con e-child\" data-id=\"10b85723\" data-element_type=\"container\" data-e-type=\"container\">\n\t\t\t\t<div class=\"elementor-element elementor-element-48ef566e elementor-widget elementor-widget-text-editor\" data-id=\"48ef566e\" data-element_type=\"widget\" data-e-type=\"widget\" data-widget_type=\"text-editor.default\">\n\t\t\t\t\t\t\t\t\t<p>Studerar du vid ett danskt universitet inom el, IT, mekanik eller j\u00e4rnv\u00e4gsteknik? Och vill du ha ett studierelevant jobb? <\/p><p>Hos Rosenfelt &amp; West f\u00e5r du m\u00f6jlighet att utvecklas professionellt och pr\u00f6va din utbildning i praktiken. Du f\u00e5r en mentor som introducerar dig till jobbet, teamet och arbetsuppgifterna. Tillsammans s\u00e4tter vi m\u00e5l f\u00f6r ditt arbete och din utveckling. Om allt g\u00e5r bra hoppas vi att du vill stanna hos oss n\u00e4r du \u00e4r klar med din utbildning.   <\/p><p>Arbetstiden \u00e4r vanligtvis 8\u201316 timmar per vecka.  <\/p><p>N\u00e5got f\u00f6r dig? H\u00f6r av dig f\u00f6r att f\u00e5 veta mer \u2013 eller skicka din ans\u00f6kan och ditt CV till: <a href=\"mailto:job@rwe.dk\">job@rwe.dk<\/a> <\/p>\t\t\t\t\t\t\t\t<\/div>\n\t\t\t\t<div class=\"elementor-element elementor-element-2747b08 elementor-widget elementor-widget-text-editor\" data-id=\"2747b08\" data-element_type=\"widget\" data-e-type=\"widget\" data-widget_type=\"text-editor.default\">\n\t\t\t\t\t\t\t\t\t<p><em>\u201cJag arbetar n\u00e4ra tillsammans med min chef varje dag. Och tro det eller ej, vi pratar inte bara om t\u00e5g.\u201d<\/em><\/p><p><em>Andreas, studentmedarbetare<\/em><\/p>\t\t\t\t\t\t\t\t<\/div>\n\t\t\t\t<div class=\"elementor-element elementor-element-3ce34cae elementor-widget elementor-widget-spacer\" data-id=\"3ce34cae\" data-element_type=\"widget\" data-e-type=\"widget\" data-widget_type=\"spacer.default\">\n\t\t\t\t\t\t\t<div class=\"elementor-spacer\">\n\t\t\t<div class=\"elementor-spacer-inner\"><\/div>\n\t\t<\/div>\n\t\t\t\t\t\t<\/div>\n\t\t\t\t<\/div>\n\t\t\t\t\t<\/div>\n\t\t\t\t<\/div>\n\t\t\t\t<\/div>\n\t\t<div class=\"elementor-element elementor-element-29dc9ff5 e-con-full e-flex e-con e-parent\" data-id=\"29dc9ff5\" data-element_type=\"container\" data-e-type=\"container\" data-settings=\"{&quot;background_background&quot;:&quot;classic&quot;}\">\n\t\t<div class=\"elementor-element elementor-element-5c1390d7 e-grid e-con-boxed e-con e-child\" data-id=\"5c1390d7\" data-element_type=\"container\" data-e-type=\"container\">\n\t\t\t\t\t<div class=\"e-con-inner\">\n\t\t<div class=\"elementor-element elementor-element-2f92905c e-con-full e-flex e-con e-child\" data-id=\"2f92905c\" data-element_type=\"container\" data-e-type=\"container\">\n\t\t\t\t<div class=\"elementor-element elementor-element-7fd06657 elementor-widget-divider--view-line elementor-widget elementor-widget-divider\" data-id=\"7fd06657\" data-element_type=\"widget\" data-e-type=\"widget\" data-widget_type=\"divider.default\">\n\t\t\t\t\t\t\t<div class=\"elementor-divider\">\n\t\t\t<span class=\"elementor-divider-separator\">\n\t\t\t\t\t\t<\/span>\n\t\t<\/div>\n\t\t\t\t\t\t<\/div>\n\t\t\t\t<\/div>\n\t\t\t\t\t<\/div>\n\t\t\t\t<\/div>\n\t\t\t\t<\/div>\n\t\t<div class=\"elementor-element elementor-element-5ec31f17 e-con-full e-flex e-con e-parent\" data-id=\"5ec31f17\" data-element_type=\"container\" data-e-type=\"container\" id=\"ledige\" data-settings=\"{&quot;background_background&quot;:&quot;classic&quot;}\">\n\t\t<div class=\"elementor-element elementor-element-22de3294 e-grid e-con-boxed e-con e-child\" data-id=\"22de3294\" data-element_type=\"container\" data-e-type=\"container\">\n\t\t\t\t\t<div class=\"e-con-inner\">\n\t\t<div class=\"elementor-element elementor-element-2b82a2e9 e-con-full e-flex e-con e-child\" data-id=\"2b82a2e9\" data-element_type=\"container\" data-e-type=\"container\">\n\t\t\t\t<div class=\"elementor-element elementor-element-93d402a elementor-widget elementor-widget-heading\" data-id=\"93d402a\" data-element_type=\"widget\" data-e-type=\"widget\" data-widget_type=\"heading.default\">\n\t\t\t\t\t<h2 class=\"elementor-heading-title elementor-size-default\">Lediga jobb<\/h2>\t\t\t\t<\/div>\n\t\t\t\t<div class=\"elementor-element elementor-element-49aed430 elementor-widget elementor-widget-spacer\" data-id=\"49aed430\" data-element_type=\"widget\" data-e-type=\"widget\" data-widget_type=\"spacer.default\">\n\t\t\t\t\t\t\t<div class=\"elementor-spacer\">\n\t\t\t<div class=\"elementor-spacer-inner\"><\/div>\n\t\t<\/div>\n\t\t\t\t\t\t<\/div>\n\t\t\t\t<\/div>\n\t\t<div class=\"elementor-element elementor-element-38d8ebc1 e-con-full e-flex e-con e-child\" data-id=\"38d8ebc1\" data-element_type=\"container\" data-e-type=\"container\">\n\t\t\t\t<div class=\"elementor-element elementor-element-18533264 elementor-widget elementor-widget-text-editor\" data-id=\"18533264\" data-element_type=\"widget\" data-e-type=\"widget\" data-widget_type=\"text-editor.default\">\n\t\t\t\t\t\t\t\t\t<p>Vi har f\u00f6r n\u00e4rvarande inga lediga tj\u00e4nster, men du \u00e4r varmt v\u00e4lkommen att skicka en spontanans\u00f6kan och ditt CV till: <a href=\"mailto:job@rwe.dk\">job@rwe.dk<\/a><\/p>\t\t\t\t\t\t\t\t<\/div>\n\t\t\t\t<div class=\"elementor-element elementor-element-2c17a0c1 elementor-widget elementor-widget-spacer\" data-id=\"2c17a0c1\" data-element_type=\"widget\" data-e-type=\"widget\" data-widget_type=\"spacer.default\">\n\t\t\t\t\t\t\t<div class=\"elementor-spacer\">\n\t\t\t<div class=\"elementor-spacer-inner\"><\/div>\n\t\t<\/div>\n\t\t\t\t\t\t<\/div>\n\t\t\t\t<\/div>\n\t\t\t\t\t<\/div>\n\t\t\t\t<\/div>\n\t\t\t\t<\/div>\n\t\t\t\t<\/div>\n\t\t","protected":false},"excerpt":{"rendered":"<p>Jobb och karri\u00e4r Vill du vara en del av teamet? Bli en del av en gemenskap d\u00e4r du utvecklas tillsammans med dina kollegor. Bli studentmedarbetare Lediga jobb Fackkompetens och gemenskap Vill du vara en del av ett team d\u00e4r vi tillsammans s\u00e4kerst\u00e4ller t\u00e5gdriften i Skandinavien? Har du en bakgrund inom projektledning, IT eller signalteknik? \u201dVi [&hellip;]<\/p>\n","protected":false},"author":2,"featured_media":0,"parent":2193,"menu_order":0,"comment_status":"closed","ping_status":"closed","template":"","meta":{"footnotes":""},"class_list":["post-2311","page","type-page","status-publish","hentry"],"_links":{"self":[{"href":"https:\/\/rwe.dk\/sv\/wp-json\/wp\/v2\/pages\/2311","targetHints":{"allow":["GET"]}}],"collection":[{"href":"https:\/\/rwe.dk\/sv\/wp-json\/wp\/v2\/pages"}],"about":[{"href":"https:\/\/rwe.dk\/sv\/wp-json\/wp\/v2\/types\/page"}],"author":[{"embeddable":true,"href":"https:\/\/rwe.dk\/sv\/wp-json\/wp\/v2\/users\/2"}],"replies":[{"embeddable":true,"href":"https:\/\/rwe.dk\/sv\/wp-json\/wp\/v2\/comments?post=2311"}],"version-history":[{"count":1,"href":"https:\/\/rwe.dk\/sv\/wp-json\/wp\/v2\/pages\/2311\/revisions"}],"predecessor-version":[{"id":2313,"href":"https:\/\/rwe.dk\/sv\/wp-json\/wp\/v2\/pages\/2311\/revisions\/2313"}],"up":[{"embeddable":true,"href":"https:\/\/rwe.dk\/sv\/wp-json\/wp\/v2\/pages\/2193"}],"wp:attachment":[{"href":"https:\/\/rwe.dk\/sv\/wp-json\/wp\/v2\/media?parent=2311"}],"curies":[{"name":"wp","href":"https:\/\/api.w.org\/{rel}","templated":true}]}}