{"id":2317,"date":"2026-03-13T13:47:29","date_gmt":"2026-03-13T13:47:29","guid":{"rendered":"https:\/\/rwe.dk\/kurser\/"},"modified":"2026-03-24T14:46:34","modified_gmt":"2026-03-24T14:46:34","slug":"kurser","status":"publish","type":"page","link":"https:\/\/rwe.dk\/sv\/loesningar\/kurser\/","title":{"rendered":"Kurser"},"content":{"rendered":"\t\t<div data-elementor-type=\"wp-page\" data-elementor-id=\"2317\" class=\"elementor elementor-2317 elementor-781\" data-elementor-post-type=\"page\">\n\t\t\t\t<div class=\"elementor-element elementor-element-1e65dff1 e-con-full e-flex e-con e-parent\" data-id=\"1e65dff1\" data-element_type=\"container\" data-e-type=\"container\" data-settings=\"{&quot;background_background&quot;:&quot;classic&quot;}\">\n\t\t<div class=\"elementor-element elementor-element-12c9c29f e-grid e-con-boxed e-con e-child\" data-id=\"12c9c29f\" data-element_type=\"container\" data-e-type=\"container\">\n\t\t\t\t\t<div class=\"e-con-inner\">\n\t\t<div class=\"elementor-element elementor-element-5477d20a e-con-full e-flex e-con e-child\" data-id=\"5477d20a\" data-element_type=\"container\" data-e-type=\"container\">\n\t\t\t\t<div class=\"elementor-element elementor-element-6d182f3f elementor-widget elementor-widget-heading\" data-id=\"6d182f3f\" data-element_type=\"widget\" data-e-type=\"widget\" data-widget_type=\"heading.default\">\n\t\t\t\t\t<h5 class=\"elementor-heading-title elementor-size-default\">Kurser och utbildning<\/h5>\t\t\t\t<\/div>\n\t\t\t\t<div class=\"elementor-element elementor-element-199c5881 elementor-widget elementor-widget-spacer\" data-id=\"199c5881\" data-element_type=\"widget\" data-e-type=\"widget\" data-widget_type=\"spacer.default\">\n\t\t\t\t\t\t\t<div class=\"elementor-spacer\">\n\t\t\t<div class=\"elementor-spacer-inner\"><\/div>\n\t\t<\/div>\n\t\t\t\t\t\t<\/div>\n\t\t\t\t<div class=\"elementor-element elementor-element-7637d0f3 elementor-widget elementor-widget-heading\" data-id=\"7637d0f3\" data-element_type=\"widget\" data-e-type=\"widget\" data-widget_type=\"heading.default\">\n\t\t\t\t\t<h1 class=\"elementor-heading-title elementor-size-default\">Praktiska kurser i signalteknik<\/h1>\t\t\t\t<\/div>\n\t\t\t\t<div class=\"elementor-element elementor-element-606a7802 elementor-widget elementor-widget-spacer\" data-id=\"606a7802\" data-element_type=\"widget\" data-e-type=\"widget\" data-widget_type=\"spacer.default\">\n\t\t\t\t\t\t\t<div class=\"elementor-spacer\">\n\t\t\t<div class=\"elementor-spacer-inner\"><\/div>\n\t\t<\/div>\n\t\t\t\t\t\t<\/div>\n\t\t\t\t<\/div>\n\t\t\t\t<div class=\"elementor-element elementor-element-77eadc5d elementor-widget elementor-widget-image\" data-id=\"77eadc5d\" data-element_type=\"widget\" data-e-type=\"widget\" data-widget_type=\"image.default\">\n\t\t\t\t\t\t\t\t\t\t\t\t\t\t\t<img fetchpriority=\"high\" decoding=\"async\" width=\"1200\" height=\"1200\" src=\"https:\/\/rwe.dk\/wp-content\/uploads\/2026\/03\/iStock-2175409742.webp\" class=\"attachment-full size-full wp-image-2318\" alt=\"\" srcset=\"https:\/\/rwe.dk\/wp-content\/uploads\/2026\/03\/iStock-2175409742.webp 1200w, https:\/\/rwe.dk\/wp-content\/uploads\/2026\/03\/iStock-2175409742-300x300.webp 300w, https:\/\/rwe.dk\/wp-content\/uploads\/2026\/03\/iStock-2175409742-1024x1024.webp 1024w, https:\/\/rwe.dk\/wp-content\/uploads\/2026\/03\/iStock-2175409742-150x150.webp 150w, https:\/\/rwe.dk\/wp-content\/uploads\/2026\/03\/iStock-2175409742-768x768.webp 768w\" sizes=\"(max-width: 1200px) 100vw, 1200px\" \/>\t\t\t\t\t\t\t\t\t\t\t\t\t\t\t<\/div>\n\t\t\t\t\t<\/div>\n\t\t\t\t<\/div>\n\t\t\t\t<\/div>\n\t\t<div class=\"elementor-element elementor-element-1768d52c e-con-full e-flex e-con e-parent\" data-id=\"1768d52c\" data-element_type=\"container\" data-e-type=\"container\" data-settings=\"{&quot;background_background&quot;:&quot;classic&quot;}\">\n\t\t<div class=\"elementor-element elementor-element-225f454d e-grid e-con-boxed e-con e-child\" data-id=\"225f454d\" data-element_type=\"container\" data-e-type=\"container\">\n\t\t\t\t\t<div class=\"e-con-inner\">\n\t\t<div class=\"elementor-element elementor-element-5ff0b97 e-con-full e-flex e-con e-child\" data-id=\"5ff0b97\" data-element_type=\"container\" data-e-type=\"container\">\n\t\t\t\t<div class=\"elementor-element elementor-element-3f0e75a elementor-widget elementor-widget-heading\" data-id=\"3f0e75a\" data-element_type=\"widget\" data-e-type=\"widget\" data-widget_type=\"heading.default\">\n\t\t\t\t\t<h2 class=\"elementor-heading-title elementor-size-default\">Specialiserad utbildning med 30 \u00e5rs erfarenhet<\/h2>\t\t\t\t<\/div>\n\t\t\t\t<div class=\"elementor-element elementor-element-37b34572 elementor-widget elementor-widget-spacer\" data-id=\"37b34572\" data-element_type=\"widget\" data-e-type=\"widget\" data-widget_type=\"spacer.default\">\n\t\t\t\t\t\t\t<div class=\"elementor-spacer\">\n\t\t\t<div class=\"elementor-spacer-inner\"><\/div>\n\t\t<\/div>\n\t\t\t\t\t\t<\/div>\n\t\t\t\t<\/div>\n\t\t<div class=\"elementor-element elementor-element-5d59d273 e-con-full elementor-hidden-mobile e-flex e-con e-child\" data-id=\"5d59d273\" data-element_type=\"container\" data-e-type=\"container\">\n\t\t\t\t<\/div>\n\t\t<div class=\"elementor-element elementor-element-216e656d e-con-full e-flex e-con e-child\" data-id=\"216e656d\" data-element_type=\"container\" data-e-type=\"container\">\n\t\t\t\t<div class=\"elementor-element elementor-element-485c49ba elementor-widget elementor-widget-text-editor\" data-id=\"485c49ba\" data-element_type=\"widget\" data-e-type=\"widget\" data-widget_type=\"text-editor.default\">\n\t\t\t\t\t\t\t\t\t<p>RWE utbildar tekniker, mont\u00f6rer och personal som arbetar med drift, installation och service. Vi utbildar i b\u00e5de elektroniska och rel\u00e4baserade anl\u00e4ggningar \u2013 med fokus p\u00e5 uppbyggnad, funktion, underh\u00e5ll, konfigurering och fels\u00f6kning. Alla utbildningar avslutas med test och kursintyg.  <\/p>\t\t\t\t\t\t\t\t<\/div>\n\t\t\t\t<\/div>\n\t\t<div class=\"elementor-element elementor-element-3c116649 e-con-full e-flex e-con e-child\" data-id=\"3c116649\" data-element_type=\"container\" data-e-type=\"container\">\n\t\t\t\t<div class=\"elementor-element elementor-element-7f648fea elementor-widget elementor-widget-text-editor\" data-id=\"7f648fea\" data-element_type=\"widget\" data-e-type=\"widget\" data-widget_type=\"text-editor.default\">\n\t\t\t\t\t\t\t\t\t<p>Utbildningen genomf\u00f6rs i v\u00e5ra lokaler eller hos er \u2013 som praktiska hands-on-uppl\u00e4gg i sm\u00e5 grupper (vanligtvis max 5 deltagare). Kurserna kan kombineras och anpassas efter era behov. <\/p>\t\t\t\t\t\t\t\t<\/div>\n\t\t\t\t<\/div>\n\t\t\t\t\t<\/div>\n\t\t\t\t<\/div>\n\t\t\t\t<\/div>\n\t\t<div class=\"elementor-element elementor-element-42cc8dcc e-con-full e-flex e-con e-parent\" data-id=\"42cc8dcc\" data-element_type=\"container\" data-e-type=\"container\" data-settings=\"{&quot;background_background&quot;:&quot;classic&quot;}\">\n\t\t<div class=\"elementor-element elementor-element-7584fe71 e-grid e-con-boxed e-con e-child\" data-id=\"7584fe71\" data-element_type=\"container\" data-e-type=\"container\">\n\t\t\t\t\t<div class=\"e-con-inner\">\n\t\t\t\t<div class=\"elementor-element elementor-element-563a3729 elementor-widget elementor-widget-image\" data-id=\"563a3729\" data-element_type=\"widget\" data-e-type=\"widget\" data-widget_type=\"image.default\">\n\t\t\t\t\t\t\t\t\t\t\t\t\t\t\t<img decoding=\"async\" width=\"1200\" height=\"1200\" src=\"https:\/\/rwe.dk\/wp-content\/uploads\/2026\/03\/BUES2000.webp\" class=\"attachment-full size-full wp-image-2322\" alt=\"\" srcset=\"https:\/\/rwe.dk\/wp-content\/uploads\/2026\/03\/BUES2000.webp 1200w, https:\/\/rwe.dk\/wp-content\/uploads\/2026\/03\/BUES2000-300x300.webp 300w, https:\/\/rwe.dk\/wp-content\/uploads\/2026\/03\/BUES2000-1024x1024.webp 1024w, https:\/\/rwe.dk\/wp-content\/uploads\/2026\/03\/BUES2000-150x150.webp 150w, https:\/\/rwe.dk\/wp-content\/uploads\/2026\/03\/BUES2000-768x768.webp 768w\" sizes=\"(max-width: 1200px) 100vw, 1200px\" \/>\t\t\t\t\t\t\t\t\t\t\t\t\t\t\t<\/div>\n\t\t<div class=\"elementor-element elementor-element-2662067e e-con-full e-flex e-con e-child\" data-id=\"2662067e\" data-element_type=\"container\" data-e-type=\"container\">\n\t\t\t\t<div class=\"elementor-element elementor-element-577a1551 elementor-widget elementor-widget-heading\" data-id=\"577a1551\" data-element_type=\"widget\" data-e-type=\"widget\" data-widget_type=\"heading.default\">\n\t\t\t\t\t<h2 class=\"elementor-heading-title elementor-size-default\">Allm\u00e4n plankorsningsl\u00e4ra (grundkurs) <\/h2>\t\t\t\t<\/div>\n\t\t\t\t<div class=\"elementor-element elementor-element-43c3940f elementor-widget elementor-widget-spacer\" data-id=\"43c3940f\" data-element_type=\"widget\" data-e-type=\"widget\" data-widget_type=\"spacer.default\">\n\t\t\t\t\t\t\t<div class=\"elementor-spacer\">\n\t\t\t<div class=\"elementor-spacer-inner\"><\/div>\n\t\t<\/div>\n\t\t\t\t\t\t<\/div>\n\t\t\t\t<div class=\"elementor-element elementor-element-44a8c368 elementor-widget elementor-widget-text-editor\" data-id=\"44a8c368\" data-element_type=\"widget\" data-e-type=\"widget\" data-widget_type=\"text-editor.default\">\n\t\t\t\t\t\t\t\t\t<p>Allm\u00e4n plankorsningsl\u00e4ra \u00e4r en introduktion till uppbyggnad, funktion och drift av j\u00e4rnv\u00e4gens signaltekniska anl\u00e4ggningar. Kursdeltagarna f\u00e5r f\u00f6rst\u00e5else f\u00f6r principerna bakom dokumentation, plankorsningsl\u00e4ra, signalutrustning och s\u00e4kerhetsfunktioner. Grundkursen ger m\u00f6jlighet att delta i v\u00e5ra specialkurser.   <br><br><\/p>\t\t\t\t\t\t\t\t<\/div>\n\t\t\t\t<div class=\"elementor-element elementor-element-7da7045f elementor-widget elementor-widget-spacer\" data-id=\"7da7045f\" data-element_type=\"widget\" data-e-type=\"widget\" data-widget_type=\"spacer.default\">\n\t\t\t\t\t\t\t<div class=\"elementor-spacer\">\n\t\t\t<div class=\"elementor-spacer-inner\"><\/div>\n\t\t<\/div>\n\t\t\t\t\t\t<\/div>\n\t\t\t\t<\/div>\n\t\t\t\t\t<\/div>\n\t\t\t\t<\/div>\n\t\t\t\t<\/div>\n\t\t<div class=\"elementor-element elementor-element-45272b88 e-con-full e-flex e-con e-parent\" data-id=\"45272b88\" data-element_type=\"container\" data-e-type=\"container\" data-settings=\"{&quot;background_background&quot;:&quot;classic&quot;}\">\n\t\t<div class=\"elementor-element elementor-element-52a09502 e-grid e-con-boxed e-con e-child\" data-id=\"52a09502\" data-element_type=\"container\" data-e-type=\"container\">\n\t\t\t\t\t<div class=\"e-con-inner\">\n\t\t<div class=\"elementor-element elementor-element-26e5752c e-con-full e-flex e-con e-child\" data-id=\"26e5752c\" data-element_type=\"container\" data-e-type=\"container\">\n\t\t\t\t<div class=\"elementor-element elementor-element-34070519 elementor-widget elementor-widget-heading\" data-id=\"34070519\" data-element_type=\"widget\" data-e-type=\"widget\" data-widget_type=\"heading.default\">\n\t\t\t\t\t<h2 class=\"elementor-heading-title elementor-size-default\">Specialkurser<\/h2>\t\t\t\t<\/div>\n\t\t\t\t<div class=\"elementor-element elementor-element-507e866c elementor-widget elementor-widget-spacer\" data-id=\"507e866c\" data-element_type=\"widget\" data-e-type=\"widget\" data-widget_type=\"spacer.default\">\n\t\t\t\t\t\t\t<div class=\"elementor-spacer\">\n\t\t\t<div class=\"elementor-spacer-inner\"><\/div>\n\t\t<\/div>\n\t\t\t\t\t\t<\/div>\n\t\t\t\t<div class=\"elementor-element elementor-element-4c06f6a2 elementor-widget elementor-widget-text-editor\" data-id=\"4c06f6a2\" data-element_type=\"widget\" data-e-type=\"widget\" data-widget_type=\"text-editor.default\">\n\t\t\t\t\t\t\t\t\t<p>Vi erbjuder ett antal specialkurser i konkreta anl\u00e4ggningar och teknologier, bland annat:<\/p><ul><li>BUES 2000 plankorsningsanl\u00e4ggning<\/li><li>AlisterCargo signals\u00e4kerhetsanl\u00e4ggning<\/li><li>AZSB 300 axelr\u00e4knare<\/li><li>FSSB typ 90 t\u00e4nd- och sl\u00e4ckloopar<\/li><li>E-klocka<\/li><li>VD 05 \u00f6verg\u00e5ngsanl\u00e4ggning<\/li><li>V\u00e4gdetektorutrustning<\/li><li>Specialkurser i signaltekniska anl\u00e4ggningar<\/li><\/ul>\t\t\t\t\t\t\t\t<\/div>\n\t\t\t\t<div class=\"elementor-element elementor-element-3adc0b0b elementor-widget elementor-widget-spacer\" data-id=\"3adc0b0b\" data-element_type=\"widget\" data-e-type=\"widget\" data-widget_type=\"spacer.default\">\n\t\t\t\t\t\t\t<div class=\"elementor-spacer\">\n\t\t\t<div class=\"elementor-spacer-inner\"><\/div>\n\t\t<\/div>\n\t\t\t\t\t\t<\/div>\n\t\t\t\t<\/div>\n\t\t\t\t<div class=\"elementor-element elementor-element-4e9e4da4 elementor-widget elementor-widget-image\" data-id=\"4e9e4da4\" data-element_type=\"widget\" data-e-type=\"widget\" data-widget_type=\"image.default\">\n\t\t\t\t\t\t\t\t\t\t\t\t\t\t\t<img decoding=\"async\" width=\"1200\" height=\"1200\" src=\"https:\/\/rwe.dk\/wp-content\/uploads\/2026\/03\/iStock-1339450461.webp\" class=\"attachment-full size-full wp-image-2323\" alt=\"\" srcset=\"https:\/\/rwe.dk\/wp-content\/uploads\/2026\/03\/iStock-1339450461.webp 1200w, https:\/\/rwe.dk\/wp-content\/uploads\/2026\/03\/iStock-1339450461-300x300.webp 300w, https:\/\/rwe.dk\/wp-content\/uploads\/2026\/03\/iStock-1339450461-1024x1024.webp 1024w, https:\/\/rwe.dk\/wp-content\/uploads\/2026\/03\/iStock-1339450461-150x150.webp 150w, https:\/\/rwe.dk\/wp-content\/uploads\/2026\/03\/iStock-1339450461-768x768.webp 768w\" sizes=\"(max-width: 1200px) 100vw, 1200px\" \/>\t\t\t\t\t\t\t\t\t\t\t\t\t\t\t<\/div>\n\t\t\t\t\t<\/div>\n\t\t\t\t<\/div>\n\t\t\t\t<\/div>\n\t\t<div class=\"elementor-element elementor-element-682a7936 e-grid e-con-boxed e-con e-parent\" data-id=\"682a7936\" data-element_type=\"container\" data-e-type=\"container\" data-settings=\"{&quot;background_background&quot;:&quot;classic&quot;}\">\n\t\t\t\t\t<div class=\"e-con-inner\">\n\t\t<div class=\"elementor-element elementor-element-2da6713f e-grid e-con-boxed e-con e-child\" data-id=\"2da6713f\" data-element_type=\"container\" data-e-type=\"container\" data-settings=\"{&quot;background_background&quot;:&quot;classic&quot;}\">\n\t\t\t\t\t<div class=\"e-con-inner\">\n\t\t<div class=\"elementor-element elementor-element-7978d8b0 e-con-full e-flex e-con e-child\" data-id=\"7978d8b0\" data-element_type=\"container\" data-e-type=\"container\">\n\t\t\t\t<div class=\"elementor-element elementor-element-401eec96 elementor-widget elementor-widget-heading\" data-id=\"401eec96\" data-element_type=\"widget\" data-e-type=\"widget\" data-widget_type=\"heading.default\">\n\t\t\t\t\t<h2 class=\"elementor-heading-title elementor-size-default\">Varf\u00f6r v\u00e4lja RWE:s kurser?<\/h2>\t\t\t\t<\/div>\n\t\t\t\t<div class=\"elementor-element elementor-element-9866059 elementor-widget elementor-widget-spacer\" data-id=\"9866059\" data-element_type=\"widget\" data-e-type=\"widget\" data-widget_type=\"spacer.default\">\n\t\t\t\t\t\t\t<div class=\"elementor-spacer\">\n\t\t\t<div class=\"elementor-spacer-inner\"><\/div>\n\t\t<\/div>\n\t\t\t\t\t\t<\/div>\n\t\t\t\t<div class=\"elementor-element elementor-element-3bc5ac4d elementor-widget elementor-widget-text-editor\" data-id=\"3bc5ac4d\" data-element_type=\"widget\" data-e-type=\"widget\" data-widget_type=\"text-editor.default\">\n\t\t\t\t\t\t\t\t\t<p><strong>Praktikn\u00e4ra utbildning<\/strong> p\u00e5 anl\u00e4ggningar och komponenter fr\u00e5n driften \u2013 direkt anv\u00e4ndbart i vardagen.<\/p><p><strong>30 \u00e5rs undervisningserfarenhet<\/strong> inom signalteknik och relaterade teknologier.<\/p><p><strong>Test och kursintyg<\/strong> p\u00e5 alla kurser. <\/p>\t\t\t\t\t\t\t\t<\/div>\n\t\t\t\t<div class=\"elementor-element elementor-element-2c190e73 elementor-widget elementor-widget-spacer\" data-id=\"2c190e73\" data-element_type=\"widget\" data-e-type=\"widget\" data-widget_type=\"spacer.default\">\n\t\t\t\t\t\t\t<div class=\"elementor-spacer\">\n\t\t\t<div class=\"elementor-spacer-inner\"><\/div>\n\t\t<\/div>\n\t\t\t\t\t\t<\/div>\n\t\t\t\t<\/div>\n\t\t\t\t\t<\/div>\n\t\t\t\t<\/div>\n\t\t\t\t\t<\/div>\n\t\t\t\t<\/div>\n\t\t<div class=\"elementor-element elementor-element-41c23e73 e-flex e-con-boxed e-con e-parent\" data-id=\"41c23e73\" data-element_type=\"container\" data-e-type=\"container\" data-settings=\"{&quot;background_background&quot;:&quot;classic&quot;}\">\n\t\t\t\t\t<div class=\"e-con-inner\">\n\t\t<div class=\"elementor-element elementor-element-7e8ff7bc e-con-full e-flex e-con e-child\" data-id=\"7e8ff7bc\" data-element_type=\"container\" data-e-type=\"container\">\n\t\t\t\t<div class=\"elementor-element elementor-element-59f3cc3f elementor-widget elementor-widget-heading\" data-id=\"59f3cc3f\" data-element_type=\"widget\" data-e-type=\"widget\" data-widget_type=\"heading.default\">\n\t\t\t\t\t<h3 class=\"elementor-heading-title elementor-size-default\">Kontakt<\/h3>\t\t\t\t<\/div>\n\t\t\t\t<div class=\"elementor-element elementor-element-708c6ad6 elementor-widget elementor-widget-spacer\" data-id=\"708c6ad6\" data-element_type=\"widget\" data-e-type=\"widget\" data-widget_type=\"spacer.default\">\n\t\t\t\t\t\t\t<div class=\"elementor-spacer\">\n\t\t\t<div class=\"elementor-spacer-inner\"><\/div>\n\t\t<\/div>\n\t\t\t\t\t\t<\/div>\n\t\t\t\t<div class=\"elementor-element elementor-element-ce1621d elementor-widget-divider--view-line elementor-widget elementor-widget-divider\" data-id=\"ce1621d\" data-element_type=\"widget\" data-e-type=\"widget\" data-widget_type=\"divider.default\">\n\t\t\t\t\t\t\t<div class=\"elementor-divider\">\n\t\t\t<span class=\"elementor-divider-separator\">\n\t\t\t\t\t\t<\/span>\n\t\t<\/div>\n\t\t\t\t\t\t<\/div>\n\t\t\t\t<div class=\"elementor-element elementor-element-7edd3649 elementor-widget elementor-widget-spacer\" data-id=\"7edd3649\" data-element_type=\"widget\" data-e-type=\"widget\" data-widget_type=\"spacer.default\">\n\t\t\t\t\t\t\t<div class=\"elementor-spacer\">\n\t\t\t<div class=\"elementor-spacer-inner\"><\/div>\n\t\t<\/div>\n\t\t\t\t\t\t<\/div>\n\t\t<div class=\"elementor-element elementor-element-17be752a e-grid e-con-full e-con e-child\" data-id=\"17be752a\" data-element_type=\"container\" data-e-type=\"container\">\n\t\t\t\t<div class=\"elementor-element elementor-element-eb566a9 elementor-widget elementor-widget-image\" data-id=\"eb566a9\" data-element_type=\"widget\" data-e-type=\"widget\" data-widget_type=\"image.default\">\n\t\t\t\t\t\t\t\t\t\t\t\t\t\t\t<img loading=\"lazy\" decoding=\"async\" width=\"1000\" height=\"1000\" src=\"https:\/\/rwe.dk\/wp-content\/uploads\/2026\/03\/HK-2.jpg\" class=\"attachment-full size-full wp-image-2222\" alt=\"\" srcset=\"https:\/\/rwe.dk\/wp-content\/uploads\/2026\/03\/HK-2.jpg 1000w, https:\/\/rwe.dk\/wp-content\/uploads\/2026\/03\/HK-2-300x300.jpg 300w, https:\/\/rwe.dk\/wp-content\/uploads\/2026\/03\/HK-2-150x150.jpg 150w, https:\/\/rwe.dk\/wp-content\/uploads\/2026\/03\/HK-2-768x768.jpg 768w\" sizes=\"(max-width: 1000px) 100vw, 1000px\" \/>\t\t\t\t\t\t\t\t\t\t\t\t\t\t\t<\/div>\n\t\t<div class=\"elementor-element elementor-element-6a63ea70 e-con-full e-flex e-con e-child\" data-id=\"6a63ea70\" data-element_type=\"container\" data-e-type=\"container\">\n\t\t\t\t<div class=\"elementor-element elementor-element-4a304fd6 elementor-widget elementor-widget-heading\" data-id=\"4a304fd6\" data-element_type=\"widget\" data-e-type=\"widget\" data-widget_type=\"heading.default\">\n\t\t\t\t\t<h5 class=\"elementor-heading-title elementor-size-default\">Henrik Kjeldgaard<\/h5>\t\t\t\t<\/div>\n\t\t\t\t<div class=\"elementor-element elementor-element-a1af8a9 elementor-widget elementor-widget-spacer\" data-id=\"a1af8a9\" data-element_type=\"widget\" data-e-type=\"widget\" data-widget_type=\"spacer.default\">\n\t\t\t\t\t\t\t<div class=\"elementor-spacer\">\n\t\t\t<div class=\"elementor-spacer-inner\"><\/div>\n\t\t<\/div>\n\t\t\t\t\t\t<\/div>\n\t\t\t\t<div class=\"elementor-element elementor-element-11a70ccb elementor-widget elementor-widget-heading\" data-id=\"11a70ccb\" data-element_type=\"widget\" data-e-type=\"widget\" data-widget_type=\"heading.default\">\n\t\t\t\t\t<h5 class=\"elementor-heading-title elementor-size-default\">Avdelningschef\n<\/h5>\t\t\t\t<\/div>\n\t\t\t\t<div class=\"elementor-element elementor-element-57900204 elementor-widget elementor-widget-spacer\" data-id=\"57900204\" data-element_type=\"widget\" data-e-type=\"widget\" data-widget_type=\"spacer.default\">\n\t\t\t\t\t\t\t<div class=\"elementor-spacer\">\n\t\t\t<div class=\"elementor-spacer-inner\"><\/div>\n\t\t<\/div>\n\t\t\t\t\t\t<\/div>\n\t\t\t\t<div class=\"elementor-element elementor-element-21543c25 elementor-widget elementor-widget-text-editor\" data-id=\"21543c25\" data-element_type=\"widget\" data-e-type=\"widget\" data-widget_type=\"text-editor.default\">\n\t\t\t\t\t\t\t\t\t<p class=\"p1\"><span class=\"s1\">Telefon +45 4716 0682<br>Mobil +45 4020 6216<br><\/span><span class=\"s1\">E-post <a href=\"mailto:hk@rwe.dk\">hk@rwe.dk<\/a><\/span><\/p>\t\t\t\t\t\t\t\t<\/div>\n\t\t\t\t<\/div>\n\t\t\t\t<\/div>\n\t\t\t\t<div class=\"elementor-element elementor-element-874a0f7 elementor-widget elementor-widget-spacer\" data-id=\"874a0f7\" data-element_type=\"widget\" data-e-type=\"widget\" data-widget_type=\"spacer.default\">\n\t\t\t\t\t\t\t<div class=\"elementor-spacer\">\n\t\t\t<div class=\"elementor-spacer-inner\"><\/div>\n\t\t<\/div>\n\t\t\t\t\t\t<\/div>\n\t\t\t\t<div class=\"elementor-element elementor-element-4c850926 elementor-widget-divider--view-line elementor-widget elementor-widget-divider\" data-id=\"4c850926\" data-element_type=\"widget\" data-e-type=\"widget\" data-widget_type=\"divider.default\">\n\t\t\t\t\t\t\t<div class=\"elementor-divider\">\n\t\t\t<span class=\"elementor-divider-separator\">\n\t\t\t\t\t\t<\/span>\n\t\t<\/div>\n\t\t\t\t\t\t<\/div>\n\t\t\t\t<\/div>\n\t\t\t\t\t<\/div>\n\t\t\t\t<\/div>\n\t\t\t\t<\/div>\n\t\t","protected":false},"excerpt":{"rendered":"<p>Kurser och utbildning Praktiska kurser i signalteknik Specialiserad utbildning med 30 \u00e5rs erfarenhet RWE utbildar tekniker, mont\u00f6rer och personal som arbetar med drift, installation och service. Vi utbildar i b\u00e5de elektroniska och rel\u00e4baserade anl\u00e4ggningar \u2013 med fokus p\u00e5 uppbyggnad, funktion, underh\u00e5ll, konfigurering och fels\u00f6kning. Alla utbildningar avslutas med test och kursintyg. Utbildningen genomf\u00f6rs i v\u00e5ra [&hellip;]<\/p>\n","protected":false},"author":2,"featured_media":0,"parent":2367,"menu_order":0,"comment_status":"closed","ping_status":"closed","template":"","meta":{"footnotes":""},"class_list":["post-2317","page","type-page","status-publish","hentry"],"_links":{"self":[{"href":"https:\/\/rwe.dk\/sv\/wp-json\/wp\/v2\/pages\/2317","targetHints":{"allow":["GET"]}}],"collection":[{"href":"https:\/\/rwe.dk\/sv\/wp-json\/wp\/v2\/pages"}],"about":[{"href":"https:\/\/rwe.dk\/sv\/wp-json\/wp\/v2\/types\/page"}],"author":[{"embeddable":true,"href":"https:\/\/rwe.dk\/sv\/wp-json\/wp\/v2\/users\/2"}],"replies":[{"embeddable":true,"href":"https:\/\/rwe.dk\/sv\/wp-json\/wp\/v2\/comments?post=2317"}],"version-history":[{"count":1,"href":"https:\/\/rwe.dk\/sv\/wp-json\/wp\/v2\/pages\/2317\/revisions"}],"predecessor-version":[{"id":2325,"href":"https:\/\/rwe.dk\/sv\/wp-json\/wp\/v2\/pages\/2317\/revisions\/2325"}],"up":[{"embeddable":true,"href":"https:\/\/rwe.dk\/sv\/wp-json\/wp\/v2\/pages\/2367"}],"wp:attachment":[{"href":"https:\/\/rwe.dk\/sv\/wp-json\/wp\/v2\/media?parent=2317"}],"curies":[{"name":"wp","href":"https:\/\/api.w.org\/{rel}","templated":true}]}}